{"id":880,"date":"2020-06-21T19:29:29","date_gmt":"2020-06-21T17:29:29","guid":{"rendered":"http:\/\/med-orto.pl\/?page_id=880"},"modified":"2020-06-28T09:08:24","modified_gmt":"2020-06-28T07:08:24","slug":"siedzisko-kapielowe-nawannowe-obracane-magda","status":"publish","type":"page","link":"https:\/\/med-orto.pl\/?page_id=880","title":{"rendered":"Siedzisko k\u0105pielowe, nawannowe, obracane MAGDA"},"content":{"rendered":"\t\t<div data-elementor-type=\"wp-page\" data-elementor-id=\"880\" class=\"elementor elementor-880\">\n\t\t\t\t\t\t<section class=\"elementor-section elementor-top-section elementor-element elementor-element-7f5b4018 elementor-section-boxed elementor-section-height-default elementor-section-height-default\" data-id=\"7f5b4018\" data-element_type=\"section\">\n\t\t\t\t\t\t<div class=\"elementor-container elementor-column-gap-default\">\n\t\t\t\t\t<div class=\"elementor-column elementor-col-100 elementor-top-column elementor-element elementor-element-4b02e32f\" data-id=\"4b02e32f\" data-element_type=\"column\">\n\t\t\t<div class=\"elementor-widget-wrap elementor-element-populated\">\n\t\t\t\t\t\t<div class=\"elementor-element elementor-element-9242f1d elementor-widget elementor-widget-image\" data-id=\"9242f1d\" data-element_type=\"widget\" data-widget_type=\"image.default\">\n\t\t\t\t<div class=\"elementor-widget-container\">\n\t\t\t\t\t\t\t\t\t\t\t\t\t\t\t\t<a href=\"http:\/\/med-orto.pl\/wp-content\/uploads\/2020\/06\/Siedzisko-k\u0105pielowe-nawannowe-obracane.jpg\" data-elementor-open-lightbox=\"yes\" data-elementor-lightbox-title=\"Siedzisko k\u0105pielowe, nawannowe, obracane\" data-e-action-hash=\"#elementor-action%3Aaction%3Dlightbox%26settings%3DeyJpZCI6OTkyLCJ1cmwiOiJodHRwczpcL1wvbWVkLW9ydG8ucGxcL3dwLWNvbnRlbnRcL3VwbG9hZHNcLzIwMjBcLzA2XC9TaWVkemlza28ta1x1MDEwNXBpZWxvd2UtbmF3YW5ub3dlLW9icmFjYW5lLmpwZyJ9\">\n\t\t\t\t\t\t\t<img fetchpriority=\"high\" decoding=\"async\" width=\"300\" height=\"249\" src=\"https:\/\/med-orto.pl\/wp-content\/uploads\/2020\/06\/Siedzisko-k\u0105pielowe-nawannowe-obracane-300x249.jpg\" class=\"attachment-medium size-medium wp-image-992\" alt=\"Siedzisko k\u0105pielowe, nawannowe, obracane\" \/>\t\t\t\t\t\t\t\t<\/a>\n\t\t\t\t\t\t\t\t\t\t\t\t\t\t\t<\/div>\n\t\t\t\t<\/div>\n\t\t\t\t\t<\/div>\n\t\t<\/div>\n\t\t\t\t\t<\/div>\n\t\t<\/section>\n\t\t\t\t<section class=\"elementor-section elementor-top-section elementor-element elementor-element-c8d01ae elementor-section-boxed elementor-section-height-default elementor-section-height-default\" data-id=\"c8d01ae\" data-element_type=\"section\">\n\t\t\t\t\t\t<div class=\"elementor-container elementor-column-gap-default\">\n\t\t\t\t\t<div class=\"elementor-column elementor-col-100 elementor-top-column elementor-element elementor-element-76b22b45\" data-id=\"76b22b45\" data-element_type=\"column\">\n\t\t\t<div class=\"elementor-widget-wrap elementor-element-populated\">\n\t\t\t\t\t\t<div class=\"elementor-element elementor-element-787b8537 elementor-widget elementor-widget-text-editor\" data-id=\"787b8537\" data-element_type=\"widget\" data-widget_type=\"text-editor.default\">\n\t\t\t\t<div class=\"elementor-widget-container\">\n\t\t\t\t\t\t\t\t\t<p>Obracane krzese\u0142ko nawannowe. Pomaga wygodnie usi\u0105\u015b\u0107 obr\u00f3ci\u0107 si\u0119 i wej\u015b\u0107 do wanny. Dedykowane osobom starszym , kt\u00f3re maj\u0105 problem z wej\u015bciem do wanny.<\/p><ul><li>szeroko\u015b\u0107: 73 cm,<\/li><li>g\u0142\u0119boko\u015b\u0107: 53 cm,<\/li><li>wysoko\u015b\u0107: 52 cm,<\/li><li>szeroko\u015b\u0107 siedziska:48 cm,<\/li><li>g\u0142\u0119boko. siedziska:38 cm,<\/li><li>wysoko\u015b\u0107 oparcia :34 cm,<\/li><li>wew. szer wanny :56 -66 cm,<\/li><li>Waga: 5,5 kg,<\/li><li>obci\u0105\u017cenie: 130kg.<\/li><\/ul>\t\t\t\t\t\t\t\t<\/div>\n\t\t\t\t<\/div>\n\t\t\t\t\t<\/div>\n\t\t<\/div>\n\t\t\t\t\t<\/div>\n\t\t<\/section>\n\t\t\t\t<section class=\"elementor-section elementor-top-section elementor-element elementor-element-cda3029 elementor-section-boxed elementor-section-height-default elementor-section-height-default\" data-id=\"cda3029\" data-element_type=\"section\">\n\t\t\t\t\t\t<div class=\"elementor-container elementor-column-gap-default\">\n\t\t\t\t\t<div class=\"elementor-column elementor-col-100 elementor-top-column elementor-element elementor-element-c056089\" data-id=\"c056089\" data-element_type=\"column\">\n\t\t\t<div class=\"elementor-widget-wrap elementor-element-populated\">\n\t\t\t\t\t\t<div class=\"elementor-element elementor-element-7558b1cc elementor-widget elementor-widget-spacer\" data-id=\"7558b1cc\" data-element_type=\"widget\" data-widget_type=\"spacer.default\">\n\t\t\t\t<div class=\"elementor-widget-container\">\n\t\t\t\t\t\t\t<div class=\"elementor-spacer\">\n\t\t\t<div class=\"elementor-spacer-inner\"><\/div>\n\t\t<\/div>\n\t\t\t\t\t\t<\/div>\n\t\t\t\t<\/div>\n\t\t\t\t\t<\/div>\n\t\t<\/div>\n\t\t\t\t\t<\/div>\n\t\t<\/section>\n\t\t\t\t<section class=\"elementor-section elementor-top-section elementor-element elementor-element-431805ef elementor-section-boxed elementor-section-height-default elementor-section-height-default\" data-id=\"431805ef\" data-element_type=\"section\">\n\t\t\t\t\t\t<div class=\"elementor-container elementor-column-gap-default\">\n\t\t\t\t\t<div class=\"elementor-column elementor-col-100 elementor-top-column elementor-element elementor-element-4eccfd65\" data-id=\"4eccfd65\" data-element_type=\"column\">\n\t\t\t<div class=\"elementor-widget-wrap elementor-element-populated\">\n\t\t\t\t\t\t\t<\/div>\n\t\t<\/div>\n\t\t\t\t\t<\/div>\n\t\t<\/section>\n\t\t\t\t<\/div>\n\t\t","protected":false},"excerpt":{"rendered":"<p>Obracane krzese\u0142ko nawannowe. Pomaga wygodnie usi\u0105\u015b\u0107 obr\u00f3ci\u0107 si\u0119 i wej\u015b\u0107 do wanny. Dedykowane osobom starszym , kt\u00f3re maj\u0105 problem z wej\u015bciem do wanny. szeroko\u015b\u0107: 73 cm, g\u0142\u0119boko\u015b\u0107: 53 cm, wysoko\u015b\u0107: 52 cm, szeroko\u015b\u0107 siedziska:48 cm, g\u0142\u0119boko. siedziska:38 cm, wysoko\u015b\u0107 oparcia :34 cm, wew. szer wanny :56 -66 cm, Waga: 5,5 kg, obci\u0105\u017cenie: 130kg.<\/p>\n","protected":false},"author":1,"featured_media":0,"parent":59,"menu_order":0,"comment_status":"closed","ping_status":"closed","template":"","meta":{"footnotes":""},"class_list":["post-880","page","type-page","status-publish","hentry"],"_links":{"self":[{"href":"https:\/\/med-orto.pl\/index.php?rest_route=\/wp\/v2\/pages\/880","targetHints":{"allow":["GET"]}}],"collection":[{"href":"https:\/\/med-orto.pl\/index.php?rest_route=\/wp\/v2\/pages"}],"about":[{"href":"https:\/\/med-orto.pl\/index.php?rest_route=\/wp\/v2\/types\/page"}],"author":[{"embeddable":true,"href":"https:\/\/med-orto.pl\/index.php?rest_route=\/wp\/v2\/users\/1"}],"replies":[{"embeddable":true,"href":"https:\/\/med-orto.pl\/index.php?rest_route=%2Fwp%2Fv2%2Fcomments&post=880"}],"version-history":[{"count":2,"href":"https:\/\/med-orto.pl\/index.php?rest_route=\/wp\/v2\/pages\/880\/revisions"}],"predecessor-version":[{"id":1032,"href":"https:\/\/med-orto.pl\/index.php?rest_route=\/wp\/v2\/pages\/880\/revisions\/1032"}],"up":[{"embeddable":true,"href":"https:\/\/med-orto.pl\/index.php?rest_route=\/wp\/v2\/pages\/59"}],"wp:attachment":[{"href":"https:\/\/med-orto.pl\/index.php?rest_route=%2Fwp%2Fv2%2Fmedia&parent=880"}],"curies":[{"name":"wp","href":"https:\/\/api.w.org\/{rel}","templated":true}]}}