{"id":856,"date":"2020-06-21T19:11:46","date_gmt":"2020-06-21T17:11:46","guid":{"rendered":"http:\/\/med-orto.pl\/?page_id=856"},"modified":"2020-06-26T22:18:32","modified_gmt":"2020-06-26T20:18:32","slug":"krzeslo-toaletowe-stacy","status":"publish","type":"page","link":"https:\/\/med-orto.pl\/?page_id=856","title":{"rendered":"Krzes\u0142o toaletowe Stacy"},"content":{"rendered":"\t\t<div data-elementor-type=\"wp-page\" data-elementor-id=\"856\" class=\"elementor elementor-856\">\n\t\t\t\t\t\t<section class=\"elementor-section elementor-top-section elementor-element elementor-element-584854cc elementor-section-boxed elementor-section-height-default elementor-section-height-default\" data-id=\"584854cc\" data-element_type=\"section\">\n\t\t\t\t\t\t<div class=\"elementor-container elementor-column-gap-default\">\n\t\t\t\t\t<div class=\"elementor-column elementor-col-100 elementor-top-column elementor-element elementor-element-5bd7c18f\" data-id=\"5bd7c18f\" data-element_type=\"column\">\n\t\t\t<div class=\"elementor-widget-wrap elementor-element-populated\">\n\t\t\t\t\t\t<div class=\"elementor-element elementor-element-5ebdbd1c elementor-widget elementor-widget-image\" data-id=\"5ebdbd1c\" data-element_type=\"widget\" data-widget_type=\"image.default\">\n\t\t\t\t<div class=\"elementor-widget-container\">\n\t\t\t\t\t\t\t\t\t\t\t\t\t\t\t\t<a href=\"http:\/\/med-orto.pl\/wp-content\/uploads\/2020\/06\/STACY.jpg\" data-elementor-open-lightbox=\"yes\" data-elementor-lightbox-title=\"STACY\" data-e-action-hash=\"#elementor-action%3Aaction%3Dlightbox%26settings%3DeyJpZCI6OTkzLCJ1cmwiOiJodHRwczpcL1wvbWVkLW9ydG8ucGxcL3dwLWNvbnRlbnRcL3VwbG9hZHNcLzIwMjBcLzA2XC9TVEFDWS5qcGcifQ%3D%3D\">\n\t\t\t\t\t\t\t<img fetchpriority=\"high\" decoding=\"async\" width=\"200\" height=\"300\" src=\"https:\/\/med-orto.pl\/wp-content\/uploads\/2020\/06\/STACY-200x300.jpg\" class=\"attachment-medium size-medium wp-image-993\" alt=\"STACY Krzes\u0142o toaletowe\" \/>\t\t\t\t\t\t\t\t<\/a>\n\t\t\t\t\t\t\t\t\t\t\t\t\t\t\t<\/div>\n\t\t\t\t<\/div>\n\t\t\t\t\t<\/div>\n\t\t<\/div>\n\t\t\t\t\t<\/div>\n\t\t<\/section>\n\t\t\t\t<section class=\"elementor-section elementor-top-section elementor-element elementor-element-4339a5c2 elementor-section-boxed elementor-section-height-default elementor-section-height-default\" data-id=\"4339a5c2\" data-element_type=\"section\">\n\t\t\t\t\t\t<div class=\"elementor-container elementor-column-gap-default\">\n\t\t\t\t\t<div class=\"elementor-column elementor-col-100 elementor-top-column elementor-element elementor-element-7a2daaf\" data-id=\"7a2daaf\" data-element_type=\"column\">\n\t\t\t<div class=\"elementor-widget-wrap elementor-element-populated\">\n\t\t\t\t\t\t<div class=\"elementor-element elementor-element-cae4e1f elementor-widget elementor-widget-text-editor\" data-id=\"cae4e1f\" data-element_type=\"widget\" data-widget_type=\"text-editor.default\">\n\t\t\t\t<div class=\"elementor-widget-container\">\n\t\t\t\t\t\t\t\t\t<p>Taboret toaletowy . Odchylane pod\u0142okietniki. Wyci\u0105gany pojemnik sanitarny.<\/p><ul><li>Szeroko\u015b\u0107: 57 cm,<\/li><li>g\u0142\u0119boko\u015b\u0107: 51 cm,<\/li><li>wysoko\u015b\u0107 (przy zamkni\u0119tej pokrywie): 64 cm,<\/li><li>wysoko\u015b\u0107 pokrywy: 38 cm,<\/li><li>wysoko\u015b\u0107 pod\u0142okietnik\u00f3w: 23cm,<\/li><li>szeroko\u015b\u0107 siedziska: 45cm,<\/li><li>wysoko\u015b\u0107 siedziska: 43cm,<\/li><li>regulacja n\u00f3g: 15 cm,<\/li><li>waga: 8,6 kg,<\/li><li>waga u\u017cytkownika: 130 kg.<\/li><\/ul>\t\t\t\t\t\t\t\t<\/div>\n\t\t\t\t<\/div>\n\t\t\t\t\t<\/div>\n\t\t<\/div>\n\t\t\t\t\t<\/div>\n\t\t<\/section>\n\t\t\t\t<section class=\"elementor-section elementor-top-section elementor-element elementor-element-43a6c4f1 elementor-section-boxed elementor-section-height-default elementor-section-height-default\" data-id=\"43a6c4f1\" data-element_type=\"section\">\n\t\t\t\t\t\t<div class=\"elementor-container elementor-column-gap-default\">\n\t\t\t\t\t<div class=\"elementor-column elementor-col-100 elementor-top-column elementor-element elementor-element-7a684a78\" data-id=\"7a684a78\" data-element_type=\"column\">\n\t\t\t<div class=\"elementor-widget-wrap elementor-element-populated\">\n\t\t\t\t\t\t<div class=\"elementor-element elementor-element-696ce731 elementor-widget elementor-widget-spacer\" data-id=\"696ce731\" data-element_type=\"widget\" data-widget_type=\"spacer.default\">\n\t\t\t\t<div class=\"elementor-widget-container\">\n\t\t\t\t\t\t\t<div class=\"elementor-spacer\">\n\t\t\t<div class=\"elementor-spacer-inner\"><\/div>\n\t\t<\/div>\n\t\t\t\t\t\t<\/div>\n\t\t\t\t<\/div>\n\t\t\t\t\t<\/div>\n\t\t<\/div>\n\t\t\t\t\t<\/div>\n\t\t<\/section>\n\t\t\t\t<section class=\"elementor-section elementor-top-section elementor-element elementor-element-3fb08394 elementor-section-boxed elementor-section-height-default elementor-section-height-default\" data-id=\"3fb08394\" data-element_type=\"section\">\n\t\t\t\t\t\t<div class=\"elementor-container elementor-column-gap-default\">\n\t\t\t\t\t<div class=\"elementor-column elementor-col-100 elementor-top-column elementor-element elementor-element-f8a3f6d\" data-id=\"f8a3f6d\" data-element_type=\"column\">\n\t\t\t<div class=\"elementor-widget-wrap elementor-element-populated\">\n\t\t\t\t\t\t\t<\/div>\n\t\t<\/div>\n\t\t\t\t\t<\/div>\n\t\t<\/section>\n\t\t\t\t<\/div>\n\t\t","protected":false},"excerpt":{"rendered":"<p>Taboret toaletowy . Odchylane pod\u0142okietniki. Wyci\u0105gany pojemnik sanitarny. Szeroko\u015b\u0107: 57 cm, g\u0142\u0119boko\u015b\u0107: 51 cm, wysoko\u015b\u0107 (przy zamkni\u0119tej pokrywie): 64 cm, wysoko\u015b\u0107 pokrywy: 38 cm, wysoko\u015b\u0107 pod\u0142okietnik\u00f3w: 23cm, szeroko\u015b\u0107 siedziska: 45cm, wysoko\u015b\u0107 siedziska: 43cm, regulacja n\u00f3g: 15 cm, waga: 8,6 kg, waga u\u017cytkownika: 130 kg.<\/p>\n","protected":false},"author":1,"featured_media":0,"parent":59,"menu_order":0,"comment_status":"closed","ping_status":"closed","template":"","meta":{"footnotes":""},"class_list":["post-856","page","type-page","status-publish","hentry"],"_links":{"self":[{"href":"https:\/\/med-orto.pl\/index.php?rest_route=\/wp\/v2\/pages\/856","targetHints":{"allow":["GET"]}}],"collection":[{"href":"https:\/\/med-orto.pl\/index.php?rest_route=\/wp\/v2\/pages"}],"about":[{"href":"https:\/\/med-orto.pl\/index.php?rest_route=\/wp\/v2\/types\/page"}],"author":[{"embeddable":true,"href":"https:\/\/med-orto.pl\/index.php?rest_route=\/wp\/v2\/users\/1"}],"replies":[{"embeddable":true,"href":"https:\/\/med-orto.pl\/index.php?rest_route=%2Fwp%2Fv2%2Fcomments&post=856"}],"version-history":[{"count":2,"href":"https:\/\/med-orto.pl\/index.php?rest_route=\/wp\/v2\/pages\/856\/revisions"}],"predecessor-version":[{"id":1018,"href":"https:\/\/med-orto.pl\/index.php?rest_route=\/wp\/v2\/pages\/856\/revisions\/1018"}],"up":[{"embeddable":true,"href":"https:\/\/med-orto.pl\/index.php?rest_route=\/wp\/v2\/pages\/59"}],"wp:attachment":[{"href":"https:\/\/med-orto.pl\/index.php?rest_route=%2Fwp%2Fv2%2Fmedia&parent=856"}],"curies":[{"name":"wp","href":"https:\/\/api.w.org\/{rel}","templated":true}]}}