{"id":561,"date":"2020-06-16T20:36:11","date_gmt":"2020-06-16T18:36:11","guid":{"rendered":"http:\/\/med-orto.pl\/?page_id=561"},"modified":"2020-07-20T20:27:24","modified_gmt":"2020-07-20T18:27:24","slug":"microair-u100","status":"publish","type":"page","link":"https:\/\/med-orto.pl\/?page_id=561","title":{"rendered":"MicroAir U100"},"content":{"rendered":"\t\t<div data-elementor-type=\"wp-page\" data-elementor-id=\"561\" class=\"elementor elementor-561\">\n\t\t\t\t\t\t<section class=\"elementor-section elementor-top-section elementor-element elementor-element-fee2434 elementor-section-boxed elementor-section-height-default elementor-section-height-default\" data-id=\"fee2434\" data-element_type=\"section\">\n\t\t\t\t\t\t<div class=\"elementor-container elementor-column-gap-default\">\n\t\t\t\t\t<div class=\"elementor-column elementor-col-100 elementor-top-column elementor-element elementor-element-462b2500\" data-id=\"462b2500\" data-element_type=\"column\">\n\t\t\t<div class=\"elementor-widget-wrap elementor-element-populated\">\n\t\t\t\t\t\t<div class=\"elementor-element elementor-element-52d4dfeb elementor-widget elementor-widget-image\" data-id=\"52d4dfeb\" data-element_type=\"widget\" data-widget_type=\"image.default\">\n\t\t\t\t<div class=\"elementor-widget-container\">\n\t\t\t\t\t\t\t\t\t\t\t\t\t\t\t\t<a href=\"http:\/\/med-orto.pl\/wp-content\/uploads\/2020\/06\/MicroAir-U100.jpg\" data-elementor-open-lightbox=\"yes\" data-elementor-lightbox-title=\"MicroAir U100\" data-e-action-hash=\"#elementor-action%3Aaction%3Dlightbox%26settings%3DeyJpZCI6NjA4LCJ1cmwiOiJodHRwczpcL1wvbWVkLW9ydG8ucGxcL3dwLWNvbnRlbnRcL3VwbG9hZHNcLzIwMjBcLzA2XC9NaWNyb0Fpci1VMTAwLmpwZyJ9\">\n\t\t\t\t\t\t\t<img fetchpriority=\"high\" decoding=\"async\" width=\"300\" height=\"300\" src=\"https:\/\/med-orto.pl\/wp-content\/uploads\/2020\/06\/MicroAir-U100-300x300.jpg\" class=\"attachment-medium size-medium wp-image-608\" alt=\"inhalator MicroAir U100\" \/>\t\t\t\t\t\t\t\t<\/a>\n\t\t\t\t\t\t\t\t\t\t\t\t\t\t\t<\/div>\n\t\t\t\t<\/div>\n\t\t\t\t\t<\/div>\n\t\t<\/div>\n\t\t\t\t\t<\/div>\n\t\t<\/section>\n\t\t\t\t<section class=\"elementor-section elementor-top-section elementor-element elementor-element-106c1228 elementor-section-boxed elementor-section-height-default elementor-section-height-default\" data-id=\"106c1228\" data-element_type=\"section\">\n\t\t\t\t\t\t<div class=\"elementor-container elementor-column-gap-default\">\n\t\t\t\t\t<div class=\"elementor-column elementor-col-100 elementor-top-column elementor-element elementor-element-62f647a5\" data-id=\"62f647a5\" data-element_type=\"column\">\n\t\t\t<div class=\"elementor-widget-wrap elementor-element-populated\">\n\t\t\t\t\t\t<div class=\"elementor-element elementor-element-76301cf elementor-widget elementor-widget-text-editor\" data-id=\"76301cf\" data-element_type=\"widget\" data-widget_type=\"text-editor.default\">\n\t\t\t\t<div class=\"elementor-widget-container\">\n\t\t\t\t\t\t\t\t\t<p>OMRON MicroAIR U100 to ma\u0142y, przeno\u015bny nebulizator pozwalaj\u0105cy na skuteczne leczenie chor\u00f3b dr\u00f3g oddechowych od zwyk\u0142ego kaszlu po astm\u0119.<\/p><p>Tradycyjne nebulizatory s\u0105 z regu\u0142y du\u017ce i g\u0142o\u015bne, a ponadto wymagaj\u0105 zewn\u0119trznego \u017ar\u00f3d\u0142a zasilania, co mo\u017ce pokrzy\u017cowa\u0107 plany sp\u0119dzenia dnia na \u015bwie\u017cym powietrzu.<\/p><p>Nasze urz\u0105dzenie jest w stanie zapewni\u0107 ulg\u0119 nawet w podr\u00f3\u017cy. Zasilany bateriami nebulizator MicroAIR U100 ma kompaktowe rozmiary, a ponadto jest \u0142atwy w transporcie i wygodny w obs\u0142udze. Innowacyjna technologia siateczkowa zwi\u0119ksza wydajno\u015b\u0107<sup>1<\/sup>\u00a0i wygod\u0119 obs\u0142ugi w por\u00f3wnaniu z tradycyjnymi nebulizatorami. Urz\u0105dzenie jest niemal bezg\u0142o\u015bne i mo\u017cna go u\u017cywa\u0107 w praktycznie ka\u017cdej pozycji, w tym na le\u017c\u0105co, co u\u0142atwia stosowanie go u ma\u0142ych dzieci.<\/p>\t\t\t\t\t\t\t\t<\/div>\n\t\t\t\t<\/div>\n\t\t\t\t\t<\/div>\n\t\t<\/div>\n\t\t\t\t\t<\/div>\n\t\t<\/section>\n\t\t\t\t<section class=\"elementor-section elementor-top-section elementor-element elementor-element-12af6326 elementor-section-boxed elementor-section-height-default elementor-section-height-default\" data-id=\"12af6326\" data-element_type=\"section\">\n\t\t\t\t\t\t<div class=\"elementor-container elementor-column-gap-default\">\n\t\t\t\t\t<div class=\"elementor-column elementor-col-100 elementor-top-column elementor-element elementor-element-130d5085\" data-id=\"130d5085\" data-element_type=\"column\">\n\t\t\t<div class=\"elementor-widget-wrap elementor-element-populated\">\n\t\t\t\t\t\t<div class=\"elementor-element elementor-element-35d7eb44 elementor-widget elementor-widget-spacer\" data-id=\"35d7eb44\" data-element_type=\"widget\" data-widget_type=\"spacer.default\">\n\t\t\t\t<div class=\"elementor-widget-container\">\n\t\t\t\t\t\t\t<div class=\"elementor-spacer\">\n\t\t\t<div class=\"elementor-spacer-inner\"><\/div>\n\t\t<\/div>\n\t\t\t\t\t\t<\/div>\n\t\t\t\t<\/div>\n\t\t\t\t\t<\/div>\n\t\t<\/div>\n\t\t\t\t\t<\/div>\n\t\t<\/section>\n\t\t\t\t<section class=\"elementor-section elementor-top-section elementor-element elementor-element-7e829e58 elementor-section-boxed elementor-section-height-default elementor-section-height-default\" data-id=\"7e829e58\" data-element_type=\"section\">\n\t\t\t\t\t\t<div class=\"elementor-container elementor-column-gap-default\">\n\t\t\t\t\t<div class=\"elementor-column elementor-col-100 elementor-top-column elementor-element elementor-element-2ba04001\" data-id=\"2ba04001\" data-element_type=\"column\">\n\t\t\t<div class=\"elementor-widget-wrap elementor-element-populated\">\n\t\t\t\t\t\t<div class=\"elementor-element elementor-element-540991bb elementor-widget elementor-widget-spacer\" data-id=\"540991bb\" data-element_type=\"widget\" data-widget_type=\"spacer.default\">\n\t\t\t\t<div class=\"elementor-widget-container\">\n\t\t\t\t\t\t\t<div class=\"elementor-spacer\">\n\t\t\t<div class=\"elementor-spacer-inner\"><\/div>\n\t\t<\/div>\n\t\t\t\t\t\t<\/div>\n\t\t\t\t<\/div>\n\t\t\t\t\t<\/div>\n\t\t<\/div>\n\t\t\t\t\t<\/div>\n\t\t<\/section>\n\t\t\t\t<\/div>\n\t\t","protected":false},"excerpt":{"rendered":"<p>OMRON MicroAIR U100 to ma\u0142y, przeno\u015bny nebulizator pozwalaj\u0105cy na skuteczne leczenie chor\u00f3b dr\u00f3g oddechowych od zwyk\u0142ego kaszlu po astm\u0119. Tradycyjne nebulizatory s\u0105 z regu\u0142y du\u017ce i g\u0142o\u015bne, a ponadto wymagaj\u0105 zewn\u0119trznego \u017ar\u00f3d\u0142a zasilania, co mo\u017ce pokrzy\u017cowa\u0107 plany sp\u0119dzenia dnia na \u015bwie\u017cym powietrzu. Nasze urz\u0105dzenie jest w stanie zapewni\u0107 ulg\u0119 nawet w podr\u00f3\u017cy. Zasilany bateriami nebulizator MicroAIR U100 ma kompaktowe rozmiary, a ponadto jest \u0142atwy w transporcie i wygodny w obs\u0142udze. Innowacyjna technologia siateczkowa zwi\u0119ksza wydajno\u015b\u01071&nbsp;i wygod\u0119 obs\u0142ugi w por\u00f3wnaniu z tradycyjnymi nebulizatorami. Urz\u0105dzenie jest niemal bezg\u0142o\u015bne i mo\u017cna go u\u017cywa\u0107&hellip;<\/p>\n","protected":false},"author":1,"featured_media":0,"parent":0,"menu_order":0,"comment_status":"closed","ping_status":"closed","template":"","meta":{"footnotes":""},"class_list":["post-561","page","type-page","status-publish","hentry"],"_links":{"self":[{"href":"https:\/\/med-orto.pl\/index.php?rest_route=\/wp\/v2\/pages\/561","targetHints":{"allow":["GET"]}}],"collection":[{"href":"https:\/\/med-orto.pl\/index.php?rest_route=\/wp\/v2\/pages"}],"about":[{"href":"https:\/\/med-orto.pl\/index.php?rest_route=\/wp\/v2\/types\/page"}],"author":[{"embeddable":true,"href":"https:\/\/med-orto.pl\/index.php?rest_route=\/wp\/v2\/users\/1"}],"replies":[{"embeddable":true,"href":"https:\/\/med-orto.pl\/index.php?rest_route=%2Fwp%2Fv2%2Fcomments&post=561"}],"version-history":[{"count":3,"href":"https:\/\/med-orto.pl\/index.php?rest_route=\/wp\/v2\/pages\/561\/revisions"}],"predecessor-version":[{"id":1838,"href":"https:\/\/med-orto.pl\/index.php?rest_route=\/wp\/v2\/pages\/561\/revisions\/1838"}],"wp:attachment":[{"href":"https:\/\/med-orto.pl\/index.php?rest_route=%2Fwp%2Fv2%2Fmedia&parent=561"}],"curies":[{"name":"wp","href":"https:\/\/api.w.org\/{rel}","templated":true}]}}