{"id":559,"date":"2020-06-16T20:35:25","date_gmt":"2020-06-16T18:35:25","guid":{"rendered":"http:\/\/med-orto.pl\/?page_id=559"},"modified":"2020-06-17T19:51:01","modified_gmt":"2020-06-17T17:51:01","slug":"diagnostic-kids","status":"publish","type":"page","link":"https:\/\/med-orto.pl\/?page_id=559","title":{"rendered":"Diagnostic Kids"},"content":{"rendered":"\t\t<div data-elementor-type=\"wp-page\" data-elementor-id=\"559\" class=\"elementor elementor-559\">\n\t\t\t\t\t\t<section class=\"elementor-section elementor-top-section elementor-element elementor-element-4335fcef elementor-section-boxed elementor-section-height-default elementor-section-height-default\" data-id=\"4335fcef\" data-element_type=\"section\">\n\t\t\t\t\t\t<div class=\"elementor-container elementor-column-gap-default\">\n\t\t\t\t\t<div class=\"elementor-column elementor-col-100 elementor-top-column elementor-element elementor-element-4ca0ff6c\" data-id=\"4ca0ff6c\" data-element_type=\"column\">\n\t\t\t<div class=\"elementor-widget-wrap elementor-element-populated\">\n\t\t\t\t\t\t<div class=\"elementor-element elementor-element-21f8d7c1 elementor-widget elementor-widget-image\" data-id=\"21f8d7c1\" data-element_type=\"widget\" data-widget_type=\"image.default\">\n\t\t\t\t<div class=\"elementor-widget-container\">\n\t\t\t\t\t\t\t\t\t\t\t\t\t\t\t\t<a href=\"http:\/\/med-orto.pl\/wp-content\/uploads\/2020\/06\/Diagnostic-Kids.jpg\" data-elementor-open-lightbox=\"yes\" data-elementor-lightbox-title=\"Diagnostic Kids\" data-e-action-hash=\"#elementor-action%3Aaction%3Dlightbox%26settings%3DeyJpZCI6NTk0LCJ1cmwiOiJodHRwczpcL1wvbWVkLW9ydG8ucGxcL3dwLWNvbnRlbnRcL3VwbG9hZHNcLzIwMjBcLzA2XC9EaWFnbm9zdGljLUtpZHMuanBnIn0%3D\">\n\t\t\t\t\t\t\t<img fetchpriority=\"high\" decoding=\"async\" width=\"300\" height=\"300\" src=\"https:\/\/med-orto.pl\/wp-content\/uploads\/2020\/06\/Diagnostic-Kids-300x300.jpg\" class=\"attachment-medium size-medium wp-image-594\" alt=\"Inhalator Diagnostic Kids\" \/>\t\t\t\t\t\t\t\t<\/a>\n\t\t\t\t\t\t\t\t\t\t\t\t\t\t\t<\/div>\n\t\t\t\t<\/div>\n\t\t\t\t\t<\/div>\n\t\t<\/div>\n\t\t\t\t\t<\/div>\n\t\t<\/section>\n\t\t\t\t<section class=\"elementor-section elementor-top-section elementor-element elementor-element-1b1dcc44 elementor-section-boxed elementor-section-height-default elementor-section-height-default\" data-id=\"1b1dcc44\" data-element_type=\"section\">\n\t\t\t\t\t\t<div class=\"elementor-container elementor-column-gap-default\">\n\t\t\t\t\t<div class=\"elementor-column elementor-col-100 elementor-top-column elementor-element elementor-element-5ab3d9cf\" data-id=\"5ab3d9cf\" data-element_type=\"column\">\n\t\t\t<div class=\"elementor-widget-wrap elementor-element-populated\">\n\t\t\t\t\t\t<div class=\"elementor-element elementor-element-1ba50df0 elementor-widget elementor-widget-text-editor\" data-id=\"1ba50df0\" data-element_type=\"widget\" data-widget_type=\"text-editor.default\">\n\t\t\t\t<div class=\"elementor-widget-container\">\n\t\t\t\t\t\t\t\t\t<p><strong>Cechy produktu:<\/strong><\/p>\t\t\t\t\t\t\t\t<\/div>\n\t\t\t\t<\/div>\n\t\t\t\t\t<\/div>\n\t\t<\/div>\n\t\t\t\t\t<\/div>\n\t\t<\/section>\n\t\t\t\t<section class=\"elementor-section elementor-top-section elementor-element elementor-element-a833b7a elementor-section-boxed elementor-section-height-default elementor-section-height-default\" data-id=\"a833b7a\" data-element_type=\"section\">\n\t\t\t\t\t\t<div class=\"elementor-container elementor-column-gap-default\">\n\t\t\t\t\t<div class=\"elementor-column elementor-col-100 elementor-top-column elementor-element elementor-element-712bca72\" data-id=\"712bca72\" data-element_type=\"column\">\n\t\t\t<div class=\"elementor-widget-wrap elementor-element-populated\">\n\t\t\t\t\t\t<div class=\"elementor-element elementor-element-5fabc3a5 elementor-widget elementor-widget-text-editor\" data-id=\"5fabc3a5\" data-element_type=\"widget\" data-widget_type=\"text-editor.default\">\n\t\t\t\t<div class=\"elementor-widget-container\">\n\t\t\t\t\t\t\t\t\t<ul><li>superwydajny kompresor t\u0142okowy<\/li><li><strong>przeznaczony do\u00a0<\/strong>pracy ci\u0105g\u0142ej<\/li><li>wyposa\u017cony w innowacyjny nebulizator z regulacj\u0105 wielko\u015bci cz\u0105steczek i mo\u017cliwo\u015bci\u0105 pracy w przechyle<\/li><li>bogate wyposa\u017cenie: maseczka dzieci\u0119ca i dla doros\u0142ych,<br \/>widelce nosowe du\u017cy i ma\u0142y, ustnik, filtr powietrza, naklejki, praktyczna torba<\/li><li>idealny do zwalczania przezi\u0119bie\u0144, kataru, uci\u0105\u017cliwego kaszlu, alergii, zapalenia oskrzeli, oskrzelik\u00f3w, zapalenia p\u0142uc, astmy.<\/li><li>GWARANCJA \u2013 5 lat<\/li><\/ul>\t\t\t\t\t\t\t\t<\/div>\n\t\t\t\t<\/div>\n\t\t\t\t\t<\/div>\n\t\t<\/div>\n\t\t\t\t\t<\/div>\n\t\t<\/section>\n\t\t\t\t<section class=\"elementor-section elementor-top-section elementor-element elementor-element-49ed18b1 elementor-section-boxed elementor-section-height-default elementor-section-height-default\" data-id=\"49ed18b1\" data-element_type=\"section\">\n\t\t\t\t\t\t<div class=\"elementor-container elementor-column-gap-default\">\n\t\t\t\t\t<div class=\"elementor-column elementor-col-100 elementor-top-column elementor-element elementor-element-3d01e097\" data-id=\"3d01e097\" data-element_type=\"column\">\n\t\t\t<div class=\"elementor-widget-wrap elementor-element-populated\">\n\t\t\t\t\t\t<div class=\"elementor-element elementor-element-71952557 elementor-widget elementor-widget-spacer\" data-id=\"71952557\" data-element_type=\"widget\" data-widget_type=\"spacer.default\">\n\t\t\t\t<div class=\"elementor-widget-container\">\n\t\t\t\t\t\t\t<div class=\"elementor-spacer\">\n\t\t\t<div class=\"elementor-spacer-inner\"><\/div>\n\t\t<\/div>\n\t\t\t\t\t\t<\/div>\n\t\t\t\t<\/div>\n\t\t\t\t\t<\/div>\n\t\t<\/div>\n\t\t\t\t\t<\/div>\n\t\t<\/section>\n\t\t\t\t<section class=\"elementor-section elementor-top-section elementor-element elementor-element-40741f6a elementor-section-boxed elementor-section-height-default elementor-section-height-default\" data-id=\"40741f6a\" data-element_type=\"section\">\n\t\t\t\t\t\t<div class=\"elementor-container elementor-column-gap-default\">\n\t\t\t\t\t<div class=\"elementor-column elementor-col-100 elementor-top-column elementor-element elementor-element-3a19d2c5\" data-id=\"3a19d2c5\" data-element_type=\"column\">\n\t\t\t<div class=\"elementor-widget-wrap elementor-element-populated\">\n\t\t\t\t\t\t\t<\/div>\n\t\t<\/div>\n\t\t\t\t\t<\/div>\n\t\t<\/section>\n\t\t\t\t<\/div>\n\t\t","protected":false},"excerpt":{"rendered":"<p>Cechy produktu: superwydajny kompresor t\u0142okowy przeznaczony do\u00a0pracy ci\u0105g\u0142ej wyposa\u017cony w innowacyjny nebulizator z regulacj\u0105 wielko\u015bci cz\u0105steczek i mo\u017cliwo\u015bci\u0105 pracy w przechyle bogate wyposa\u017cenie: maseczka dzieci\u0119ca i dla doros\u0142ych,widelce nosowe du\u017cy i ma\u0142y, ustnik, filtr powietrza, naklejki, praktyczna torba idealny do zwalczania przezi\u0119bie\u0144, kataru, uci\u0105\u017cliwego kaszlu, alergii, zapalenia oskrzeli, oskrzelik\u00f3w, zapalenia p\u0142uc, astmy. GWARANCJA \u2013 5 lat<\/p>\n","protected":false},"author":1,"featured_media":0,"parent":65,"menu_order":0,"comment_status":"closed","ping_status":"closed","template":"","meta":{"footnotes":""},"class_list":["post-559","page","type-page","status-publish","hentry"],"_links":{"self":[{"href":"https:\/\/med-orto.pl\/index.php?rest_route=\/wp\/v2\/pages\/559","targetHints":{"allow":["GET"]}}],"collection":[{"href":"https:\/\/med-orto.pl\/index.php?rest_route=\/wp\/v2\/pages"}],"about":[{"href":"https:\/\/med-orto.pl\/index.php?rest_route=\/wp\/v2\/types\/page"}],"author":[{"embeddable":true,"href":"https:\/\/med-orto.pl\/index.php?rest_route=\/wp\/v2\/users\/1"}],"replies":[{"embeddable":true,"href":"https:\/\/med-orto.pl\/index.php?rest_route=%2Fwp%2Fv2%2Fcomments&post=559"}],"version-history":[{"count":2,"href":"https:\/\/med-orto.pl\/index.php?rest_route=\/wp\/v2\/pages\/559\/revisions"}],"predecessor-version":[{"id":659,"href":"https:\/\/med-orto.pl\/index.php?rest_route=\/wp\/v2\/pages\/559\/revisions\/659"}],"up":[{"embeddable":true,"href":"https:\/\/med-orto.pl\/index.php?rest_route=\/wp\/v2\/pages\/65"}],"wp:attachment":[{"href":"https:\/\/med-orto.pl\/index.php?rest_route=%2Fwp%2Fv2%2Fmedia&parent=559"}],"curies":[{"name":"wp","href":"https:\/\/api.w.org\/{rel}","templated":true}]}}