{"id":557,"date":"2020-06-16T20:11:32","date_gmt":"2020-06-16T18:11:32","guid":{"rendered":"http:\/\/med-orto.pl\/?page_id=557"},"modified":"2020-06-17T19:49:55","modified_gmt":"2020-06-17T17:49:55","slug":"inhalator-diagnostic-nano","status":"publish","type":"page","link":"https:\/\/med-orto.pl\/?page_id=557","title":{"rendered":"Inhalator Diagnostic Nano"},"content":{"rendered":"\t\t<div data-elementor-type=\"wp-page\" data-elementor-id=\"557\" class=\"elementor elementor-557\">\n\t\t\t\t\t\t<section class=\"elementor-section elementor-top-section elementor-element elementor-element-226e6e6e elementor-section-boxed elementor-section-height-default elementor-section-height-default\" data-id=\"226e6e6e\" data-element_type=\"section\">\n\t\t\t\t\t\t<div class=\"elementor-container elementor-column-gap-default\">\n\t\t\t\t\t<div class=\"elementor-column elementor-col-100 elementor-top-column elementor-element elementor-element-71d3b601\" data-id=\"71d3b601\" data-element_type=\"column\">\n\t\t\t<div class=\"elementor-widget-wrap elementor-element-populated\">\n\t\t\t\t\t\t<div class=\"elementor-element elementor-element-6f994a8d elementor-widget elementor-widget-image\" data-id=\"6f994a8d\" data-element_type=\"widget\" data-widget_type=\"image.default\">\n\t\t\t\t<div class=\"elementor-widget-container\">\n\t\t\t\t\t\t\t\t\t\t\t\t\t\t\t\t<a href=\"http:\/\/med-orto.pl\/wp-content\/uploads\/2020\/06\/Inhalator-Diagnostic-Nano.jpg\" data-elementor-open-lightbox=\"yes\" data-elementor-lightbox-title=\"Inhalator Diagnostic Nano\" data-e-action-hash=\"#elementor-action%3Aaction%3Dlightbox%26settings%3DeyJpZCI6NTk5LCJ1cmwiOiJodHRwczpcL1wvbWVkLW9ydG8ucGxcL3dwLWNvbnRlbnRcL3VwbG9hZHNcLzIwMjBcLzA2XC9JbmhhbGF0b3ItRGlhZ25vc3RpYy1OYW5vLmpwZyJ9\">\n\t\t\t\t\t\t\t<img fetchpriority=\"high\" decoding=\"async\" width=\"300\" height=\"300\" src=\"https:\/\/med-orto.pl\/wp-content\/uploads\/2020\/06\/Inhalator-Diagnostic-Nano-300x300.jpg\" class=\"attachment-medium size-medium wp-image-599\" alt=\"Inhalator Diagnostic Nano\" \/>\t\t\t\t\t\t\t\t<\/a>\n\t\t\t\t\t\t\t\t\t\t\t\t\t\t\t<\/div>\n\t\t\t\t<\/div>\n\t\t\t\t\t<\/div>\n\t\t<\/div>\n\t\t\t\t\t<\/div>\n\t\t<\/section>\n\t\t\t\t<section class=\"elementor-section elementor-top-section elementor-element elementor-element-3b333373 elementor-section-boxed elementor-section-height-default elementor-section-height-default\" data-id=\"3b333373\" data-element_type=\"section\">\n\t\t\t\t\t\t<div class=\"elementor-container elementor-column-gap-default\">\n\t\t\t\t\t<div class=\"elementor-column elementor-col-100 elementor-top-column elementor-element elementor-element-2ff2271c\" data-id=\"2ff2271c\" data-element_type=\"column\">\n\t\t\t<div class=\"elementor-widget-wrap elementor-element-populated\">\n\t\t\t\t\t\t<div class=\"elementor-element elementor-element-2d368869 elementor-widget elementor-widget-text-editor\" data-id=\"2d368869\" data-element_type=\"widget\" data-widget_type=\"text-editor.default\">\n\t\t\t\t<div class=\"elementor-widget-container\">\n\t\t\t\t\t\t\t\t\t<p><strong>Cechy produktu:<\/strong><\/p>\t\t\t\t\t\t\t\t<\/div>\n\t\t\t\t<\/div>\n\t\t\t\t\t<\/div>\n\t\t<\/div>\n\t\t\t\t\t<\/div>\n\t\t<\/section>\n\t\t\t\t<section class=\"elementor-section elementor-top-section elementor-element elementor-element-36858e9e elementor-section-boxed elementor-section-height-default elementor-section-height-default\" data-id=\"36858e9e\" data-element_type=\"section\">\n\t\t\t\t\t\t<div class=\"elementor-container elementor-column-gap-default\">\n\t\t\t\t\t<div class=\"elementor-column elementor-col-100 elementor-top-column elementor-element elementor-element-4380c030\" data-id=\"4380c030\" data-element_type=\"column\">\n\t\t\t<div class=\"elementor-widget-wrap elementor-element-populated\">\n\t\t\t\t\t\t<div class=\"elementor-element elementor-element-2fe793b7 elementor-widget elementor-widget-text-editor\" data-id=\"2fe793b7\" data-element_type=\"widget\" data-widget_type=\"text-editor.default\">\n\t\t\t\t<div class=\"elementor-widget-container\">\n\t\t\t\t\t\t\t\t\t<ul><li>Kompaktowy, lekki \u0142atwy w u\u017cyciu<\/li><li>\u015arednia wielko\u015b\u0107 cz\u0105steczki 2,44 microna<\/li><li>Gwarantuje szybki proces inhalacji<\/li><li>Zapewnia optymalne wykorzystanie leku<\/li><li>Bardzo cicha praca inhalatora<\/li><li>Bogate wyposa\u017cenie: maseczka dzieci\u0119ca i dla doros\u0142ych, nebulizator, ustnik, 5X filtr powietrza<\/li><li>Idealny do zwalczania przezi\u0119bie\u0144, kataru, uci\u0105\u017cliwego kaszlu, alergii, zapalenia oskrzeli, oskrzelik\u00f3w, zapalenia p\u0142uc.<\/li><\/ul>\t\t\t\t\t\t\t\t<\/div>\n\t\t\t\t<\/div>\n\t\t\t\t\t<\/div>\n\t\t<\/div>\n\t\t\t\t\t<\/div>\n\t\t<\/section>\n\t\t\t\t<section class=\"elementor-section elementor-top-section elementor-element elementor-element-46613ad elementor-section-boxed elementor-section-height-default elementor-section-height-default\" data-id=\"46613ad\" data-element_type=\"section\">\n\t\t\t\t\t\t<div class=\"elementor-container elementor-column-gap-default\">\n\t\t\t\t\t<div class=\"elementor-column elementor-col-100 elementor-top-column elementor-element elementor-element-5fcd3646\" data-id=\"5fcd3646\" data-element_type=\"column\">\n\t\t\t<div class=\"elementor-widget-wrap elementor-element-populated\">\n\t\t\t\t\t\t<div class=\"elementor-element elementor-element-5845e35 elementor-widget elementor-widget-spacer\" data-id=\"5845e35\" data-element_type=\"widget\" data-widget_type=\"spacer.default\">\n\t\t\t\t<div class=\"elementor-widget-container\">\n\t\t\t\t\t\t\t<div class=\"elementor-spacer\">\n\t\t\t<div class=\"elementor-spacer-inner\"><\/div>\n\t\t<\/div>\n\t\t\t\t\t\t<\/div>\n\t\t\t\t<\/div>\n\t\t\t\t\t<\/div>\n\t\t<\/div>\n\t\t\t\t\t<\/div>\n\t\t<\/section>\n\t\t\t\t<\/div>\n\t\t","protected":false},"excerpt":{"rendered":"<p>Cechy produktu: Kompaktowy, lekki \u0142atwy w u\u017cyciu \u015arednia wielko\u015b\u0107 cz\u0105steczki 2,44 microna Gwarantuje szybki proces inhalacji Zapewnia optymalne wykorzystanie leku Bardzo cicha praca inhalatora Bogate wyposa\u017cenie: maseczka dzieci\u0119ca i dla doros\u0142ych, nebulizator, ustnik, 5X filtr powietrza Idealny do zwalczania przezi\u0119bie\u0144, kataru, uci\u0105\u017cliwego kaszlu, alergii, zapalenia oskrzeli, oskrzelik\u00f3w, zapalenia p\u0142uc.<\/p>\n","protected":false},"author":1,"featured_media":0,"parent":65,"menu_order":0,"comment_status":"closed","ping_status":"closed","template":"","meta":{"footnotes":""},"class_list":["post-557","page","type-page","status-publish","hentry"],"_links":{"self":[{"href":"https:\/\/med-orto.pl\/index.php?rest_route=\/wp\/v2\/pages\/557","targetHints":{"allow":["GET"]}}],"collection":[{"href":"https:\/\/med-orto.pl\/index.php?rest_route=\/wp\/v2\/pages"}],"about":[{"href":"https:\/\/med-orto.pl\/index.php?rest_route=\/wp\/v2\/types\/page"}],"author":[{"embeddable":true,"href":"https:\/\/med-orto.pl\/index.php?rest_route=\/wp\/v2\/users\/1"}],"replies":[{"embeddable":true,"href":"https:\/\/med-orto.pl\/index.php?rest_route=%2Fwp%2Fv2%2Fcomments&post=557"}],"version-history":[{"count":2,"href":"https:\/\/med-orto.pl\/index.php?rest_route=\/wp\/v2\/pages\/557\/revisions"}],"predecessor-version":[{"id":658,"href":"https:\/\/med-orto.pl\/index.php?rest_route=\/wp\/v2\/pages\/557\/revisions\/658"}],"up":[{"embeddable":true,"href":"https:\/\/med-orto.pl\/index.php?rest_route=\/wp\/v2\/pages\/65"}],"wp:attachment":[{"href":"https:\/\/med-orto.pl\/index.php?rest_route=%2Fwp%2Fv2%2Fmedia&parent=557"}],"curies":[{"name":"wp","href":"https:\/\/api.w.org\/{rel}","templated":true}]}}