{"id":549,"date":"2020-06-16T20:06:56","date_gmt":"2020-06-16T18:06:56","guid":{"rendered":"http:\/\/med-orto.pl\/?page_id=549"},"modified":"2020-06-17T19:41:24","modified_gmt":"2020-06-17T17:41:24","slug":"ds-11a","status":"publish","type":"page","link":"https:\/\/med-orto.pl\/?page_id=549","title":{"rendered":"DS-11a"},"content":{"rendered":"\t\t<div data-elementor-type=\"wp-page\" data-elementor-id=\"549\" class=\"elementor elementor-549\">\n\t\t\t\t\t\t<section class=\"elementor-section elementor-top-section elementor-element elementor-element-cf66690 elementor-section-boxed elementor-section-height-default elementor-section-height-default\" data-id=\"cf66690\" data-element_type=\"section\">\n\t\t\t\t\t\t<div class=\"elementor-container elementor-column-gap-default\">\n\t\t\t\t\t<div class=\"elementor-column elementor-col-100 elementor-top-column elementor-element elementor-element-a3537f3\" data-id=\"a3537f3\" data-element_type=\"column\">\n\t\t\t<div class=\"elementor-widget-wrap elementor-element-populated\">\n\t\t\t\t\t\t<div class=\"elementor-element elementor-element-d5253a9 elementor-widget elementor-widget-image\" data-id=\"d5253a9\" data-element_type=\"widget\" data-widget_type=\"image.default\">\n\t\t\t\t<div class=\"elementor-widget-container\">\n\t\t\t\t\t\t\t\t\t\t\t\t\t\t\t\t<a href=\"http:\/\/med-orto.pl\/wp-content\/uploads\/2020\/06\/DS-11a.jpg\" data-elementor-open-lightbox=\"yes\" data-elementor-lightbox-title=\"DS-11a\" data-e-action-hash=\"#elementor-action%3Aaction%3Dlightbox%26settings%3DeyJpZCI6NTk4LCJ1cmwiOiJodHRwczpcL1wvbWVkLW9ydG8ucGxcL3dwLWNvbnRlbnRcL3VwbG9hZHNcLzIwMjBcLzA2XC9EUy0xMWEuanBnIn0%3D\">\n\t\t\t\t\t\t\t<img decoding=\"async\" width=\"190\" height=\"190\" src=\"https:\/\/med-orto.pl\/wp-content\/uploads\/2020\/06\/DS-11a.jpg\" class=\"attachment-medium size-medium wp-image-598\" alt=\"cisnieniomierz DS-11a\" \/>\t\t\t\t\t\t\t\t<\/a>\n\t\t\t\t\t\t\t\t\t\t\t\t\t\t\t<\/div>\n\t\t\t\t<\/div>\n\t\t\t\t\t<\/div>\n\t\t<\/div>\n\t\t\t\t\t<\/div>\n\t\t<\/section>\n\t\t\t\t<section class=\"elementor-section elementor-top-section elementor-element elementor-element-3ca8aee9 elementor-section-boxed elementor-section-height-default elementor-section-height-default\" data-id=\"3ca8aee9\" data-element_type=\"section\">\n\t\t\t\t\t\t<div class=\"elementor-container elementor-column-gap-default\">\n\t\t\t\t\t<div class=\"elementor-column elementor-col-100 elementor-top-column elementor-element elementor-element-60c488fa\" data-id=\"60c488fa\" data-element_type=\"column\">\n\t\t\t<div class=\"elementor-widget-wrap elementor-element-populated\">\n\t\t\t\t\t\t<div class=\"elementor-element elementor-element-6cd748ac elementor-widget elementor-widget-text-editor\" data-id=\"6cd748ac\" data-element_type=\"widget\" data-widget_type=\"text-editor.default\">\n\t\t\t\t<div class=\"elementor-widget-container\">\n\t\t\t\t\t\t\t\t\t<p><strong>Cechy produktu:<\/strong><\/p>\t\t\t\t\t\t\t\t<\/div>\n\t\t\t\t<\/div>\n\t\t\t\t\t<\/div>\n\t\t<\/div>\n\t\t\t\t\t<\/div>\n\t\t<\/section>\n\t\t\t\t<section class=\"elementor-section elementor-top-section elementor-element elementor-element-b075f4e elementor-section-boxed elementor-section-height-default elementor-section-height-default\" data-id=\"b075f4e\" data-element_type=\"section\">\n\t\t\t\t\t\t<div class=\"elementor-container elementor-column-gap-default\">\n\t\t\t\t\t<div class=\"elementor-column elementor-col-100 elementor-top-column elementor-element elementor-element-70736567\" data-id=\"70736567\" data-element_type=\"column\">\n\t\t\t<div class=\"elementor-widget-wrap elementor-element-populated\">\n\t\t\t\t\t\t<div class=\"elementor-element elementor-element-2536249f elementor-widget elementor-widget-text-editor\" data-id=\"2536249f\" data-element_type=\"widget\" data-widget_type=\"text-editor.default\">\n\t\t\t\t<div class=\"elementor-widget-container\">\n\t\t\t\t\t\t\t\t\t<ul><li>Ci\u015bnieniomierz automatyczny na rami\u0119.<\/li><li>Automatyczny pomiar.<\/li><li>Pomiar w trakcie pompowania.<\/li><li>Okre\u015blanie \u0441i\u015bnienia t\u0119tna.<\/li><li>Wska\u017anik arytmii.<\/li><li>Mankiet standardowy (22-32 cm).<\/li><li>Klasyfikacja wg skali WHO.<\/li><li>Okre\u015blanie zak\u0142\u00f3ce\u0144.<\/li><li>Dwa bloki pami\u0119ci po 60 kom\u00f3rek w ka\u017cdym + warto\u015b\u0107 \u015brednia.<\/li><li>Tryb spersonalizowany.<\/li><li>W komplecie zasilacz.<\/li><\/ul>\t\t\t\t\t\t\t\t<\/div>\n\t\t\t\t<\/div>\n\t\t\t\t\t<\/div>\n\t\t<\/div>\n\t\t\t\t\t<\/div>\n\t\t<\/section>\n\t\t\t\t<section class=\"elementor-section elementor-top-section elementor-element elementor-element-2d1b1a7f elementor-section-boxed elementor-section-height-default elementor-section-height-default\" data-id=\"2d1b1a7f\" data-element_type=\"section\">\n\t\t\t\t\t\t<div class=\"elementor-container elementor-column-gap-default\">\n\t\t\t\t\t<div class=\"elementor-column elementor-col-100 elementor-top-column elementor-element elementor-element-6ba1436b\" data-id=\"6ba1436b\" data-element_type=\"column\">\n\t\t\t<div class=\"elementor-widget-wrap elementor-element-populated\">\n\t\t\t\t\t\t<div class=\"elementor-element elementor-element-1b832454 elementor-widget elementor-widget-spacer\" data-id=\"1b832454\" data-element_type=\"widget\" data-widget_type=\"spacer.default\">\n\t\t\t\t<div class=\"elementor-widget-container\">\n\t\t\t\t\t\t\t<div class=\"elementor-spacer\">\n\t\t\t<div class=\"elementor-spacer-inner\"><\/div>\n\t\t<\/div>\n\t\t\t\t\t\t<\/div>\n\t\t\t\t<\/div>\n\t\t\t\t\t<\/div>\n\t\t<\/div>\n\t\t\t\t\t<\/div>\n\t\t<\/section>\n\t\t\t\t<\/div>\n\t\t","protected":false},"excerpt":{"rendered":"<p>Cechy produktu: Ci\u015bnieniomierz automatyczny na rami\u0119. Automatyczny pomiar. Pomiar w trakcie pompowania. Okre\u015blanie \u0441i\u015bnienia t\u0119tna. Wska\u017anik arytmii. Mankiet standardowy (22-32 cm). Klasyfikacja wg skali WHO. Okre\u015blanie zak\u0142\u00f3ce\u0144. Dwa bloki pami\u0119ci po 60 kom\u00f3rek w ka\u017cdym + warto\u015b\u0107 \u015brednia. Tryb spersonalizowany. W komplecie zasilacz.<\/p>\n","protected":false},"author":1,"featured_media":0,"parent":65,"menu_order":0,"comment_status":"closed","ping_status":"closed","template":"","meta":{"footnotes":""},"class_list":["post-549","page","type-page","status-publish","hentry"],"_links":{"self":[{"href":"https:\/\/med-orto.pl\/index.php?rest_route=\/wp\/v2\/pages\/549","targetHints":{"allow":["GET"]}}],"collection":[{"href":"https:\/\/med-orto.pl\/index.php?rest_route=\/wp\/v2\/pages"}],"about":[{"href":"https:\/\/med-orto.pl\/index.php?rest_route=\/wp\/v2\/types\/page"}],"author":[{"embeddable":true,"href":"https:\/\/med-orto.pl\/index.php?rest_route=\/wp\/v2\/users\/1"}],"replies":[{"embeddable":true,"href":"https:\/\/med-orto.pl\/index.php?rest_route=%2Fwp%2Fv2%2Fcomments&post=549"}],"version-history":[{"count":2,"href":"https:\/\/med-orto.pl\/index.php?rest_route=\/wp\/v2\/pages\/549\/revisions"}],"predecessor-version":[{"id":654,"href":"https:\/\/med-orto.pl\/index.php?rest_route=\/wp\/v2\/pages\/549\/revisions\/654"}],"up":[{"embeddable":true,"href":"https:\/\/med-orto.pl\/index.php?rest_route=\/wp\/v2\/pages\/65"}],"wp:attachment":[{"href":"https:\/\/med-orto.pl\/index.php?rest_route=%2Fwp%2Fv2%2Fmedia&parent=549"}],"curies":[{"name":"wp","href":"https:\/\/api.w.org\/{rel}","templated":true}]}}