{"id":532,"date":"2020-06-16T19:55:59","date_gmt":"2020-06-16T17:55:59","guid":{"rendered":"http:\/\/med-orto.pl\/?page_id=532"},"modified":"2020-06-17T19:19:46","modified_gmt":"2020-06-17T17:19:46","slug":"diagnostic-dm-200-ihb","status":"publish","type":"page","link":"https:\/\/med-orto.pl\/?page_id=532","title":{"rendered":"Diagnostic DM-200 IHB"},"content":{"rendered":"\t\t<div data-elementor-type=\"wp-page\" data-elementor-id=\"532\" class=\"elementor elementor-532\">\n\t\t\t\t\t\t<section class=\"elementor-section elementor-top-section elementor-element elementor-element-1987554c elementor-section-boxed elementor-section-height-default elementor-section-height-default\" data-id=\"1987554c\" data-element_type=\"section\">\n\t\t\t\t\t\t<div class=\"elementor-container elementor-column-gap-default\">\n\t\t\t\t\t<div class=\"elementor-column elementor-col-100 elementor-top-column elementor-element elementor-element-30d76ae\" data-id=\"30d76ae\" data-element_type=\"column\">\n\t\t\t<div class=\"elementor-widget-wrap elementor-element-populated\">\n\t\t\t\t\t\t<div class=\"elementor-element elementor-element-4474732 elementor-widget elementor-widget-image\" data-id=\"4474732\" data-element_type=\"widget\" data-widget_type=\"image.default\">\n\t\t\t\t<div class=\"elementor-widget-container\">\n\t\t\t\t\t\t\t\t\t\t\t\t\t\t\t\t<a href=\"http:\/\/med-orto.pl\/wp-content\/uploads\/2020\/06\/Diagnostic-DM-200-IHB.jpg\" data-elementor-open-lightbox=\"yes\" data-elementor-lightbox-title=\"Diagnostic DM-200 IHB\" data-e-action-hash=\"#elementor-action%3Aaction%3Dlightbox%26settings%3DeyJpZCI6NTkxLCJ1cmwiOiJodHRwczpcL1wvbWVkLW9ydG8ucGxcL3dwLWNvbnRlbnRcL3VwbG9hZHNcLzIwMjBcLzA2XC9EaWFnbm9zdGljLURNLTIwMC1JSEIuanBnIn0%3D\">\n\t\t\t\t\t\t\t<img fetchpriority=\"high\" decoding=\"async\" width=\"300\" height=\"298\" src=\"https:\/\/med-orto.pl\/wp-content\/uploads\/2020\/06\/Diagnostic-DM-200-IHB-300x298.jpg\" class=\"attachment-medium size-medium wp-image-591\" alt=\"ci\u015bnieniomierz Diagnostic DM-200 IHB\" \/>\t\t\t\t\t\t\t\t<\/a>\n\t\t\t\t\t\t\t\t\t\t\t\t\t\t\t<\/div>\n\t\t\t\t<\/div>\n\t\t\t\t\t<\/div>\n\t\t<\/div>\n\t\t\t\t\t<\/div>\n\t\t<\/section>\n\t\t\t\t<section class=\"elementor-section elementor-top-section elementor-element elementor-element-464568ed elementor-section-boxed elementor-section-height-default elementor-section-height-default\" data-id=\"464568ed\" data-element_type=\"section\">\n\t\t\t\t\t\t<div class=\"elementor-container elementor-column-gap-default\">\n\t\t\t\t\t<div class=\"elementor-column elementor-col-100 elementor-top-column elementor-element elementor-element-490513ac\" data-id=\"490513ac\" data-element_type=\"column\">\n\t\t\t<div class=\"elementor-widget-wrap elementor-element-populated\">\n\t\t\t\t\t\t<div class=\"elementor-element elementor-element-24bfc2f2 elementor-widget elementor-widget-text-editor\" data-id=\"24bfc2f2\" data-element_type=\"widget\" data-widget_type=\"text-editor.default\">\n\t\t\t\t<div class=\"elementor-widget-container\">\n\t\t\t\t\t\t\t\t\t<p><strong>Cechy produktu:<\/strong><\/p>\t\t\t\t\t\t\t\t<\/div>\n\t\t\t\t<\/div>\n\t\t\t\t\t<\/div>\n\t\t<\/div>\n\t\t\t\t\t<\/div>\n\t\t<\/section>\n\t\t\t\t<section class=\"elementor-section elementor-top-section elementor-element elementor-element-659a473 elementor-section-boxed elementor-section-height-default elementor-section-height-default\" data-id=\"659a473\" data-element_type=\"section\">\n\t\t\t\t\t\t<div class=\"elementor-container elementor-column-gap-default\">\n\t\t\t\t\t<div class=\"elementor-column elementor-col-100 elementor-top-column elementor-element elementor-element-48759948\" data-id=\"48759948\" data-element_type=\"column\">\n\t\t\t<div class=\"elementor-widget-wrap elementor-element-populated\">\n\t\t\t\t\t\t<div class=\"elementor-element elementor-element-63e2882 elementor-widget elementor-widget-text-editor\" data-id=\"63e2882\" data-element_type=\"widget\" data-widget_type=\"text-editor.default\">\n\t\t\t\t<div class=\"elementor-widget-container\">\n\t\t\t\t\t\t\t\t\t<ul><li>Dokonuje pomiaru ci\u015bnienia krwi\u00a0 i pulsu na ramieniu<\/li><li>Pomiar w pe\u0142ni automatyczny<\/li><li>Zapami\u0119tuje 60 pomiar\u00f3w dla ka\u017cdego z\u00a02 u\u017cytkownik\u00f3w<\/li><li>Funkcja wykrywania nieregularnej pracy serca IHB<\/li><li>Wska\u017anik Klasyfikacji Ci\u015bnienia Krwi wg \u015awiatowej Organizacji Zdrowia* (WHO)<\/li><li>Komfortowy mankiet na rami\u0119 (22cm-36cm)<\/li><li>Aparat wy\u0142\u0105cza si\u0119 automatycznie po 3 minutach od zako\u0144czenia pomiaru<\/li><\/ul>\t\t\t\t\t\t\t\t<\/div>\n\t\t\t\t<\/div>\n\t\t\t\t\t<\/div>\n\t\t<\/div>\n\t\t\t\t\t<\/div>\n\t\t<\/section>\n\t\t\t\t<section class=\"elementor-section elementor-top-section elementor-element elementor-element-6a7310d2 elementor-section-boxed elementor-section-height-default elementor-section-height-default\" data-id=\"6a7310d2\" data-element_type=\"section\">\n\t\t\t\t\t\t<div class=\"elementor-container elementor-column-gap-default\">\n\t\t\t\t\t<div class=\"elementor-column elementor-col-100 elementor-top-column elementor-element elementor-element-7b5d2408\" data-id=\"7b5d2408\" data-element_type=\"column\">\n\t\t\t<div class=\"elementor-widget-wrap elementor-element-populated\">\n\t\t\t\t\t\t<div class=\"elementor-element elementor-element-6fbe17f7 elementor-widget elementor-widget-spacer\" data-id=\"6fbe17f7\" data-element_type=\"widget\" data-widget_type=\"spacer.default\">\n\t\t\t\t<div class=\"elementor-widget-container\">\n\t\t\t\t\t\t\t<div class=\"elementor-spacer\">\n\t\t\t<div class=\"elementor-spacer-inner\"><\/div>\n\t\t<\/div>\n\t\t\t\t\t\t<\/div>\n\t\t\t\t<\/div>\n\t\t\t\t\t<\/div>\n\t\t<\/div>\n\t\t\t\t\t<\/div>\n\t\t<\/section>\n\t\t\t\t<\/div>\n\t\t","protected":false},"excerpt":{"rendered":"<p>Cechy produktu: Dokonuje pomiaru ci\u015bnienia krwi\u00a0 i pulsu na ramieniu Pomiar w pe\u0142ni automatyczny Zapami\u0119tuje 60 pomiar\u00f3w dla ka\u017cdego z\u00a02 u\u017cytkownik\u00f3w Funkcja wykrywania nieregularnej pracy serca IHB Wska\u017anik Klasyfikacji Ci\u015bnienia Krwi wg \u015awiatowej Organizacji Zdrowia* (WHO) Komfortowy mankiet na rami\u0119 (22cm-36cm) Aparat wy\u0142\u0105cza si\u0119 automatycznie po 3 minutach od zako\u0144czenia pomiaru<\/p>\n","protected":false},"author":1,"featured_media":0,"parent":65,"menu_order":0,"comment_status":"closed","ping_status":"closed","template":"","meta":{"footnotes":""},"class_list":["post-532","page","type-page","status-publish","hentry"],"_links":{"self":[{"href":"https:\/\/med-orto.pl\/index.php?rest_route=\/wp\/v2\/pages\/532","targetHints":{"allow":["GET"]}}],"collection":[{"href":"https:\/\/med-orto.pl\/index.php?rest_route=\/wp\/v2\/pages"}],"about":[{"href":"https:\/\/med-orto.pl\/index.php?rest_route=\/wp\/v2\/types\/page"}],"author":[{"embeddable":true,"href":"https:\/\/med-orto.pl\/index.php?rest_route=\/wp\/v2\/users\/1"}],"replies":[{"embeddable":true,"href":"https:\/\/med-orto.pl\/index.php?rest_route=%2Fwp%2Fv2%2Fcomments&post=532"}],"version-history":[{"count":2,"href":"https:\/\/med-orto.pl\/index.php?rest_route=\/wp\/v2\/pages\/532\/revisions"}],"predecessor-version":[{"id":647,"href":"https:\/\/med-orto.pl\/index.php?rest_route=\/wp\/v2\/pages\/532\/revisions\/647"}],"up":[{"embeddable":true,"href":"https:\/\/med-orto.pl\/index.php?rest_route=\/wp\/v2\/pages\/65"}],"wp:attachment":[{"href":"https:\/\/med-orto.pl\/index.php?rest_route=%2Fwp%2Fv2%2Fmedia&parent=532"}],"curies":[{"name":"wp","href":"https:\/\/api.w.org\/{rel}","templated":true}]}}