{"id":522,"date":"2020-06-16T19:50:39","date_gmt":"2020-06-16T17:50:39","guid":{"rendered":"http:\/\/med-orto.pl\/?page_id=522"},"modified":"2020-06-17T19:06:21","modified_gmt":"2020-06-17T17:06:21","slug":"m6-comfort","status":"publish","type":"page","link":"https:\/\/med-orto.pl\/?page_id=522","title":{"rendered":"M6 Comfort"},"content":{"rendered":"\t\t<div data-elementor-type=\"wp-page\" data-elementor-id=\"522\" class=\"elementor elementor-522\">\n\t\t\t\t\t\t<section class=\"elementor-section elementor-top-section elementor-element elementor-element-7792c30b elementor-section-boxed elementor-section-height-default elementor-section-height-default\" data-id=\"7792c30b\" data-element_type=\"section\">\n\t\t\t\t\t\t<div class=\"elementor-container elementor-column-gap-default\">\n\t\t\t\t\t<div class=\"elementor-column elementor-col-100 elementor-top-column elementor-element elementor-element-7c4558f5\" data-id=\"7c4558f5\" data-element_type=\"column\">\n\t\t\t<div class=\"elementor-widget-wrap elementor-element-populated\">\n\t\t\t\t\t\t<div class=\"elementor-element elementor-element-1d2cdd16 elementor-widget elementor-widget-image\" data-id=\"1d2cdd16\" data-element_type=\"widget\" data-widget_type=\"image.default\">\n\t\t\t\t<div class=\"elementor-widget-container\">\n\t\t\t\t\t\t\t\t\t\t\t\t\t\t\t\t<a href=\"http:\/\/med-orto.pl\/wp-content\/uploads\/2020\/06\/M6-Comfort.jpg\" data-elementor-open-lightbox=\"yes\" data-elementor-lightbox-title=\"M6 Comfort\" data-e-action-hash=\"#elementor-action%3Aaction%3Dlightbox%26settings%3DeyJpZCI6NjA1LCJ1cmwiOiJodHRwczpcL1wvbWVkLW9ydG8ucGxcL3dwLWNvbnRlbnRcL3VwbG9hZHNcLzIwMjBcLzA2XC9NNi1Db21mb3J0LmpwZyJ9\">\n\t\t\t\t\t\t\t<img fetchpriority=\"high\" decoding=\"async\" width=\"300\" height=\"300\" src=\"https:\/\/med-orto.pl\/wp-content\/uploads\/2020\/06\/M6-Comfort-300x300.jpg\" class=\"attachment-medium size-medium wp-image-605\" alt=\"Ci\u015bnieniomierz m6 comfort\" \/>\t\t\t\t\t\t\t\t<\/a>\n\t\t\t\t\t\t\t\t\t\t\t\t\t\t\t<\/div>\n\t\t\t\t<\/div>\n\t\t\t\t\t<\/div>\n\t\t<\/div>\n\t\t\t\t\t<\/div>\n\t\t<\/section>\n\t\t\t\t<section class=\"elementor-section elementor-top-section elementor-element elementor-element-585b613a elementor-section-boxed elementor-section-height-default elementor-section-height-default\" data-id=\"585b613a\" data-element_type=\"section\">\n\t\t\t\t\t\t<div class=\"elementor-container elementor-column-gap-default\">\n\t\t\t\t\t<div class=\"elementor-column elementor-col-100 elementor-top-column elementor-element elementor-element-69bad584\" data-id=\"69bad584\" data-element_type=\"column\">\n\t\t\t<div class=\"elementor-widget-wrap elementor-element-populated\">\n\t\t\t\t\t\t<div class=\"elementor-element elementor-element-24b43d29 elementor-widget elementor-widget-text-editor\" data-id=\"24b43d29\" data-element_type=\"widget\" data-widget_type=\"text-editor.default\">\n\t\t\t\t<div class=\"elementor-widget-container\">\n\t\t\t\t\t\t\t\t\t<p>Ci\u015bnieniomierz OMRON M6 Comfort z mankietem Intelli Wrap \u2014 prosty spos\u00f3b na uzyskanie dok\u0142adnych wynik\u00f3w. Wykrywa mo\u017cliwo\u015b\u0107 wyst\u0105pienia migotania przedsionk\u00f3w, umo\u017cliwiaj\u0105c monitorowanie choroby w warunkach domowych i zapewniaj\u0105c spok\u00f3j umys\u0142u. Wykonuje 3 kolejne odczyty w odst\u0119pach 30-sekundowych, a nast\u0119pnie wy\u015bwietla \u015bredni\u0105, podaj\u0105c tym samym dok\u0142adniejsze wskazanie warto\u015bci ci\u015bnienia krwi.<\/p>\t\t\t\t\t\t\t\t<\/div>\n\t\t\t\t<\/div>\n\t\t\t\t\t<\/div>\n\t\t<\/div>\n\t\t\t\t\t<\/div>\n\t\t<\/section>\n\t\t\t\t<section class=\"elementor-section elementor-top-section elementor-element elementor-element-43fa4398 elementor-section-boxed elementor-section-height-default elementor-section-height-default\" data-id=\"43fa4398\" data-element_type=\"section\">\n\t\t\t\t\t\t<div class=\"elementor-container elementor-column-gap-default\">\n\t\t\t\t\t<div class=\"elementor-column elementor-col-100 elementor-top-column elementor-element elementor-element-22455a7d\" data-id=\"22455a7d\" data-element_type=\"column\">\n\t\t\t<div class=\"elementor-widget-wrap elementor-element-populated\">\n\t\t\t\t\t\t<div class=\"elementor-element elementor-element-32d8c579 elementor-widget elementor-widget-spacer\" data-id=\"32d8c579\" data-element_type=\"widget\" data-widget_type=\"spacer.default\">\n\t\t\t\t<div class=\"elementor-widget-container\">\n\t\t\t\t\t\t\t<div class=\"elementor-spacer\">\n\t\t\t<div class=\"elementor-spacer-inner\"><\/div>\n\t\t<\/div>\n\t\t\t\t\t\t<\/div>\n\t\t\t\t<\/div>\n\t\t\t\t\t<\/div>\n\t\t<\/div>\n\t\t\t\t\t<\/div>\n\t\t<\/section>\n\t\t\t\t<\/div>\n\t\t","protected":false},"excerpt":{"rendered":"<p>Ci\u015bnieniomierz OMRON M6 Comfort z mankietem Intelli Wrap \u2014 prosty spos\u00f3b na uzyskanie dok\u0142adnych wynik\u00f3w. Wykrywa mo\u017cliwo\u015b\u0107 wyst\u0105pienia migotania przedsionk\u00f3w, umo\u017cliwiaj\u0105c monitorowanie choroby w warunkach domowych i zapewniaj\u0105c spok\u00f3j umys\u0142u. Wykonuje 3 kolejne odczyty w odst\u0119pach 30-sekundowych, a nast\u0119pnie wy\u015bwietla \u015bredni\u0105, podaj\u0105c tym samym dok\u0142adniejsze wskazanie warto\u015bci ci\u015bnienia krwi.<\/p>\n","protected":false},"author":1,"featured_media":0,"parent":65,"menu_order":0,"comment_status":"closed","ping_status":"closed","template":"","meta":{"footnotes":""},"class_list":["post-522","page","type-page","status-publish","hentry"],"_links":{"self":[{"href":"https:\/\/med-orto.pl\/index.php?rest_route=\/wp\/v2\/pages\/522","targetHints":{"allow":["GET"]}}],"collection":[{"href":"https:\/\/med-orto.pl\/index.php?rest_route=\/wp\/v2\/pages"}],"about":[{"href":"https:\/\/med-orto.pl\/index.php?rest_route=\/wp\/v2\/types\/page"}],"author":[{"embeddable":true,"href":"https:\/\/med-orto.pl\/index.php?rest_route=\/wp\/v2\/users\/1"}],"replies":[{"embeddable":true,"href":"https:\/\/med-orto.pl\/index.php?rest_route=%2Fwp%2Fv2%2Fcomments&post=522"}],"version-history":[{"count":2,"href":"https:\/\/med-orto.pl\/index.php?rest_route=\/wp\/v2\/pages\/522\/revisions"}],"predecessor-version":[{"id":640,"href":"https:\/\/med-orto.pl\/index.php?rest_route=\/wp\/v2\/pages\/522\/revisions\/640"}],"up":[{"embeddable":true,"href":"https:\/\/med-orto.pl\/index.php?rest_route=\/wp\/v2\/pages\/65"}],"wp:attachment":[{"href":"https:\/\/med-orto.pl\/index.php?rest_route=%2Fwp%2Fv2%2Fmedia&parent=522"}],"curies":[{"name":"wp","href":"https:\/\/api.w.org\/{rel}","templated":true}]}}