{"id":436,"date":"2020-06-12T18:19:06","date_gmt":"2020-06-12T16:19:06","guid":{"rendered":"http:\/\/serwer1460789.home.pl\/home\/medorto\/domains\/med-orto.pl\/public_html\/?page_id=436"},"modified":"2020-06-12T19:13:06","modified_gmt":"2020-06-12T17:13:06","slug":"podporka-inwalidzka-4-kolowa-economic","status":"publish","type":"page","link":"https:\/\/med-orto.pl\/?page_id=436","title":{"rendered":"Podp\u00f3rka inwalidzka 4-ko\u0142owa Economic"},"content":{"rendered":"\t\t<div data-elementor-type=\"wp-page\" data-elementor-id=\"436\" class=\"elementor elementor-436\">\n\t\t\t\t\t\t<section class=\"elementor-section elementor-top-section elementor-element elementor-element-6581980e elementor-section-boxed elementor-section-height-default elementor-section-height-default\" data-id=\"6581980e\" data-element_type=\"section\">\n\t\t\t\t\t\t<div class=\"elementor-container elementor-column-gap-default\">\n\t\t\t\t\t<div class=\"elementor-column elementor-col-100 elementor-top-column elementor-element elementor-element-16e3fe00\" data-id=\"16e3fe00\" data-element_type=\"column\">\n\t\t\t<div class=\"elementor-widget-wrap elementor-element-populated\">\n\t\t\t\t\t\t<div class=\"elementor-element elementor-element-2d972788 elementor-widget elementor-widget-image\" data-id=\"2d972788\" data-element_type=\"widget\" data-widget_type=\"image.default\">\n\t\t\t\t<div class=\"elementor-widget-container\">\n\t\t\t\t\t\t\t\t\t\t\t\t\t\t\t\t<a href=\"http:\/\/serwer1460789.home.pl\/autoinstalator\/wordpressplugins8\/wp-content\/uploads\/2020\/06\/Podp\u00f3rka-inwalidzka-4-ko\u0142owa-Economic.jpg\" data-elementor-open-lightbox=\"yes\" data-elementor-lightbox-title=\"Podp\u00f3rka inwalidzka 4-ko\u0142owa Economic\" data-e-action-hash=\"#elementor-action%3Aaction%3Dlightbox%26settings%3DeyJpZCI6NDY3LCJ1cmwiOiJodHRwczpcL1wvbWVkLW9ydG8ucGxcL3dwLWNvbnRlbnRcL3VwbG9hZHNcLzIwMjBcLzA2XC9Qb2RwXHUwMGYzcmthLWlud2FsaWR6a2EtNC1rb1x1MDE0Mm93YS1FY29ub21pYy5qcGcifQ%3D%3D\" target=\"_blank\" rel=\"noopener\">\n\t\t\t\t\t\t\t<img fetchpriority=\"high\" decoding=\"async\" width=\"263\" height=\"300\" src=\"https:\/\/med-orto.pl\/wp-content\/uploads\/2020\/06\/Podp\u00f3rka-inwalidzka-4-ko\u0142owa-Economic-263x300.jpg\" class=\"attachment-medium size-medium wp-image-467\" alt=\"\" \/>\t\t\t\t\t\t\t\t<\/a>\n\t\t\t\t\t\t\t\t\t\t\t\t\t\t\t<\/div>\n\t\t\t\t<\/div>\n\t\t\t\t\t<\/div>\n\t\t<\/div>\n\t\t\t\t\t<\/div>\n\t\t<\/section>\n\t\t\t\t<section class=\"elementor-section elementor-top-section elementor-element elementor-element-4f81864d elementor-section-boxed elementor-section-height-default elementor-section-height-default\" data-id=\"4f81864d\" data-element_type=\"section\">\n\t\t\t\t\t\t<div class=\"elementor-container elementor-column-gap-default\">\n\t\t\t\t\t<div class=\"elementor-column elementor-col-100 elementor-top-column elementor-element elementor-element-447b1d90\" data-id=\"447b1d90\" data-element_type=\"column\">\n\t\t\t<div class=\"elementor-widget-wrap elementor-element-populated\">\n\t\t\t\t\t\t<div class=\"elementor-element elementor-element-5faa1264 elementor-widget elementor-widget-text-editor\" data-id=\"5faa1264\" data-element_type=\"widget\" data-widget_type=\"text-editor.default\">\n\t\t\t\t<div class=\"elementor-widget-container\">\n\t\t\t\t\t\t\t\t\t<p>Podp\u00f3rka czteroko\u0142owa Economic jest \u0142atwa w prowadzeniu dla os\u00f3b potrzebuj\u0105cych wsparcia po urazach lub os\u00f3b starszych. Podp\u00f3rka jest aluminiowa i sk\u0142adana, co bardzo u\u0142atwia jej transport i przechowywanie. Wyposa\u017cona jest: w siedzisko z oparciem pozwalaj\u0105ce na odpoczynek, wygodne, antypo\u015blizgowe uchwyty oraz pojemn\u0105 torb\u0119 na zakupy. Wa\u017cn\u0105 cech\u0105 s\u0105 du\u017ce ko\u0142a, kt\u00f3re umo\u017cliwiaj\u0105 bezpieczne poruszanie si\u0119. Ko\u0142a tylne wyposa\u017cone s\u0105 w hamulce zapewniaj\u0105ce stabilne wsparcie przy postoju. Economic jest por\u0119czny, zwrotny, stabilny i mo\u017ce asystowa\u0107 \u00a0przy zakupach nowoczesnym, starszym osobom.<\/p>\t\t\t\t\t\t\t\t<\/div>\n\t\t\t\t<\/div>\n\t\t\t\t\t<\/div>\n\t\t<\/div>\n\t\t\t\t\t<\/div>\n\t\t<\/section>\n\t\t\t\t<section class=\"elementor-section elementor-top-section elementor-element elementor-element-4af59564 elementor-section-boxed elementor-section-height-default elementor-section-height-default\" data-id=\"4af59564\" data-element_type=\"section\">\n\t\t\t\t\t\t<div class=\"elementor-container elementor-column-gap-default\">\n\t\t\t\t\t<div class=\"elementor-column elementor-col-100 elementor-top-column elementor-element elementor-element-6ad8e446\" data-id=\"6ad8e446\" data-element_type=\"column\">\n\t\t\t<div class=\"elementor-widget-wrap elementor-element-populated\">\n\t\t\t\t\t\t<div class=\"elementor-element elementor-element-69da5dad elementor-widget elementor-widget-spacer\" data-id=\"69da5dad\" data-element_type=\"widget\" data-widget_type=\"spacer.default\">\n\t\t\t\t<div class=\"elementor-widget-container\">\n\t\t\t\t\t\t\t<div class=\"elementor-spacer\">\n\t\t\t<div class=\"elementor-spacer-inner\"><\/div>\n\t\t<\/div>\n\t\t\t\t\t\t<\/div>\n\t\t\t\t<\/div>\n\t\t\t\t\t<\/div>\n\t\t<\/div>\n\t\t\t\t\t<\/div>\n\t\t<\/section>\n\t\t\t\t<\/div>\n\t\t","protected":false},"excerpt":{"rendered":"<p>Podp\u00f3rka czteroko\u0142owa Economic jest \u0142atwa w prowadzeniu dla os\u00f3b potrzebuj\u0105cych wsparcia po urazach lub os\u00f3b starszych. Podp\u00f3rka jest aluminiowa i sk\u0142adana, co bardzo u\u0142atwia jej transport i przechowywanie. Wyposa\u017cona jest: w siedzisko z oparciem pozwalaj\u0105ce na odpoczynek, wygodne, antypo\u015blizgowe uchwyty oraz pojemn\u0105 torb\u0119 na zakupy. Wa\u017cn\u0105 cech\u0105 s\u0105 du\u017ce ko\u0142a, kt\u00f3re umo\u017cliwiaj\u0105 bezpieczne poruszanie si\u0119. Ko\u0142a tylne wyposa\u017cone s\u0105 w hamulce zapewniaj\u0105ce stabilne wsparcie przy postoju. Economic jest por\u0119czny, zwrotny, stabilny i mo\u017ce asystowa\u0107 \u00a0przy zakupach nowoczesnym, starszym osobom.<\/p>\n","protected":false},"author":1,"featured_media":0,"parent":24,"menu_order":0,"comment_status":"closed","ping_status":"closed","template":"","meta":{"footnotes":""},"class_list":["post-436","page","type-page","status-publish","hentry"],"_links":{"self":[{"href":"https:\/\/med-orto.pl\/index.php?rest_route=\/wp\/v2\/pages\/436","targetHints":{"allow":["GET"]}}],"collection":[{"href":"https:\/\/med-orto.pl\/index.php?rest_route=\/wp\/v2\/pages"}],"about":[{"href":"https:\/\/med-orto.pl\/index.php?rest_route=\/wp\/v2\/types\/page"}],"author":[{"embeddable":true,"href":"https:\/\/med-orto.pl\/index.php?rest_route=\/wp\/v2\/users\/1"}],"replies":[{"embeddable":true,"href":"https:\/\/med-orto.pl\/index.php?rest_route=%2Fwp%2Fv2%2Fcomments&post=436"}],"version-history":[{"count":2,"href":"https:\/\/med-orto.pl\/index.php?rest_route=\/wp\/v2\/pages\/436\/revisions"}],"predecessor-version":[{"id":468,"href":"https:\/\/med-orto.pl\/index.php?rest_route=\/wp\/v2\/pages\/436\/revisions\/468"}],"up":[{"embeddable":true,"href":"https:\/\/med-orto.pl\/index.php?rest_route=\/wp\/v2\/pages\/24"}],"wp:attachment":[{"href":"https:\/\/med-orto.pl\/index.php?rest_route=%2Fwp%2Fv2%2Fmedia&parent=436"}],"curies":[{"name":"wp","href":"https:\/\/api.w.org\/{rel}","templated":true}]}}