{"id":434,"date":"2020-06-12T18:17:57","date_gmt":"2020-06-12T16:17:57","guid":{"rendered":"http:\/\/serwer1460789.home.pl\/home\/medorto\/domains\/med-orto.pl\/public_html\/?page_id=434"},"modified":"2020-06-12T19:10:04","modified_gmt":"2020-06-12T17:10:04","slug":"ar-020-podporka-rehabilitacyjna-dwukolowa-standard","status":"publish","type":"page","link":"https:\/\/med-orto.pl\/?page_id=434","title":{"rendered":"AR-020 Podp\u00f3rka rehabilitacyjna dwuko\u0142owa. STANDARD"},"content":{"rendered":"\t\t<div data-elementor-type=\"wp-page\" data-elementor-id=\"434\" class=\"elementor elementor-434\">\n\t\t\t\t\t\t<section class=\"elementor-section elementor-top-section elementor-element elementor-element-130654a2 elementor-section-boxed elementor-section-height-default elementor-section-height-default\" data-id=\"130654a2\" data-element_type=\"section\">\n\t\t\t\t\t\t<div class=\"elementor-container elementor-column-gap-default\">\n\t\t\t\t\t<div class=\"elementor-column elementor-col-100 elementor-top-column elementor-element elementor-element-5559d9c5\" data-id=\"5559d9c5\" data-element_type=\"column\">\n\t\t\t<div class=\"elementor-widget-wrap elementor-element-populated\">\n\t\t\t\t\t\t<div class=\"elementor-element elementor-element-6e8e8922 elementor-widget elementor-widget-image\" data-id=\"6e8e8922\" data-element_type=\"widget\" data-widget_type=\"image.default\">\n\t\t\t\t<div class=\"elementor-widget-container\">\n\t\t\t\t\t\t\t\t\t\t\t\t\t\t\t\t<a href=\"http:\/\/serwer1460789.home.pl\/autoinstalator\/wordpressplugins8\/wp-content\/uploads\/2020\/06\/AR-020-Podp\u00f3rka-rehabilitacyjna-dwuko\u0142owa.-STANDARD.jpg\" data-elementor-open-lightbox=\"yes\" data-elementor-lightbox-title=\"AR-020 Podp\u00f3rka rehabilitacyjna dwuko\u0142owa. STANDARD\" data-e-action-hash=\"#elementor-action%3Aaction%3Dlightbox%26settings%3DeyJpZCI6NDQ2LCJ1cmwiOiJodHRwczpcL1wvbWVkLW9ydG8ucGxcL3dwLWNvbnRlbnRcL3VwbG9hZHNcLzIwMjBcLzA2XC9BUi0wMjAtUG9kcFx1MDBmM3JrYS1yZWhhYmlsaXRhY3lqbmEtZHd1a29cdTAxNDJvd2EuLVNUQU5EQVJELmpwZyJ9\" target=\"_blank\" rel=\"noopener\">\n\t\t\t\t\t\t\t<img fetchpriority=\"high\" decoding=\"async\" width=\"300\" height=\"260\" src=\"https:\/\/med-orto.pl\/wp-content\/uploads\/2020\/06\/AR-020-Podp\u00f3rka-rehabilitacyjna-dwuko\u0142owa.-STANDARD-300x260.jpg\" class=\"attachment-medium size-medium wp-image-446\" alt=\"\" \/>\t\t\t\t\t\t\t\t<\/a>\n\t\t\t\t\t\t\t\t\t\t\t\t\t\t\t<\/div>\n\t\t\t\t<\/div>\n\t\t\t\t\t<\/div>\n\t\t<\/div>\n\t\t\t\t\t<\/div>\n\t\t<\/section>\n\t\t\t\t<section class=\"elementor-section elementor-top-section elementor-element elementor-element-9bdd0f9 elementor-section-boxed elementor-section-height-default elementor-section-height-default\" data-id=\"9bdd0f9\" data-element_type=\"section\">\n\t\t\t\t\t\t<div class=\"elementor-container elementor-column-gap-default\">\n\t\t\t\t\t<div class=\"elementor-column elementor-col-100 elementor-top-column elementor-element elementor-element-2c4a4ff\" data-id=\"2c4a4ff\" data-element_type=\"column\">\n\t\t\t<div class=\"elementor-widget-wrap elementor-element-populated\">\n\t\t\t\t\t\t<div class=\"elementor-element elementor-element-78cfe8a2 elementor-widget elementor-widget-text-editor\" data-id=\"78cfe8a2\" data-element_type=\"widget\" data-widget_type=\"text-editor.default\">\n\t\t\t\t<div class=\"elementor-widget-container\">\n\t\t\t\t\t\t\t\t\t<p>Podp\u00f3rka jest sprz\u0119tem pomocniczo-rehabilitacyjnym przeznaczonym dla os\u00f3b niepe\u0142nosprawnych ze\u00a0schorzeniem narz\u0105du ruchu, z\u00a0problemami pionizacji lub maj\u0105cych problem z\u00a0utrzymaniem r\u00f3wnowagi w\u00a0czasie chodzenia. Wykorzystywana jest r\u00f3wnie\u017c dla utrzymania r\u00f3wnowagi w\u00a0czasie nauki chodzenia po\u00a0przebytej chorobie lub urazie. U\u017cywana cz\u0119sto przez\u00a0osoby starsze, niepe\u0142nosprawne oraz\u00a0osoby z\u00a0problemami narz\u0105du ruchu.<\/p><p>Ogromn\u0105 zalet\u0105 tej\u00a0podp\u00f3rki jest jej niewielka waga oraz\u00a0minimalne wymiary po\u00a0z\u0142o\u017ceniu, co znacznie u\u0142atwia przechowywanie. Dzi\u0119ki wyposa\u017ceniu w\u00a0siedzisko zapewnia zwi\u0119kszenie komfortu u\u017cytkownikowi \u2013 mo\u017cliwo\u015b\u0107 odpoczynku podczas d\u0142ugich spacer\u00f3w.<\/p>\t\t\t\t\t\t\t\t<\/div>\n\t\t\t\t<\/div>\n\t\t\t\t\t<\/div>\n\t\t<\/div>\n\t\t\t\t\t<\/div>\n\t\t<\/section>\n\t\t\t\t<section class=\"elementor-section elementor-top-section elementor-element elementor-element-7bbd8942 elementor-section-boxed elementor-section-height-default elementor-section-height-default\" data-id=\"7bbd8942\" data-element_type=\"section\">\n\t\t\t\t\t\t<div class=\"elementor-container elementor-column-gap-default\">\n\t\t\t\t\t<div class=\"elementor-column elementor-col-100 elementor-top-column elementor-element elementor-element-7ec02203\" data-id=\"7ec02203\" data-element_type=\"column\">\n\t\t\t<div class=\"elementor-widget-wrap elementor-element-populated\">\n\t\t\t\t\t\t<div class=\"elementor-element elementor-element-7302b1f9 elementor-widget elementor-widget-spacer\" data-id=\"7302b1f9\" data-element_type=\"widget\" data-widget_type=\"spacer.default\">\n\t\t\t\t<div class=\"elementor-widget-container\">\n\t\t\t\t\t\t\t<div class=\"elementor-spacer\">\n\t\t\t<div class=\"elementor-spacer-inner\"><\/div>\n\t\t<\/div>\n\t\t\t\t\t\t<\/div>\n\t\t\t\t<\/div>\n\t\t\t\t\t<\/div>\n\t\t<\/div>\n\t\t\t\t\t<\/div>\n\t\t<\/section>\n\t\t\t\t<\/div>\n\t\t","protected":false},"excerpt":{"rendered":"<p>Podp\u00f3rka jest sprz\u0119tem pomocniczo-rehabilitacyjnym przeznaczonym dla os\u00f3b niepe\u0142nosprawnych ze\u00a0schorzeniem narz\u0105du ruchu, z\u00a0problemami pionizacji lub maj\u0105cych problem z\u00a0utrzymaniem r\u00f3wnowagi w\u00a0czasie chodzenia. Wykorzystywana jest r\u00f3wnie\u017c dla utrzymania r\u00f3wnowagi w\u00a0czasie nauki chodzenia po\u00a0przebytej chorobie lub urazie. U\u017cywana cz\u0119sto przez\u00a0osoby starsze, niepe\u0142nosprawne oraz\u00a0osoby z\u00a0problemami narz\u0105du ruchu. Ogromn\u0105 zalet\u0105 tej\u00a0podp\u00f3rki jest jej niewielka waga oraz\u00a0minimalne wymiary po\u00a0z\u0142o\u017ceniu, co znacznie u\u0142atwia przechowywanie. Dzi\u0119ki wyposa\u017ceniu w\u00a0siedzisko zapewnia zwi\u0119kszenie komfortu u\u017cytkownikowi \u2013 mo\u017cliwo\u015b\u0107 odpoczynku podczas d\u0142ugich spacer\u00f3w.<\/p>\n","protected":false},"author":1,"featured_media":0,"parent":24,"menu_order":0,"comment_status":"closed","ping_status":"closed","template":"","meta":{"footnotes":""},"class_list":["post-434","page","type-page","status-publish","hentry"],"_links":{"self":[{"href":"https:\/\/med-orto.pl\/index.php?rest_route=\/wp\/v2\/pages\/434","targetHints":{"allow":["GET"]}}],"collection":[{"href":"https:\/\/med-orto.pl\/index.php?rest_route=\/wp\/v2\/pages"}],"about":[{"href":"https:\/\/med-orto.pl\/index.php?rest_route=\/wp\/v2\/types\/page"}],"author":[{"embeddable":true,"href":"https:\/\/med-orto.pl\/index.php?rest_route=\/wp\/v2\/users\/1"}],"replies":[{"embeddable":true,"href":"https:\/\/med-orto.pl\/index.php?rest_route=%2Fwp%2Fv2%2Fcomments&post=434"}],"version-history":[{"count":3,"href":"https:\/\/med-orto.pl\/index.php?rest_route=\/wp\/v2\/pages\/434\/revisions"}],"predecessor-version":[{"id":466,"href":"https:\/\/med-orto.pl\/index.php?rest_route=\/wp\/v2\/pages\/434\/revisions\/466"}],"up":[{"embeddable":true,"href":"https:\/\/med-orto.pl\/index.php?rest_route=\/wp\/v2\/pages\/24"}],"wp:attachment":[{"href":"https:\/\/med-orto.pl\/index.php?rest_route=%2Fwp%2Fv2%2Fmedia&parent=434"}],"curies":[{"name":"wp","href":"https:\/\/api.w.org\/{rel}","templated":true}]}}