{"id":426,"date":"2020-06-12T18:05:50","date_gmt":"2020-06-12T16:05:50","guid":{"rendered":"http:\/\/serwer1460789.home.pl\/home\/medorto\/domains\/med-orto.pl\/public_html\/?page_id=426"},"modified":"2020-06-12T18:58:17","modified_gmt":"2020-06-12T16:58:17","slug":"ar-022-podporka-rehabilitacyjna-4-kolowa-aluminiowa-comfort","status":"publish","type":"page","link":"https:\/\/med-orto.pl\/?page_id=426","title":{"rendered":"AR-022 Podp\u00f3rka rehabilitacyjna 4-ko\u0142owa \u2013 aluminiowa. COMFORT"},"content":{"rendered":"\t\t<div data-elementor-type=\"wp-page\" data-elementor-id=\"426\" class=\"elementor elementor-426\">\n\t\t\t\t\t\t<section class=\"elementor-section elementor-top-section elementor-element elementor-element-2c046ed3 elementor-section-boxed elementor-section-height-default elementor-section-height-default\" data-id=\"2c046ed3\" data-element_type=\"section\">\n\t\t\t\t\t\t<div class=\"elementor-container elementor-column-gap-default\">\n\t\t\t\t\t<div class=\"elementor-column elementor-col-100 elementor-top-column elementor-element elementor-element-791047ef\" data-id=\"791047ef\" data-element_type=\"column\">\n\t\t\t<div class=\"elementor-widget-wrap elementor-element-populated\">\n\t\t\t\t\t\t<div class=\"elementor-element elementor-element-4021c61e elementor-widget elementor-widget-image\" data-id=\"4021c61e\" data-element_type=\"widget\" data-widget_type=\"image.default\">\n\t\t\t\t<div class=\"elementor-widget-container\">\n\t\t\t\t\t\t\t\t\t\t\t\t\t\t\t\t<a href=\"http:\/\/serwer1460789.home.pl\/autoinstalator\/wordpressplugins8\/wp-content\/uploads\/2020\/06\/AR-022-Podp\u00f3rka-rehabilitacyjna-4-ko\u0142owa-\u2013-aluminiowa.-COMFORT.jpg\" data-elementor-open-lightbox=\"yes\" data-elementor-lightbox-title=\"AR-022 Podp\u00f3rka rehabilitacyjna 4-ko\u0142owa \u2013 aluminiowa. COMFORT\" data-e-action-hash=\"#elementor-action%3Aaction%3Dlightbox%26settings%3DeyJpZCI6NDQ4LCJ1cmwiOiJodHRwczpcL1wvbWVkLW9ydG8ucGxcL3dwLWNvbnRlbnRcL3VwbG9hZHNcLzIwMjBcLzA2XC9BUi0wMjItUG9kcFx1MDBmM3JrYS1yZWhhYmlsaXRhY3lqbmEtNC1rb1x1MDE0Mm93YS1cdTIwMTMtYWx1bWluaW93YS4tQ09NRk9SVC5qcGcifQ%3D%3D\" target=\"_blank\" rel=\"noopener\">\n\t\t\t\t\t\t\t<img fetchpriority=\"high\" decoding=\"async\" width=\"300\" height=\"260\" src=\"https:\/\/med-orto.pl\/wp-content\/uploads\/2020\/06\/AR-022-Podp\u00f3rka-rehabilitacyjna-4-ko\u0142owa-\u2013-aluminiowa.-COMFORT-300x260.jpg\" class=\"attachment-medium size-medium wp-image-448\" alt=\"\" \/>\t\t\t\t\t\t\t\t<\/a>\n\t\t\t\t\t\t\t\t\t\t\t\t\t\t\t<\/div>\n\t\t\t\t<\/div>\n\t\t\t\t\t<\/div>\n\t\t<\/div>\n\t\t\t\t\t<\/div>\n\t\t<\/section>\n\t\t\t\t<section class=\"elementor-section elementor-top-section elementor-element elementor-element-6e38d167 elementor-section-boxed elementor-section-height-default elementor-section-height-default\" data-id=\"6e38d167\" data-element_type=\"section\">\n\t\t\t\t\t\t<div class=\"elementor-container elementor-column-gap-default\">\n\t\t\t\t\t<div class=\"elementor-column elementor-col-100 elementor-top-column elementor-element elementor-element-dc712e5\" data-id=\"dc712e5\" data-element_type=\"column\">\n\t\t\t<div class=\"elementor-widget-wrap elementor-element-populated\">\n\t\t\t\t\t\t<div class=\"elementor-element elementor-element-2372bfd elementor-widget elementor-widget-text-editor\" data-id=\"2372bfd\" data-element_type=\"widget\" data-widget_type=\"text-editor.default\">\n\t\t\t\t<div class=\"elementor-widget-container\">\n\t\t\t\t\t\t\t\t\t<p>Podp\u00f3rka jest sprz\u0119tem pomocniczo-rehabilitacyjnym przeznaczonym dla os\u00f3b niepe\u0142nosprawnych ze\u00a0schorzeniem narz\u0105du ruchu, z\u00a0problemami pionizacji lub maj\u0105cych problem z\u00a0utrzymaniem r\u00f3wnowagi w\u00a0czasie chodzenia. Wykorzystywana jest r\u00f3wnie\u017c dla utrzymania r\u00f3wnowagi w\u00a0czasie nauki chodzenia po\u00a0przebytej chorobie lub urazie. U\u017cywana cz\u0119sto przez\u00a0osoby starsze, niepe\u0142nosprawne oraz\u00a0osoby z\u00a0problemami narz\u0105du ruchu.<\/p><p>Ogromn\u0105 zalet\u0105 tej\u00a0podp\u00f3rki jest funkcja transportowa. Dzi\u0119ki mo\u017cliwo\u015bci przepinania oparcia, siedzisku oraz\u00a0rozk\u0142adanemu podn\u00f3\u017ckowi, podpieraj\u0105cemu nogi istnieje mo\u017cliwo\u015b\u0107 przewo\u017cenia pacjenta. Ponadto wyposa\u017cenie w\u00a0siedzisko z\u00a0oparciem zdecydowanie zwi\u0119ksza komfort u\u017cytkownika \u2013 mo\u017cliwo\u015b\u0107 odpoczynku podczas d\u0142ugich spacer\u00f3w. Dodatkowo funkcja sk\u0142adania znacznie u\u0142atwia przechowywanie.<\/p>\t\t\t\t\t\t\t\t<\/div>\n\t\t\t\t<\/div>\n\t\t\t\t\t<\/div>\n\t\t<\/div>\n\t\t\t\t\t<\/div>\n\t\t<\/section>\n\t\t\t\t<section class=\"elementor-section elementor-top-section elementor-element elementor-element-2cdeb4a6 elementor-section-boxed elementor-section-height-default elementor-section-height-default\" data-id=\"2cdeb4a6\" data-element_type=\"section\">\n\t\t\t\t\t\t<div class=\"elementor-container elementor-column-gap-default\">\n\t\t\t\t\t<div class=\"elementor-column elementor-col-100 elementor-top-column elementor-element elementor-element-ddda36\" data-id=\"ddda36\" data-element_type=\"column\">\n\t\t\t<div class=\"elementor-widget-wrap elementor-element-populated\">\n\t\t\t\t\t\t<div class=\"elementor-element elementor-element-21f80a75 elementor-widget elementor-widget-spacer\" data-id=\"21f80a75\" data-element_type=\"widget\" data-widget_type=\"spacer.default\">\n\t\t\t\t<div class=\"elementor-widget-container\">\n\t\t\t\t\t\t\t<div class=\"elementor-spacer\">\n\t\t\t<div class=\"elementor-spacer-inner\"><\/div>\n\t\t<\/div>\n\t\t\t\t\t\t<\/div>\n\t\t\t\t<\/div>\n\t\t\t\t\t<\/div>\n\t\t<\/div>\n\t\t\t\t\t<\/div>\n\t\t<\/section>\n\t\t\t\t<section class=\"elementor-section elementor-top-section elementor-element elementor-element-6c4a397f elementor-section-boxed elementor-section-height-default elementor-section-height-default\" data-id=\"6c4a397f\" data-element_type=\"section\">\n\t\t\t\t\t\t<div class=\"elementor-container elementor-column-gap-default\">\n\t\t\t\t\t<div class=\"elementor-column elementor-col-100 elementor-top-column elementor-element elementor-element-62a0cc90\" data-id=\"62a0cc90\" data-element_type=\"column\">\n\t\t\t<div class=\"elementor-widget-wrap elementor-element-populated\">\n\t\t\t\t\t\t\t<\/div>\n\t\t<\/div>\n\t\t\t\t\t<\/div>\n\t\t<\/section>\n\t\t\t\t<\/div>\n\t\t","protected":false},"excerpt":{"rendered":"<p>Podp\u00f3rka jest sprz\u0119tem pomocniczo-rehabilitacyjnym przeznaczonym dla os\u00f3b niepe\u0142nosprawnych ze\u00a0schorzeniem narz\u0105du ruchu, z\u00a0problemami pionizacji lub maj\u0105cych problem z\u00a0utrzymaniem r\u00f3wnowagi w\u00a0czasie chodzenia. Wykorzystywana jest r\u00f3wnie\u017c dla utrzymania r\u00f3wnowagi w\u00a0czasie nauki chodzenia po\u00a0przebytej chorobie lub urazie. U\u017cywana cz\u0119sto przez\u00a0osoby starsze, niepe\u0142nosprawne oraz\u00a0osoby z\u00a0problemami narz\u0105du ruchu. Ogromn\u0105 zalet\u0105 tej\u00a0podp\u00f3rki jest funkcja transportowa. Dzi\u0119ki mo\u017cliwo\u015bci przepinania oparcia, siedzisku oraz\u00a0rozk\u0142adanemu podn\u00f3\u017ckowi, podpieraj\u0105cemu nogi istnieje mo\u017cliwo\u015b\u0107 przewo\u017cenia pacjenta. Ponadto wyposa\u017cenie w\u00a0siedzisko z\u00a0oparciem zdecydowanie zwi\u0119ksza komfort u\u017cytkownika \u2013 mo\u017cliwo\u015b\u0107 odpoczynku podczas d\u0142ugich spacer\u00f3w. Dodatkowo funkcja sk\u0142adania znacznie u\u0142atwia przechowywanie.<\/p>\n","protected":false},"author":1,"featured_media":0,"parent":24,"menu_order":0,"comment_status":"closed","ping_status":"closed","template":"","meta":{"footnotes":""},"class_list":["post-426","page","type-page","status-publish","hentry"],"_links":{"self":[{"href":"https:\/\/med-orto.pl\/index.php?rest_route=\/wp\/v2\/pages\/426","targetHints":{"allow":["GET"]}}],"collection":[{"href":"https:\/\/med-orto.pl\/index.php?rest_route=\/wp\/v2\/pages"}],"about":[{"href":"https:\/\/med-orto.pl\/index.php?rest_route=\/wp\/v2\/types\/page"}],"author":[{"embeddable":true,"href":"https:\/\/med-orto.pl\/index.php?rest_route=\/wp\/v2\/users\/1"}],"replies":[{"embeddable":true,"href":"https:\/\/med-orto.pl\/index.php?rest_route=%2Fwp%2Fv2%2Fcomments&post=426"}],"version-history":[{"count":2,"href":"https:\/\/med-orto.pl\/index.php?rest_route=\/wp\/v2\/pages\/426\/revisions"}],"predecessor-version":[{"id":457,"href":"https:\/\/med-orto.pl\/index.php?rest_route=\/wp\/v2\/pages\/426\/revisions\/457"}],"up":[{"embeddable":true,"href":"https:\/\/med-orto.pl\/index.php?rest_route=\/wp\/v2\/pages\/24"}],"wp:attachment":[{"href":"https:\/\/med-orto.pl\/index.php?rest_route=%2Fwp%2Fv2%2Fmedia&parent=426"}],"curies":[{"name":"wp","href":"https:\/\/api.w.org\/{rel}","templated":true}]}}