{"id":3100,"date":"2025-07-30T21:04:10","date_gmt":"2025-07-30T19:04:10","guid":{"rendered":"https:\/\/med-orto.pl\/?page_id=3100"},"modified":"2025-07-30T21:14:11","modified_gmt":"2025-07-30T19:14:11","slug":"elektryczny-podnosnik-toaletowy-pacjenta","status":"publish","type":"page","link":"https:\/\/med-orto.pl\/?page_id=3100","title":{"rendered":"Elektryczny podno\u015bnik toaletowy pacjenta"},"content":{"rendered":"\t\t<div data-elementor-type=\"wp-page\" data-elementor-id=\"3100\" class=\"elementor elementor-3100\">\n\t\t\t\t\t\t<section class=\"elementor-section elementor-top-section elementor-element elementor-element-742de489 elementor-section-boxed elementor-section-height-default elementor-section-height-default\" data-id=\"742de489\" data-element_type=\"section\">\n\t\t\t\t\t\t<div class=\"elementor-container elementor-column-gap-default\">\n\t\t\t\t\t<div class=\"elementor-column elementor-col-50 elementor-top-column elementor-element elementor-element-7a143027\" data-id=\"7a143027\" data-element_type=\"column\">\n\t\t\t<div class=\"elementor-widget-wrap elementor-element-populated\">\n\t\t\t\t\t\t<div class=\"elementor-element elementor-element-e80529c elementor-widget elementor-widget-text-editor\" data-id=\"e80529c\" data-element_type=\"widget\" data-widget_type=\"text-editor.default\">\n\t\t\t\t<div class=\"elementor-widget-container\">\n\t\t\t\t\t\t\t\t\t<p><strong>PRZEWIDZIANE ZASTOSOWANIE:\u00a0<\/strong><\/p><p>Sprz\u0119t pomocniczy przeznaczony jest dla os\u00f3b z dysfunkcjami narz\u0105du ruchu, u\u0142atwiaj\u0105cy (najazd nad sedes) lub w ograniczonym zakresie do transportu os\u00f3b z niepe\u0142nosprawno\u015bciami ruchowymi wewn\u0105trz pomieszcze\u0144.<\/p>\t\t\t\t\t\t\t\t<\/div>\n\t\t\t\t<\/div>\n\t\t\t\t\t<\/div>\n\t\t<\/div>\n\t\t\t\t<div class=\"elementor-column elementor-col-50 elementor-top-column elementor-element elementor-element-d7add0b\" data-id=\"d7add0b\" data-element_type=\"column\">\n\t\t\t<div class=\"elementor-widget-wrap elementor-element-populated\">\n\t\t\t\t\t\t<div class=\"elementor-element elementor-element-12a6f3b9 elementor-widget elementor-widget-image\" data-id=\"12a6f3b9\" data-element_type=\"widget\" data-widget_type=\"image.default\">\n\t\t\t\t<div class=\"elementor-widget-container\">\n\t\t\t\t\t\t\t\t\t\t\t\t\t\t\t\t<a href=\"https:\/\/med-orto.pl\/wp-content\/uploads\/2025\/07\/Elektryczny-podnosnik-toaletowy.jpg\" data-elementor-open-lightbox=\"yes\" data-elementor-lightbox-title=\"Elektryczny podno\u015bnik toaletowy\" data-elementor-lightbox-description=\"Elektryczny podno\u015bnik toaletowy\" data-e-action-hash=\"#elementor-action%3Aaction%3Dlightbox%26settings%3DeyJpZCI6MzEwMywidXJsIjoiaHR0cHM6XC9cL21lZC1vcnRvLnBsXC93cC1jb250ZW50XC91cGxvYWRzXC8yMDI1XC8wN1wvRWxla3RyeWN6bnktcG9kbm9zbmlrLXRvYWxldG93eS5qcGcifQ%3D%3D\">\n\t\t\t\t\t\t\t<img fetchpriority=\"high\" decoding=\"async\" width=\"300\" height=\"300\" src=\"https:\/\/med-orto.pl\/wp-content\/uploads\/2025\/07\/Elektryczny-podnosnik-toaletowy-300x300.jpg\" class=\"attachment-medium size-medium wp-image-3103\" alt=\"Elektryczny podno\u015bnik toaletowy\" \/>\t\t\t\t\t\t\t\t<\/a>\n\t\t\t\t\t\t\t\t\t\t\t\t\t\t\t<\/div>\n\t\t\t\t<\/div>\n\t\t\t\t\t<\/div>\n\t\t<\/div>\n\t\t\t\t\t<\/div>\n\t\t<\/section>\n\t\t\t\t<section class=\"elementor-section elementor-top-section elementor-element elementor-element-ba54158 elementor-section-boxed elementor-section-height-default elementor-section-height-default\" data-id=\"ba54158\" data-element_type=\"section\">\n\t\t\t\t\t\t<div class=\"elementor-container elementor-column-gap-default\">\n\t\t\t\t\t<div class=\"elementor-column elementor-col-100 elementor-top-column elementor-element elementor-element-37ea731\" data-id=\"37ea731\" data-element_type=\"column\">\n\t\t\t<div class=\"elementor-widget-wrap elementor-element-populated\">\n\t\t\t\t\t\t<div class=\"elementor-element elementor-element-a84cb0d elementor-widget elementor-widget-image\" data-id=\"a84cb0d\" data-element_type=\"widget\" data-widget_type=\"image.default\">\n\t\t\t\t<div class=\"elementor-widget-container\">\n\t\t\t\t\t\t\t\t\t\t\t\t\t\t\t<img decoding=\"async\" width=\"300\" height=\"287\" src=\"https:\/\/med-orto.pl\/wp-content\/uploads\/2025\/07\/elektryczny-podnosnik-toaletowy2-300x287.jpg\" class=\"attachment-medium size-medium wp-image-3104\" alt=\"Elektryczny podno\u015bnik toaletowy\" \/>\t\t\t\t\t\t\t\t\t\t\t\t\t\t\t<\/div>\n\t\t\t\t<\/div>\n\t\t\t\t\t<\/div>\n\t\t<\/div>\n\t\t\t\t\t<\/div>\n\t\t<\/section>\n\t\t\t\t<section class=\"elementor-section elementor-top-section elementor-element elementor-element-60aa55de elementor-section-boxed elementor-section-height-default elementor-section-height-default\" data-id=\"60aa55de\" data-element_type=\"section\">\n\t\t\t\t\t\t<div class=\"elementor-container elementor-column-gap-default\">\n\t\t\t\t\t<div class=\"elementor-column elementor-col-100 elementor-top-column elementor-element elementor-element-540ffd1\" data-id=\"540ffd1\" data-element_type=\"column\">\n\t\t\t<div class=\"elementor-widget-wrap elementor-element-populated\">\n\t\t\t\t\t\t<div class=\"elementor-element elementor-element-64684800 elementor-widget elementor-widget-text-editor\" data-id=\"64684800\" data-element_type=\"widget\" data-widget_type=\"text-editor.default\">\n\t\t\t\t<div class=\"elementor-widget-container\">\n\t\t\t\t\t\t\t\t\t<p><strong>PRZECIWWSKAZANIA:<\/strong><\/p><p>Brak samodzielnej stabilizacji g\u0142owy i tu\u0142owia. Przeciwwskazania do pozycji siedz\u0105cej, udar, ca\u0142kowity parali\u017c. Waga pacjenta powy\u017cej 135 kg.<\/p><table width=\"80%\"><tbody><tr><td><p>D\u0142ugo\u015b\u0107 ca\u0142kowita (mm)<\/p><\/td><td><p>750<\/p><\/td><\/tr><tr><td><p>Szeroko\u015b\u0107 ca\u0142kowita (mm)<\/p><\/td><td><p>545\u00a0<\/p><\/td><\/tr><tr><td><p>Wysoko\u015b\u0107\u00a0ca\u0142kowita (mm)<\/p><\/td><td><p>1240<\/p><\/td><\/tr><tr><td><p>Szeroko\u015b\u0107 siedziska (mm)<\/p><\/td><td><p>445<\/p><\/td><\/tr><tr><td><p>G\u0142\u0119boko\u015b\u0107 siedziska (mm)<\/p><\/td><td><p>350<\/p><\/td><\/tr><tr><td><p>Regulacja wysoko\u015bci siedziska (mm)<\/p><\/td><td><p>250<\/p><\/td><\/tr><tr><td><p>Wysoko\u015b\u0107 najazdowa siedziska\u00a0(mierzona od pod\u0142o\u017ca) (mm)<\/p><\/td><td><p>390-645<\/p><\/td><\/tr><tr><td><p>Waga podno\u015bnika (kg)<\/p><\/td><td><p>24,3<\/p><\/td><\/tr><tr><td><p>Maksymalna waga pacjenta (kg)<\/p><\/td><td><p>135<\/p><\/td><\/tr><\/tbody><\/table><p>\u00a0<\/p>\t\t\t\t\t\t\t\t<\/div>\n\t\t\t\t<\/div>\n\t\t\t\t\t<\/div>\n\t\t<\/div>\n\t\t\t\t\t<\/div>\n\t\t<\/section>\n\t\t\t\t<section class=\"elementor-section elementor-top-section elementor-element elementor-element-723da498 elementor-section-boxed elementor-section-height-default elementor-section-height-default\" data-id=\"723da498\" data-element_type=\"section\">\n\t\t\t\t\t\t<div class=\"elementor-container elementor-column-gap-default\">\n\t\t\t\t\t<div class=\"elementor-column elementor-col-100 elementor-top-column elementor-element elementor-element-709e9920\" data-id=\"709e9920\" data-element_type=\"column\">\n\t\t\t<div class=\"elementor-widget-wrap elementor-element-populated\">\n\t\t\t\t\t\t<div class=\"elementor-element elementor-element-6f13d650 elementor-widget elementor-widget-text-editor\" data-id=\"6f13d650\" data-element_type=\"widget\" data-widget_type=\"text-editor.default\">\n\t\t\t\t<div class=\"elementor-widget-container\">\n\t\t\t\t\t\t\t\t\t<p><strong>Cechy produktu:<\/strong><\/p>\t\t\t\t\t\t\t\t<\/div>\n\t\t\t\t<\/div>\n\t\t\t\t\t<\/div>\n\t\t<\/div>\n\t\t\t\t\t<\/div>\n\t\t<\/section>\n\t\t\t\t<section class=\"elementor-section elementor-top-section elementor-element elementor-element-72cb296e elementor-section-boxed elementor-section-height-default elementor-section-height-default\" data-id=\"72cb296e\" data-element_type=\"section\">\n\t\t\t\t\t\t<div class=\"elementor-container elementor-column-gap-default\">\n\t\t\t\t\t<div class=\"elementor-column elementor-col-100 elementor-top-column elementor-element elementor-element-5525971d\" data-id=\"5525971d\" data-element_type=\"column\">\n\t\t\t<div class=\"elementor-widget-wrap elementor-element-populated\">\n\t\t\t\t\t\t<div class=\"elementor-element elementor-element-304839a9 elementor-widget elementor-widget-text-editor\" data-id=\"304839a9\" data-element_type=\"widget\" data-widget_type=\"text-editor.default\">\n\t\t\t\t<div class=\"elementor-widget-container\">\n\t\t\t\t\t\t\t\t\t<ul><li>malowana na bia\u0142o, stalowa rama<\/li><li>elektryczna regulacja wysoko\u015bci siedziska<\/li><li>siedzisko wyposa\u017cone w otw\u00f3r toaletowy<\/li><li>zamkni\u0119cie oparcia metalowym zamkiem<\/li><li>siedzisko ruchome &#8211; dzieli si\u0119 na dwie cz\u0119\u015bci<\/li><li>mi\u0119kkie podparcie dla plec\u00f3w<\/li><li>podn\u00f3\u017cki plastikowe, uchylne<\/li><li>wszystkie ko\u0142a pe\u0142ne<\/li><li>przednie ko\u0142a z hamulcami<\/li><li>IP44<\/li><\/ul><p>\u00a0<\/p>\t\t\t\t\t\t\t\t<\/div>\n\t\t\t\t<\/div>\n\t\t\t\t\t<\/div>\n\t\t<\/div>\n\t\t\t\t\t<\/div>\n\t\t<\/section>\n\t\t\t\t<\/div>\n\t\t","protected":false},"excerpt":{"rendered":"<p>PRZEWIDZIANE ZASTOSOWANIE:\u00a0 Sprz\u0119t pomocniczy przeznaczony jest dla os\u00f3b z dysfunkcjami narz\u0105du ruchu, u\u0142atwiaj\u0105cy (najazd nad sedes) lub w ograniczonym zakresie do transportu os\u00f3b z niepe\u0142nosprawno\u015bciami ruchowymi wewn\u0105trz pomieszcze\u0144. PRZECIWWSKAZANIA: Brak samodzielnej stabilizacji g\u0142owy i tu\u0142owia. Przeciwwskazania do pozycji siedz\u0105cej, udar, ca\u0142kowity parali\u017c. Waga pacjenta powy\u017cej 135 kg. D\u0142ugo\u015b\u0107 ca\u0142kowita (mm) 750 Szeroko\u015b\u0107 ca\u0142kowita (mm) 545\u00a0 Wysoko\u015b\u0107\u00a0ca\u0142kowita (mm) 1240 Szeroko\u015b\u0107 siedziska (mm) 445 G\u0142\u0119boko\u015b\u0107 siedziska (mm) 350 Regulacja wysoko\u015bci siedziska (mm) 250 Wysoko\u015b\u0107 najazdowa siedziska\u00a0(mierzona od pod\u0142o\u017ca) (mm) 390-645 Waga podno\u015bnika (kg) 24,3 Maksymalna waga pacjenta (kg) 135 \u00a0 Cechy produktu:&hellip;<\/p>\n","protected":false},"author":1,"featured_media":0,"parent":0,"menu_order":0,"comment_status":"closed","ping_status":"closed","template":"","meta":{"footnotes":""},"class_list":["post-3100","page","type-page","status-publish","hentry"],"_links":{"self":[{"href":"https:\/\/med-orto.pl\/index.php?rest_route=\/wp\/v2\/pages\/3100","targetHints":{"allow":["GET"]}}],"collection":[{"href":"https:\/\/med-orto.pl\/index.php?rest_route=\/wp\/v2\/pages"}],"about":[{"href":"https:\/\/med-orto.pl\/index.php?rest_route=\/wp\/v2\/types\/page"}],"author":[{"embeddable":true,"href":"https:\/\/med-orto.pl\/index.php?rest_route=\/wp\/v2\/users\/1"}],"replies":[{"embeddable":true,"href":"https:\/\/med-orto.pl\/index.php?rest_route=%2Fwp%2Fv2%2Fcomments&post=3100"}],"version-history":[{"count":8,"href":"https:\/\/med-orto.pl\/index.php?rest_route=\/wp\/v2\/pages\/3100\/revisions"}],"predecessor-version":[{"id":3113,"href":"https:\/\/med-orto.pl\/index.php?rest_route=\/wp\/v2\/pages\/3100\/revisions\/3113"}],"wp:attachment":[{"href":"https:\/\/med-orto.pl\/index.php?rest_route=%2Fwp%2Fv2%2Fmedia&parent=3100"}],"curies":[{"name":"wp","href":"https:\/\/api.w.org\/{rel}","templated":true}]}}