{"id":2662,"date":"2022-04-30T17:56:35","date_gmt":"2022-04-30T15:56:35","guid":{"rendered":"https:\/\/med-orto.pl\/?page_id=2662"},"modified":"2022-04-30T17:59:19","modified_gmt":"2022-04-30T15:59:19","slug":"worek-na-mocz-conveen-security-5161","status":"publish","type":"page","link":"https:\/\/med-orto.pl\/?page_id=2662","title":{"rendered":"Worek na mocz Conveen Security+ 5161"},"content":{"rendered":"\t\t<div data-elementor-type=\"wp-page\" data-elementor-id=\"2662\" class=\"elementor elementor-2662\">\n\t\t\t\t\t\t<section class=\"elementor-section elementor-top-section elementor-element elementor-element-6a1a813a elementor-section-boxed elementor-section-height-default elementor-section-height-default\" data-id=\"6a1a813a\" data-element_type=\"section\">\n\t\t\t\t\t\t<div class=\"elementor-container elementor-column-gap-default\">\n\t\t\t\t\t<div class=\"elementor-column elementor-col-100 elementor-top-column elementor-element elementor-element-4e872260\" data-id=\"4e872260\" data-element_type=\"column\">\n\t\t\t<div class=\"elementor-widget-wrap elementor-element-populated\">\n\t\t\t\t\t\t<div class=\"elementor-element elementor-element-52536efa elementor-widget elementor-widget-image\" data-id=\"52536efa\" data-element_type=\"widget\" data-widget_type=\"image.default\">\n\t\t\t\t<div class=\"elementor-widget-container\">\n\t\t\t\t\t\t\t\t\t\t\t\t\t\t\t\t<a href=\"https:\/\/med-orto.pl\/wp-content\/uploads\/2022\/04\/Worek-na-mocz-Conveen-Security-5161.jpg\" data-elementor-open-lightbox=\"yes\" data-elementor-lightbox-title=\"Worek na mocz Conveen Security+ 5161\" data-e-action-hash=\"#elementor-action%3Aaction%3Dlightbox%26settings%3DeyJpZCI6MjY2NCwidXJsIjoiaHR0cHM6XC9cL21lZC1vcnRvLnBsXC93cC1jb250ZW50XC91cGxvYWRzXC8yMDIyXC8wNFwvV29yZWstbmEtbW9jei1Db252ZWVuLVNlY3VyaXR5LTUxNjEuanBnIn0%3D\">\n\t\t\t\t\t\t\t<img fetchpriority=\"high\" decoding=\"async\" width=\"488\" height=\"647\" src=\"https:\/\/med-orto.pl\/wp-content\/uploads\/2022\/04\/Worek-na-mocz-Conveen-Security-5161.jpg\" class=\"attachment-medium_large size-medium_large wp-image-2664\" alt=\"Worek na mocz Conveen Security+ 5161\" \/>\t\t\t\t\t\t\t\t<\/a>\n\t\t\t\t\t\t\t\t\t\t\t\t\t\t\t<\/div>\n\t\t\t\t<\/div>\n\t\t\t\t\t<\/div>\n\t\t<\/div>\n\t\t\t\t\t<\/div>\n\t\t<\/section>\n\t\t\t\t<section class=\"elementor-section elementor-top-section elementor-element elementor-element-6c0dc732 elementor-section-boxed elementor-section-height-default elementor-section-height-default\" data-id=\"6c0dc732\" data-element_type=\"section\">\n\t\t\t\t\t\t<div class=\"elementor-container elementor-column-gap-default\">\n\t\t\t\t\t<div class=\"elementor-column elementor-col-100 elementor-top-column elementor-element elementor-element-50f66ebe\" data-id=\"50f66ebe\" data-element_type=\"column\">\n\t\t\t<div class=\"elementor-widget-wrap elementor-element-populated\">\n\t\t\t\t\t\t<div class=\"elementor-element elementor-element-7b943b20 elementor-widget elementor-widget-text-editor\" data-id=\"7b943b20\" data-element_type=\"widget\" data-widget_type=\"text-editor.default\">\n\t\t\t\t<div class=\"elementor-widget-container\">\n\t\t\t\t\t\t\t\t\t<p>Worek Conveen Security+ 5161 do zbi\u00f3rki moczu z drenem 50 cm. <br><\/p>\n<p>Pojemno\u015b\u0107: 0,5l <br><\/p>\n<p>Praktyczny, zapewniaj\u0105cy dyskrecj\u0119 worek, umieszczony na \u0142ydce za pomoc\u0105 specjalnych pask\u00f3w mocuj\u0105cych, wykonany z mi\u0119kkich, przyjemnych w dotyku tworzyw, z jednej strony pokryty fizelin\u0105, co sprawia, \u017ce jest \u0142agodny dla sk\u00f3ry i nie szele\u015bci. Spoina w \u015brodkowej cz\u0119\u015bci worka powoduje, \u017ce zachowuje on p\u0142aski kszta\u0142t.<\/p>\n<p>&nbsp;Posiada elastyczny, karbowany dren zapewniaj\u0105cy sta\u0142\u0105 dro\u017cno\u015b\u0107 nawet przy skr\u0119ceniu. Tak, jak inne worki Conveen, jest on wyposa\u017cony w bezpieczny i \u0142atwy w u\u017cyciu zaw\u00f3r odprowadzaj\u0105cy mocz na zewn\u0105trz. <br><\/p>\n<p>Wraz z cewnikami zewn\u0119trznymi lub cewnikami wewn\u0119trznymi typu Foley, stanowi\u0105 kompletny system do zbi\u00f3rki moczu. <br><\/p>\t\t\t\t\t\t\t\t<\/div>\n\t\t\t\t<\/div>\n\t\t\t\t\t<\/div>\n\t\t<\/div>\n\t\t\t\t\t<\/div>\n\t\t<\/section>\n\t\t\t\t<section class=\"elementor-section elementor-top-section elementor-element elementor-element-5b7ec3c6 elementor-section-boxed elementor-section-height-default elementor-section-height-default\" data-id=\"5b7ec3c6\" data-element_type=\"section\">\n\t\t\t\t\t\t<div class=\"elementor-container elementor-column-gap-default\">\n\t\t\t\t\t<div class=\"elementor-column elementor-col-100 elementor-top-column elementor-element elementor-element-375c1121\" data-id=\"375c1121\" data-element_type=\"column\">\n\t\t\t<div class=\"elementor-widget-wrap elementor-element-populated\">\n\t\t\t\t\t\t<div class=\"elementor-element elementor-element-5593efc0 elementor-widget elementor-widget-spacer\" data-id=\"5593efc0\" data-element_type=\"widget\" data-widget_type=\"spacer.default\">\n\t\t\t\t<div class=\"elementor-widget-container\">\n\t\t\t\t\t\t\t<div class=\"elementor-spacer\">\n\t\t\t<div class=\"elementor-spacer-inner\"><\/div>\n\t\t<\/div>\n\t\t\t\t\t\t<\/div>\n\t\t\t\t<\/div>\n\t\t\t\t\t<\/div>\n\t\t<\/div>\n\t\t\t\t\t<\/div>\n\t\t<\/section>\n\t\t\t\t<\/div>\n\t\t","protected":false},"excerpt":{"rendered":"<p>Worek Conveen Security+ 5161 do zbi\u00f3rki moczu z drenem 50 cm. Pojemno\u015b\u0107: 0,5l Praktyczny, zapewniaj\u0105cy dyskrecj\u0119 worek, umieszczony na \u0142ydce za pomoc\u0105 specjalnych pask\u00f3w mocuj\u0105cych, wykonany z mi\u0119kkich, przyjemnych w dotyku tworzyw, z jednej strony pokryty fizelin\u0105, co sprawia, \u017ce jest \u0142agodny dla sk\u00f3ry i nie szele\u015bci. Spoina w \u015brodkowej cz\u0119\u015bci worka powoduje, \u017ce zachowuje on p\u0142aski kszta\u0142t. &nbsp;Posiada elastyczny, karbowany dren zapewniaj\u0105cy sta\u0142\u0105 dro\u017cno\u015b\u0107 nawet przy skr\u0119ceniu. Tak, jak inne worki Conveen, jest on wyposa\u017cony w bezpieczny i \u0142atwy w u\u017cyciu zaw\u00f3r odprowadzaj\u0105cy mocz na zewn\u0105trz. Wraz z cewnikami&hellip;<\/p>\n","protected":false},"author":1,"featured_media":0,"parent":49,"menu_order":0,"comment_status":"closed","ping_status":"closed","template":"","meta":{"footnotes":""},"class_list":["post-2662","page","type-page","status-publish","hentry"],"_links":{"self":[{"href":"https:\/\/med-orto.pl\/index.php?rest_route=\/wp\/v2\/pages\/2662","targetHints":{"allow":["GET"]}}],"collection":[{"href":"https:\/\/med-orto.pl\/index.php?rest_route=\/wp\/v2\/pages"}],"about":[{"href":"https:\/\/med-orto.pl\/index.php?rest_route=\/wp\/v2\/types\/page"}],"author":[{"embeddable":true,"href":"https:\/\/med-orto.pl\/index.php?rest_route=\/wp\/v2\/users\/1"}],"replies":[{"embeddable":true,"href":"https:\/\/med-orto.pl\/index.php?rest_route=%2Fwp%2Fv2%2Fcomments&post=2662"}],"version-history":[{"count":4,"href":"https:\/\/med-orto.pl\/index.php?rest_route=\/wp\/v2\/pages\/2662\/revisions"}],"predecessor-version":[{"id":2667,"href":"https:\/\/med-orto.pl\/index.php?rest_route=\/wp\/v2\/pages\/2662\/revisions\/2667"}],"up":[{"embeddable":true,"href":"https:\/\/med-orto.pl\/index.php?rest_route=\/wp\/v2\/pages\/49"}],"wp:attachment":[{"href":"https:\/\/med-orto.pl\/index.php?rest_route=%2Fwp%2Fv2%2Fmedia&parent=2662"}],"curies":[{"name":"wp","href":"https:\/\/api.w.org\/{rel}","templated":true}]}}