{"id":2656,"date":"2022-04-30T17:52:22","date_gmt":"2022-04-30T15:52:22","guid":{"rendered":"https:\/\/med-orto.pl\/?page_id=2656"},"modified":"2022-04-30T17:55:43","modified_gmt":"2022-04-30T15:55:43","slug":"worek-na-mocz-sterylny","status":"publish","type":"page","link":"https:\/\/med-orto.pl\/?page_id=2656","title":{"rendered":"Worek na mocz sterylny"},"content":{"rendered":"\t\t<div data-elementor-type=\"wp-page\" data-elementor-id=\"2656\" class=\"elementor elementor-2656\">\n\t\t\t\t\t\t<section class=\"elementor-section elementor-top-section elementor-element elementor-element-6f9bb0b1 elementor-section-boxed elementor-section-height-default elementor-section-height-default\" data-id=\"6f9bb0b1\" data-element_type=\"section\">\n\t\t\t\t\t\t<div class=\"elementor-container elementor-column-gap-default\">\n\t\t\t\t\t<div class=\"elementor-column elementor-col-100 elementor-top-column elementor-element elementor-element-7722f5b1\" data-id=\"7722f5b1\" data-element_type=\"column\">\n\t\t\t<div class=\"elementor-widget-wrap elementor-element-populated\">\n\t\t\t\t\t\t<div class=\"elementor-element elementor-element-40106bd9 elementor-widget elementor-widget-image\" data-id=\"40106bd9\" data-element_type=\"widget\" data-widget_type=\"image.default\">\n\t\t\t\t<div class=\"elementor-widget-container\">\n\t\t\t\t\t\t\t\t\t\t\t\t\t\t\t\t<a href=\"https:\/\/med-orto.pl\/wp-content\/uploads\/2022\/04\/Worek-na-mocz-sterylny.jpg\" data-elementor-open-lightbox=\"yes\" data-elementor-lightbox-title=\"Worek na mocz sterylny\" data-e-action-hash=\"#elementor-action%3Aaction%3Dlightbox%26settings%3DeyJpZCI6MjY1OCwidXJsIjoiaHR0cHM6XC9cL21lZC1vcnRvLnBsXC93cC1jb250ZW50XC91cGxvYWRzXC8yMDIyXC8wNFwvV29yZWstbmEtbW9jei1zdGVyeWxueS5qcGcifQ%3D%3D\">\n\t\t\t\t\t\t\t<img fetchpriority=\"high\" decoding=\"async\" width=\"605\" height=\"605\" src=\"https:\/\/med-orto.pl\/wp-content\/uploads\/2022\/04\/Worek-na-mocz-sterylny.jpg\" class=\"attachment-medium_large size-medium_large wp-image-2658\" alt=\"\" \/>\t\t\t\t\t\t\t\t<\/a>\n\t\t\t\t\t\t\t\t\t\t\t\t\t\t\t<\/div>\n\t\t\t\t<\/div>\n\t\t\t\t\t<\/div>\n\t\t<\/div>\n\t\t\t\t\t<\/div>\n\t\t<\/section>\n\t\t\t\t<section class=\"elementor-section elementor-top-section elementor-element elementor-element-840b253 elementor-section-boxed elementor-section-height-default elementor-section-height-default\" data-id=\"840b253\" data-element_type=\"section\">\n\t\t\t\t\t\t<div class=\"elementor-container elementor-column-gap-default\">\n\t\t\t\t\t<div class=\"elementor-column elementor-col-100 elementor-top-column elementor-element elementor-element-72e6fb7\" data-id=\"72e6fb7\" data-element_type=\"column\">\n\t\t\t<div class=\"elementor-widget-wrap elementor-element-populated\">\n\t\t\t\t\t\t<div class=\"elementor-element elementor-element-4fb924a1 elementor-widget elementor-widget-text-editor\" data-id=\"4fb924a1\" data-element_type=\"widget\" data-widget_type=\"text-editor.default\">\n\t\t\t\t<div class=\"elementor-widget-container\">\n\t\t\t\t\t\t\t\t\t<p>Worek na mocz sterylny z portem do pobierania pr\u00f3bek moczu 120cm <\/p>\n<p>Worek na mocz sterylny, z dodatkowym portem do pobierania pr\u00f3bek, s\u0142u\u017cy do dobowej zbi\u00f3rki moczu i innych p\u0142yn\u00f3w ustrojowych i umo\u017cliwia ocen\u0119 funkcjonowania uk\u0142adu moczowego.<\/p>\n<ul>\n<\/ul><div>Cechy produktu: <\/div><ul>\n<li>Zastawka antyzwrotna zapobiega cofaniu si\u0119 moczu, co chroni przed ewentualnymi infekcjami uk\u0142adu moczowego <br><\/li>\n<li>Worek wyposa\u017cony jest w port do pobierania pr\u00f3bek w spos\u00f3b ig\u0142owy i bezig\u0142owy <br><\/li>\n<li>Czytelna podzia\u0142ka umo\u017cliwia \u0142atwe odczytanie ilo\u015bci moczu <br><\/li>\n<li>Posiada kranik spustowy Cross Valve &#8211; poprzeczny T &#8211; s\u0142u\u017c\u0105cy do wypuszczania moczu <br><\/li>\n<li>Wyposa\u017cony we wzmocnione otwory do wieszak\u00f3w <br><\/li>\n<li>Produkt jest ja\u0142owy Pojemno\u015b\u0107: 2 L <br><\/li><li>D\u0142ugo\u015b\u0107 drenu: 120 cm <\/li>\n<\/ul>\t\t\t\t\t\t\t\t<\/div>\n\t\t\t\t<\/div>\n\t\t\t\t\t<\/div>\n\t\t<\/div>\n\t\t\t\t\t<\/div>\n\t\t<\/section>\n\t\t\t\t<section class=\"elementor-section elementor-top-section elementor-element elementor-element-15a358af elementor-section-boxed elementor-section-height-default elementor-section-height-default\" data-id=\"15a358af\" data-element_type=\"section\">\n\t\t\t\t\t\t<div class=\"elementor-container elementor-column-gap-default\">\n\t\t\t\t\t<div class=\"elementor-column elementor-col-100 elementor-top-column elementor-element elementor-element-7389575b\" data-id=\"7389575b\" data-element_type=\"column\">\n\t\t\t<div class=\"elementor-widget-wrap elementor-element-populated\">\n\t\t\t\t\t\t<div class=\"elementor-element elementor-element-65ce265b elementor-widget elementor-widget-spacer\" data-id=\"65ce265b\" data-element_type=\"widget\" data-widget_type=\"spacer.default\">\n\t\t\t\t<div class=\"elementor-widget-container\">\n\t\t\t\t\t\t\t<div class=\"elementor-spacer\">\n\t\t\t<div class=\"elementor-spacer-inner\"><\/div>\n\t\t<\/div>\n\t\t\t\t\t\t<\/div>\n\t\t\t\t<\/div>\n\t\t\t\t\t<\/div>\n\t\t<\/div>\n\t\t\t\t\t<\/div>\n\t\t<\/section>\n\t\t\t\t<\/div>\n\t\t","protected":false},"excerpt":{"rendered":"<p>Worek na mocz sterylny z portem do pobierania pr\u00f3bek moczu 120cm Worek na mocz sterylny, z dodatkowym portem do pobierania pr\u00f3bek, s\u0142u\u017cy do dobowej zbi\u00f3rki moczu i innych p\u0142yn\u00f3w ustrojowych i umo\u017cliwia ocen\u0119 funkcjonowania uk\u0142adu moczowego. Cechy produktu: Zastawka antyzwrotna zapobiega cofaniu si\u0119 moczu, co chroni przed ewentualnymi infekcjami uk\u0142adu moczowego Worek wyposa\u017cony jest w port do pobierania pr\u00f3bek w spos\u00f3b ig\u0142owy i bezig\u0142owy Czytelna podzia\u0142ka umo\u017cliwia \u0142atwe odczytanie ilo\u015bci moczu Posiada kranik spustowy Cross Valve &#8211; poprzeczny T &#8211; s\u0142u\u017c\u0105cy do wypuszczania moczu Wyposa\u017cony we wzmocnione otwory do wieszak\u00f3w&hellip;<\/p>\n","protected":false},"author":1,"featured_media":0,"parent":49,"menu_order":0,"comment_status":"closed","ping_status":"closed","template":"","meta":{"footnotes":""},"class_list":["post-2656","page","type-page","status-publish","hentry"],"_links":{"self":[{"href":"https:\/\/med-orto.pl\/index.php?rest_route=\/wp\/v2\/pages\/2656","targetHints":{"allow":["GET"]}}],"collection":[{"href":"https:\/\/med-orto.pl\/index.php?rest_route=\/wp\/v2\/pages"}],"about":[{"href":"https:\/\/med-orto.pl\/index.php?rest_route=\/wp\/v2\/types\/page"}],"author":[{"embeddable":true,"href":"https:\/\/med-orto.pl\/index.php?rest_route=\/wp\/v2\/users\/1"}],"replies":[{"embeddable":true,"href":"https:\/\/med-orto.pl\/index.php?rest_route=%2Fwp%2Fv2%2Fcomments&post=2656"}],"version-history":[{"count":4,"href":"https:\/\/med-orto.pl\/index.php?rest_route=\/wp\/v2\/pages\/2656\/revisions"}],"predecessor-version":[{"id":2661,"href":"https:\/\/med-orto.pl\/index.php?rest_route=\/wp\/v2\/pages\/2656\/revisions\/2661"}],"up":[{"embeddable":true,"href":"https:\/\/med-orto.pl\/index.php?rest_route=\/wp\/v2\/pages\/49"}],"wp:attachment":[{"href":"https:\/\/med-orto.pl\/index.php?rest_route=%2Fwp%2Fv2%2Fmedia&parent=2656"}],"curies":[{"name":"wp","href":"https:\/\/api.w.org\/{rel}","templated":true}]}}