{"id":2569,"date":"2022-04-25T19:22:27","date_gmt":"2022-04-25T17:22:27","guid":{"rendered":"https:\/\/med-orto.pl\/?page_id=2569"},"modified":"2022-04-25T19:27:10","modified_gmt":"2022-04-25T17:27:10","slug":"mata-do-cwiczen-yellowmat","status":"publish","type":"page","link":"https:\/\/med-orto.pl\/?page_id=2569","title":{"rendered":"Mata do \u0107wicze\u0144 yellowMAT"},"content":{"rendered":"\t\t<div data-elementor-type=\"wp-page\" data-elementor-id=\"2569\" class=\"elementor elementor-2569\">\n\t\t\t\t\t\t<section class=\"elementor-section elementor-top-section elementor-element elementor-element-44334526 elementor-section-boxed elementor-section-height-default elementor-section-height-default\" data-id=\"44334526\" data-element_type=\"section\">\n\t\t\t\t\t\t<div class=\"elementor-container elementor-column-gap-default\">\n\t\t\t\t\t<div class=\"elementor-column elementor-col-100 elementor-top-column elementor-element elementor-element-64e66c32\" data-id=\"64e66c32\" data-element_type=\"column\">\n\t\t\t<div class=\"elementor-widget-wrap elementor-element-populated\">\n\t\t\t\t\t\t<div class=\"elementor-element elementor-element-1cfce5b2 elementor-widget elementor-widget-image\" data-id=\"1cfce5b2\" data-element_type=\"widget\" data-widget_type=\"image.default\">\n\t\t\t\t<div class=\"elementor-widget-container\">\n\t\t\t\t\t\t\t\t\t\t\t\t\t\t\t\t<a href=\"https:\/\/med-orto.pl\/wp-content\/uploads\/2022\/04\/mata.jpg\" data-elementor-open-lightbox=\"yes\" data-elementor-lightbox-title=\"mata\" data-e-action-hash=\"#elementor-action%3Aaction%3Dlightbox%26settings%3DeyJpZCI6MjU3MSwidXJsIjoiaHR0cHM6XC9cL21lZC1vcnRvLnBsXC93cC1jb250ZW50XC91cGxvYWRzXC8yMDIyXC8wNFwvbWF0YS5qcGcifQ%3D%3D\">\n\t\t\t\t\t\t\t<img fetchpriority=\"high\" decoding=\"async\" width=\"640\" height=\"640\" src=\"https:\/\/med-orto.pl\/wp-content\/uploads\/2022\/04\/mata-768x768.jpg\" class=\"attachment-medium_large size-medium_large wp-image-2571\" alt=\"\" \/>\t\t\t\t\t\t\t\t<\/a>\n\t\t\t\t\t\t\t\t\t\t\t\t\t\t\t<\/div>\n\t\t\t\t<\/div>\n\t\t\t\t\t<\/div>\n\t\t<\/div>\n\t\t\t\t\t<\/div>\n\t\t<\/section>\n\t\t\t\t<section class=\"elementor-section elementor-top-section elementor-element elementor-element-24513421 elementor-section-boxed elementor-section-height-default elementor-section-height-default\" data-id=\"24513421\" data-element_type=\"section\">\n\t\t\t\t\t\t<div class=\"elementor-container elementor-column-gap-default\">\n\t\t\t\t\t<div class=\"elementor-column elementor-col-100 elementor-top-column elementor-element elementor-element-27c07f20\" data-id=\"27c07f20\" data-element_type=\"column\">\n\t\t\t<div class=\"elementor-widget-wrap elementor-element-populated\">\n\t\t\t\t\t\t<div class=\"elementor-element elementor-element-42728ee3 elementor-widget elementor-widget-text-editor\" data-id=\"42728ee3\" data-element_type=\"widget\" data-widget_type=\"text-editor.default\">\n\t\t\t\t<div class=\"elementor-widget-container\">\n\t\t\t\t\t\t\t\t\t<div><b>W\u0142a\u015bciwo\u015bci:<\/b><\/div><ul><li>Mata do \u0107wicze\u0144 wykonana z NBR \u2022 Grubo\u015b\u0107 1,5 cm izoluje od pod\u0142ogi i zapewnia wygod\u0119 podczas \u0107wicze\u0144<\/li><li>Mo\u017ce by\u0107 stosowana do \u0107wicze\u0144 w domu, gabinecie lub sali fitness<\/li><li>Mata nie \u015blizga si\u0119 po pod\u0142o\u017cu, zwi\u0119kszaj\u0105c komfort i bezpiecze\u0144stwo u\u017cytkowania<\/li><li>Po zako\u0144czeniu \u0107wicze\u0144 mata mo\u017ce by\u0107 przechowywana zwini\u0119ta, dzi\u0119ki czemu nie zajmuje wiele miejsca w domu\/gabinecie mi\u0119dzy kolejnymi treningami<\/li><li>W zestawie elastyczny pasek do spinania maty<\/li><li>Mata jest wodoodporna i \u0142atwa do utrzymania w czysto\u015bci<\/li><li>Kolor czarny<\/li><li>D\u0142ugo\u015b\u0107: 183 cm \u2022 Szeroko\u015b\u0107: 61 cm \u2022 Grubo\u015b\u0107: 1,5 cm<\/li><\/ul><div>\u00a0<\/div><p><b>Zastosowanie:<\/b><\/p><ul><li>\u0106wiczenia (fitness, joga, pilates) <\/li><li>\u0106wiczenia rehabilitacyjne<\/li><\/ul><div>\u00a0<\/div>\t\t\t\t\t\t\t\t<\/div>\n\t\t\t\t<\/div>\n\t\t\t\t\t<\/div>\n\t\t<\/div>\n\t\t\t\t\t<\/div>\n\t\t<\/section>\n\t\t\t\t<section class=\"elementor-section elementor-top-section elementor-element elementor-element-53b89b2c elementor-section-boxed elementor-section-height-default elementor-section-height-default\" data-id=\"53b89b2c\" data-element_type=\"section\">\n\t\t\t\t\t\t<div class=\"elementor-container elementor-column-gap-default\">\n\t\t\t\t\t<div class=\"elementor-column elementor-col-100 elementor-top-column elementor-element elementor-element-22902403\" data-id=\"22902403\" data-element_type=\"column\">\n\t\t\t<div class=\"elementor-widget-wrap elementor-element-populated\">\n\t\t\t\t\t\t\t<\/div>\n\t\t<\/div>\n\t\t\t\t\t<\/div>\n\t\t<\/section>\n\t\t\t\t<\/div>\n\t\t","protected":false},"excerpt":{"rendered":"<p>W\u0142a\u015bciwo\u015bci: Mata do \u0107wicze\u0144 wykonana z NBR \u2022 Grubo\u015b\u0107 1,5 cm izoluje od pod\u0142ogi i zapewnia wygod\u0119 podczas \u0107wicze\u0144 Mo\u017ce by\u0107 stosowana do \u0107wicze\u0144 w domu, gabinecie lub sali fitness Mata nie \u015blizga si\u0119 po pod\u0142o\u017cu, zwi\u0119kszaj\u0105c komfort i bezpiecze\u0144stwo u\u017cytkowania Po zako\u0144czeniu \u0107wicze\u0144 mata mo\u017ce by\u0107 przechowywana zwini\u0119ta, dzi\u0119ki czemu nie zajmuje wiele miejsca w domu\/gabinecie mi\u0119dzy kolejnymi treningami W zestawie elastyczny pasek do spinania maty Mata jest wodoodporna i \u0142atwa do utrzymania w czysto\u015bci Kolor czarny D\u0142ugo\u015b\u0107: 183 cm \u2022 Szeroko\u015b\u0107: 61 cm \u2022 Grubo\u015b\u0107: 1,5 cm \u00a0&hellip;<\/p>\n","protected":false},"author":1,"featured_media":0,"parent":2539,"menu_order":0,"comment_status":"closed","ping_status":"closed","template":"","meta":{"footnotes":""},"class_list":["post-2569","page","type-page","status-publish","hentry"],"_links":{"self":[{"href":"https:\/\/med-orto.pl\/index.php?rest_route=\/wp\/v2\/pages\/2569","targetHints":{"allow":["GET"]}}],"collection":[{"href":"https:\/\/med-orto.pl\/index.php?rest_route=\/wp\/v2\/pages"}],"about":[{"href":"https:\/\/med-orto.pl\/index.php?rest_route=\/wp\/v2\/types\/page"}],"author":[{"embeddable":true,"href":"https:\/\/med-orto.pl\/index.php?rest_route=\/wp\/v2\/users\/1"}],"replies":[{"embeddable":true,"href":"https:\/\/med-orto.pl\/index.php?rest_route=%2Fwp%2Fv2%2Fcomments&post=2569"}],"version-history":[{"count":4,"href":"https:\/\/med-orto.pl\/index.php?rest_route=\/wp\/v2\/pages\/2569\/revisions"}],"predecessor-version":[{"id":2574,"href":"https:\/\/med-orto.pl\/index.php?rest_route=\/wp\/v2\/pages\/2569\/revisions\/2574"}],"up":[{"embeddable":true,"href":"https:\/\/med-orto.pl\/index.php?rest_route=\/wp\/v2\/pages\/2539"}],"wp:attachment":[{"href":"https:\/\/med-orto.pl\/index.php?rest_route=%2Fwp%2Fv2%2Fmedia&parent=2569"}],"curies":[{"name":"wp","href":"https:\/\/api.w.org\/{rel}","templated":true}]}}