{"id":2552,"date":"2022-04-25T19:09:38","date_gmt":"2022-04-25T17:09:38","guid":{"rendered":"https:\/\/med-orto.pl\/?page_id=2552"},"modified":"2022-04-25T19:21:37","modified_gmt":"2022-04-25T17:21:37","slug":"materac-gofrowany","status":"publish","type":"page","link":"https:\/\/med-orto.pl\/?page_id=2552","title":{"rendered":"Materac gofrowany"},"content":{"rendered":"\t\t<div data-elementor-type=\"wp-page\" data-elementor-id=\"2552\" class=\"elementor elementor-2552\">\n\t\t\t\t\t\t<section class=\"elementor-section elementor-top-section elementor-element elementor-element-107e8245 elementor-section-boxed elementor-section-height-default elementor-section-height-default\" data-id=\"107e8245\" data-element_type=\"section\">\n\t\t\t\t\t\t<div class=\"elementor-container elementor-column-gap-default\">\n\t\t\t\t\t<div class=\"elementor-column elementor-col-100 elementor-top-column elementor-element elementor-element-3eac670c\" data-id=\"3eac670c\" data-element_type=\"column\">\n\t\t\t<div class=\"elementor-widget-wrap elementor-element-populated\">\n\t\t\t\t\t\t<div class=\"elementor-element elementor-element-6a91961e elementor-widget elementor-widget-image\" data-id=\"6a91961e\" data-element_type=\"widget\" data-widget_type=\"image.default\">\n\t\t\t\t<div class=\"elementor-widget-container\">\n\t\t\t\t\t\t\t\t\t\t\t\t\t\t\t\t<a href=\"https:\/\/med-orto.pl\/wp-content\/uploads\/2022\/04\/Materac-przeciwodlezynowy-gofrowany.jpg\" data-elementor-open-lightbox=\"yes\" data-elementor-lightbox-title=\"Materac przeciwodle\u017cynowy gofrowany\" data-e-action-hash=\"#elementor-action%3Aaction%3Dlightbox%26settings%3DeyJpZCI6MjU1NiwidXJsIjoiaHR0cHM6XC9cL21lZC1vcnRvLnBsXC93cC1jb250ZW50XC91cGxvYWRzXC8yMDIyXC8wNFwvTWF0ZXJhYy1wcnplY2l3b2RsZXp5bm93eS1nb2Zyb3dhbnkuanBnIn0%3D\">\n\t\t\t\t\t\t\t<img fetchpriority=\"high\" decoding=\"async\" width=\"576\" height=\"408\" src=\"https:\/\/med-orto.pl\/wp-content\/uploads\/2022\/04\/Materac-przeciwodlezynowy-gofrowany.jpg\" class=\"attachment-medium_large size-medium_large wp-image-2556\" alt=\"Materac przeciwodle\u017cynowy gofrowany\" \/>\t\t\t\t\t\t\t\t<\/a>\n\t\t\t\t\t\t\t\t\t\t\t\t\t\t\t<\/div>\n\t\t\t\t<\/div>\n\t\t\t\t\t<\/div>\n\t\t<\/div>\n\t\t\t\t\t<\/div>\n\t\t<\/section>\n\t\t\t\t<section class=\"elementor-section elementor-top-section elementor-element elementor-element-212a5d30 elementor-section-boxed elementor-section-height-default elementor-section-height-default\" data-id=\"212a5d30\" data-element_type=\"section\">\n\t\t\t\t\t\t<div class=\"elementor-container elementor-column-gap-default\">\n\t\t\t\t\t<div class=\"elementor-column elementor-col-100 elementor-top-column elementor-element elementor-element-49a2453a\" data-id=\"49a2453a\" data-element_type=\"column\">\n\t\t\t<div class=\"elementor-widget-wrap elementor-element-populated\">\n\t\t\t\t\t\t<div class=\"elementor-element elementor-element-d97763d elementor-widget elementor-widget-text-editor\" data-id=\"d97763d\" data-element_type=\"widget\" data-widget_type=\"text-editor.default\">\n\t\t\t\t<div class=\"elementor-widget-container\">\n\t\t\t\t\t\t\t\t\t<p>Materac przeciwodle\u017cynowy gofrowany powinien by\u0107 stosowany g\u0142\u00f3wnie profilaktycznie zapobiegaj\u0105c powstawaniu oraz przy leczeniu odle\u017cyn.\u00a0 Materac gofrowany grubo\u015bci 10 cm mo\u017ce by\u0107 stosowany jako wierzchni le\u017c\u0105cy na innym lub wersalce (kanapie). <\/p>\t\t\t\t\t\t\t\t<\/div>\n\t\t\t\t<\/div>\n\t\t\t\t\t<\/div>\n\t\t<\/div>\n\t\t\t\t\t<\/div>\n\t\t<\/section>\n\t\t\t\t<section class=\"elementor-section elementor-inner-section elementor-element elementor-element-3989de53 elementor-section-boxed elementor-section-height-default elementor-section-height-default\" data-id=\"3989de53\" data-element_type=\"section\">\n\t\t\t\t\t\t<div class=\"elementor-container elementor-column-gap-default\">\n\t\t\t\t\t<div class=\"elementor-column elementor-col-25 elementor-inner-column elementor-element elementor-element-45e87c85\" data-id=\"45e87c85\" data-element_type=\"column\">\n\t\t\t<div class=\"elementor-widget-wrap elementor-element-populated\">\n\t\t\t\t\t\t<div class=\"elementor-element elementor-element-48d36f1b elementor-widget elementor-widget-text-editor\" data-id=\"48d36f1b\" data-element_type=\"widget\" data-widget_type=\"text-editor.default\">\n\t\t\t\t<div class=\"elementor-widget-container\">\n\t\t\t\t\t\t\t\t\t<p>\u00a0<\/p><p>\u00a0<\/p><p>\u00a0<\/p><p>Materac przeciwodle\u017cynowy gofrowany <\/p>\t\t\t\t\t\t\t\t<\/div>\n\t\t\t\t<\/div>\n\t\t\t\t\t<\/div>\n\t\t<\/div>\n\t\t\t\t<div class=\"elementor-column elementor-col-25 elementor-inner-column elementor-element elementor-element-6357aa52\" data-id=\"6357aa52\" data-element_type=\"column\">\n\t\t\t<div class=\"elementor-widget-wrap elementor-element-populated\">\n\t\t\t\t\t\t<div class=\"elementor-element elementor-element-536898ed elementor-widget elementor-widget-text-editor\" data-id=\"536898ed\" data-element_type=\"widget\" data-widget_type=\"text-editor.default\">\n\t\t\t\t<div class=\"elementor-widget-container\">\n\t\t\t\t\t\t\t\t\t<p><b>Rozmiar<\/b><\/p><p>198 x 90 x 10cm<\/p><p>198 x 90 x 10cm<\/p><p>198 x 90 x 12cm<\/p><p>198 x 90 x 12 cm<\/p><p>198 x 90 x 15cm<\/p><p>198 x 90 x 15cm<\/p>\t\t\t\t\t\t\t\t<\/div>\n\t\t\t\t<\/div>\n\t\t\t\t\t<\/div>\n\t\t<\/div>\n\t\t\t\t<div class=\"elementor-column elementor-col-25 elementor-inner-column elementor-element elementor-element-4818b813\" data-id=\"4818b813\" data-element_type=\"column\">\n\t\t\t<div class=\"elementor-widget-wrap elementor-element-populated\">\n\t\t\t\t\t\t<div class=\"elementor-element elementor-element-797ccc1 elementor-widget elementor-widget-text-editor\" data-id=\"797ccc1\" data-element_type=\"widget\" data-widget_type=\"text-editor.default\">\n\t\t\t\t<div class=\"elementor-widget-container\">\n\t\t\t\t\t\t\t\t\t<p><b>Pokrowiec<\/b><\/p><p>Bez pokrowca<\/p><p>w pokrowcu<\/p><p>Bez pokrowca<\/p><p>w pokrowcu<\/p><p>Bez pokrowca<\/p><p>w pokrowcu<\/p><p>\u00a0<\/p>\t\t\t\t\t\t\t\t<\/div>\n\t\t\t\t<\/div>\n\t\t\t\t\t<\/div>\n\t\t<\/div>\n\t\t\t\t<div class=\"elementor-column elementor-col-25 elementor-inner-column elementor-element elementor-element-2e2556f1\" data-id=\"2e2556f1\" data-element_type=\"column\">\n\t\t\t<div class=\"elementor-widget-wrap elementor-element-populated\">\n\t\t\t\t\t\t<div class=\"elementor-element elementor-element-73b1b7e0 elementor-widget elementor-widget-text-editor\" data-id=\"73b1b7e0\" data-element_type=\"widget\" data-widget_type=\"text-editor.default\">\n\t\t\t\t<div class=\"elementor-widget-container\">\n\t\t\t\t\t\t\t\t\t<p><b>Dop. ci\u0119\u017car<\/b><\/p><p>~65kg<\/p><p>~65kg<b><br \/><\/b><\/p><p>~80kg<\/p><p>~80kg<\/p><p>~100kg<\/p><p>~100kg<\/p><p>\u00a0<\/p>\t\t\t\t\t\t\t\t<\/div>\n\t\t\t\t<\/div>\n\t\t\t\t\t<\/div>\n\t\t<\/div>\n\t\t\t\t\t<\/div>\n\t\t<\/section>\n\t\t\t\t<section class=\"elementor-section elementor-top-section elementor-element elementor-element-7ee66479 elementor-section-boxed elementor-section-height-default elementor-section-height-default\" data-id=\"7ee66479\" data-element_type=\"section\">\n\t\t\t\t\t\t<div class=\"elementor-container elementor-column-gap-default\">\n\t\t\t\t\t<div class=\"elementor-column elementor-col-100 elementor-top-column elementor-element elementor-element-14fc511e\" data-id=\"14fc511e\" data-element_type=\"column\">\n\t\t\t<div class=\"elementor-widget-wrap elementor-element-populated\">\n\t\t\t\t\t\t\t<\/div>\n\t\t<\/div>\n\t\t\t\t\t<\/div>\n\t\t<\/section>\n\t\t\t\t<\/div>\n\t\t","protected":false},"excerpt":{"rendered":"<p>Materac przeciwodle\u017cynowy gofrowany powinien by\u0107 stosowany g\u0142\u00f3wnie profilaktycznie zapobiegaj\u0105c powstawaniu oraz przy leczeniu odle\u017cyn.\u00a0 Materac gofrowany grubo\u015bci 10 cm mo\u017ce by\u0107 stosowany jako wierzchni le\u017c\u0105cy na innym lub wersalce (kanapie). \u00a0 \u00a0 \u00a0 Materac przeciwodle\u017cynowy gofrowany Rozmiar 198 x 90 x 10cm 198 x 90 x 10cm 198 x 90 x 12cm 198 x 90 x 12 cm 198 x 90 x 15cm 198 x 90 x 15cm Pokrowiec Bez pokrowca w pokrowcu Bez pokrowca w pokrowcu Bez pokrowca w pokrowcu \u00a0 Dop. ci\u0119\u017car ~65kg ~65kg ~80kg ~80kg ~100kg ~100kg&hellip;<\/p>\n","protected":false},"author":1,"featured_media":0,"parent":2539,"menu_order":0,"comment_status":"closed","ping_status":"closed","template":"","meta":{"footnotes":""},"class_list":["post-2552","page","type-page","status-publish","hentry"],"_links":{"self":[{"href":"https:\/\/med-orto.pl\/index.php?rest_route=\/wp\/v2\/pages\/2552","targetHints":{"allow":["GET"]}}],"collection":[{"href":"https:\/\/med-orto.pl\/index.php?rest_route=\/wp\/v2\/pages"}],"about":[{"href":"https:\/\/med-orto.pl\/index.php?rest_route=\/wp\/v2\/types\/page"}],"author":[{"embeddable":true,"href":"https:\/\/med-orto.pl\/index.php?rest_route=\/wp\/v2\/users\/1"}],"replies":[{"embeddable":true,"href":"https:\/\/med-orto.pl\/index.php?rest_route=%2Fwp%2Fv2%2Fcomments&post=2552"}],"version-history":[{"count":7,"href":"https:\/\/med-orto.pl\/index.php?rest_route=\/wp\/v2\/pages\/2552\/revisions"}],"predecessor-version":[{"id":2568,"href":"https:\/\/med-orto.pl\/index.php?rest_route=\/wp\/v2\/pages\/2552\/revisions\/2568"}],"up":[{"embeddable":true,"href":"https:\/\/med-orto.pl\/index.php?rest_route=\/wp\/v2\/pages\/2539"}],"wp:attachment":[{"href":"https:\/\/med-orto.pl\/index.php?rest_route=%2Fwp%2Fv2%2Fmedia&parent=2552"}],"curies":[{"name":"wp","href":"https:\/\/api.w.org\/{rel}","templated":true}]}}