{"id":2545,"date":"2022-04-25T18:47:39","date_gmt":"2022-04-25T16:47:39","guid":{"rendered":"https:\/\/med-orto.pl\/?page_id=2545"},"modified":"2022-04-25T19:08:58","modified_gmt":"2022-04-25T17:08:58","slug":"materac-do-cwiczen","status":"publish","type":"page","link":"https:\/\/med-orto.pl\/?page_id=2545","title":{"rendered":"Materac do \u0107wicze\u0144"},"content":{"rendered":"\t\t<div data-elementor-type=\"wp-page\" data-elementor-id=\"2545\" class=\"elementor elementor-2545\">\n\t\t\t\t\t\t<section class=\"elementor-section elementor-top-section elementor-element elementor-element-55822a49 elementor-section-boxed elementor-section-height-default elementor-section-height-default\" data-id=\"55822a49\" data-element_type=\"section\">\n\t\t\t\t\t\t<div class=\"elementor-container elementor-column-gap-default\">\n\t\t\t\t\t<div class=\"elementor-column elementor-col-100 elementor-top-column elementor-element elementor-element-3262555b\" data-id=\"3262555b\" data-element_type=\"column\">\n\t\t\t<div class=\"elementor-widget-wrap elementor-element-populated\">\n\t\t\t\t\t\t<div class=\"elementor-element elementor-element-716c9455 elementor-widget elementor-widget-image\" data-id=\"716c9455\" data-element_type=\"widget\" data-widget_type=\"image.default\">\n\t\t\t\t<div class=\"elementor-widget-container\">\n\t\t\t\t\t\t\t\t\t\t\t\t\t\t\t\t<a href=\"https:\/\/med-orto.pl\/wp-content\/uploads\/2022\/04\/Materac-do-cwiczen.jpg\" data-elementor-open-lightbox=\"yes\" data-elementor-lightbox-title=\"Materac do \u0107wicze\u0144\" data-e-action-hash=\"#elementor-action%3Aaction%3Dlightbox%26settings%3DeyJpZCI6MjU0NywidXJsIjoiaHR0cHM6XC9cL21lZC1vcnRvLnBsXC93cC1jb250ZW50XC91cGxvYWRzXC8yMDIyXC8wNFwvTWF0ZXJhYy1kby1jd2ljemVuLmpwZyJ9\">\n\t\t\t\t\t\t\t<img fetchpriority=\"high\" decoding=\"async\" width=\"585\" height=\"407\" src=\"https:\/\/med-orto.pl\/wp-content\/uploads\/2022\/04\/Materac-do-cwiczen.jpg\" class=\"attachment-medium_large size-medium_large wp-image-2547\" alt=\"Materac do \u0107wicze\u0144\" \/>\t\t\t\t\t\t\t\t<\/a>\n\t\t\t\t\t\t\t\t\t\t\t\t\t\t\t<\/div>\n\t\t\t\t<\/div>\n\t\t\t\t\t<\/div>\n\t\t<\/div>\n\t\t\t\t\t<\/div>\n\t\t<\/section>\n\t\t\t\t<section class=\"elementor-section elementor-top-section elementor-element elementor-element-5cf53e18 elementor-section-boxed elementor-section-height-default elementor-section-height-default\" data-id=\"5cf53e18\" data-element_type=\"section\">\n\t\t\t\t\t\t<div class=\"elementor-container elementor-column-gap-default\">\n\t\t\t\t\t<div class=\"elementor-column elementor-col-100 elementor-top-column elementor-element elementor-element-7b29830c\" data-id=\"7b29830c\" data-element_type=\"column\">\n\t\t\t<div class=\"elementor-widget-wrap elementor-element-populated\">\n\t\t\t\t\t\t<div class=\"elementor-element elementor-element-75e46852 elementor-widget elementor-widget-text-editor\" data-id=\"75e46852\" data-element_type=\"widget\" data-widget_type=\"text-editor.default\">\n\t\t\t\t<div class=\"elementor-widget-container\">\n\t\t\t\t\t\t\t\t\t<p>Materace stosowane s\u0105 w rehabilitacji domowej (derma \/ bawe\u0142na), w gabinetach rehabilitacyjnych (derma) oraz w szko\u0142ach i du\u017cych o\u015brodkach rehabilitacyjnych (materace p\u0142askie w dermie).<\/p><p><b>R\u00f3\u017cne wersje rozmiarowe dost\u0119pne na zam\u00f3wienie<\/b><\/p>\t\t\t\t\t\t\t\t<\/div>\n\t\t\t\t<\/div>\n\t\t\t\t<section class=\"elementor-section elementor-inner-section elementor-element elementor-element-769d34a elementor-section-boxed elementor-section-height-default elementor-section-height-default\" data-id=\"769d34a\" data-element_type=\"section\">\n\t\t\t\t\t\t<div class=\"elementor-container elementor-column-gap-default\">\n\t\t\t\t\t<div class=\"elementor-column elementor-col-25 elementor-inner-column elementor-element elementor-element-5db851a\" data-id=\"5db851a\" data-element_type=\"column\">\n\t\t\t<div class=\"elementor-widget-wrap elementor-element-populated\">\n\t\t\t\t\t\t<div class=\"elementor-element elementor-element-ff2b655 elementor-widget elementor-widget-text-editor\" data-id=\"ff2b655\" data-element_type=\"widget\" data-widget_type=\"text-editor.default\">\n\t\t\t\t<div class=\"elementor-widget-container\">\n\t\t\t\t\t\t\t\t\t<p><br><\/p><p><br><\/p><p><br><\/p>\n<p>Materac do rehabilitacji<\/p>\t\t\t\t\t\t\t\t<\/div>\n\t\t\t\t<\/div>\n\t\t\t\t\t<\/div>\n\t\t<\/div>\n\t\t\t\t<div class=\"elementor-column elementor-col-25 elementor-inner-column elementor-element elementor-element-19d3555\" data-id=\"19d3555\" data-element_type=\"column\">\n\t\t\t<div class=\"elementor-widget-wrap elementor-element-populated\">\n\t\t\t\t\t\t<div class=\"elementor-element elementor-element-15ed63a elementor-widget elementor-widget-text-editor\" data-id=\"15ed63a\" data-element_type=\"widget\" data-widget_type=\"text-editor.default\">\n\t\t\t\t<div class=\"elementor-widget-container\">\n\t\t\t\t\t\t\t\t\t<p><b>Typ<\/b><\/p>\n<p>Sk\u0142adany<\/p>\n<p>Sk\u0142adany<\/p>\n<p>Sk\u0142adany<\/p>\n<p>Sk\u0142adany<\/p>\n<p>Sk\u0142adany<\/p><p>Sk\u0142adany<\/p><p>P\u0142aski<\/p><p>P\u0142aski<br><\/p>\t\t\t\t\t\t\t\t<\/div>\n\t\t\t\t<\/div>\n\t\t\t\t\t<\/div>\n\t\t<\/div>\n\t\t\t\t<div class=\"elementor-column elementor-col-25 elementor-inner-column elementor-element elementor-element-bec8451\" data-id=\"bec8451\" data-element_type=\"column\">\n\t\t\t<div class=\"elementor-widget-wrap elementor-element-populated\">\n\t\t\t\t\t\t<div class=\"elementor-element elementor-element-69ae58d elementor-widget elementor-widget-text-editor\" data-id=\"69ae58d\" data-element_type=\"widget\" data-widget_type=\"text-editor.default\">\n\t\t\t\t<div class=\"elementor-widget-container\">\n\t\t\t\t\t\t\t\t\t<p><b>Rozmiar<\/b><\/p>\n<p>180 x 65 x 4 cm<\/p>\n<p>180 x 65 x 4 cm<\/p><p>180 x 80 x 5 cm<\/p>\n<p>180 x 80 x 5 cm<\/p>\n<p>198 x 90 x 5 cm<\/p>\n<p>198 x 90 x 5 cm<\/p>\n<p>198 x 90 x 5 cm<\/p>\n<p>198 x 90 x 10 cm<br><\/p>\t\t\t\t\t\t\t\t<\/div>\n\t\t\t\t<\/div>\n\t\t\t\t\t<\/div>\n\t\t<\/div>\n\t\t\t\t<div class=\"elementor-column elementor-col-25 elementor-inner-column elementor-element elementor-element-9f820fd\" data-id=\"9f820fd\" data-element_type=\"column\">\n\t\t\t<div class=\"elementor-widget-wrap elementor-element-populated\">\n\t\t\t\t\t\t<div class=\"elementor-element elementor-element-8221aad elementor-widget elementor-widget-text-editor\" data-id=\"8221aad\" data-element_type=\"widget\" data-widget_type=\"text-editor.default\">\n\t\t\t\t<div class=\"elementor-widget-container\">\n\t\t\t\t\t\t\t\t\t<p><b>Rodzaj tkaniny<\/b><\/p>\n<p>Bawe\u0142na \/ Derma<b><br><\/b><\/p>\n<p>Derma<b><br><\/b><\/p>\n<p>Bawe\u0142na \/ Derma <br><\/p>\n<p>Derma<\/p>\n<p>Bawe\u0142na \/ Derma<br><\/p><p>Derma<\/p><p>Derma<\/p><p>Derma<b><br><\/b><\/p>\t\t\t\t\t\t\t\t<\/div>\n\t\t\t\t<\/div>\n\t\t\t\t\t<\/div>\n\t\t<\/div>\n\t\t\t\t\t<\/div>\n\t\t<\/section>\n\t\t\t\t\t<\/div>\n\t\t<\/div>\n\t\t\t\t\t<\/div>\n\t\t<\/section>\n\t\t\t\t<section class=\"elementor-section elementor-top-section elementor-element elementor-element-67aff8f2 elementor-section-boxed elementor-section-height-default elementor-section-height-default\" data-id=\"67aff8f2\" data-element_type=\"section\">\n\t\t\t\t\t\t<div class=\"elementor-container elementor-column-gap-default\">\n\t\t\t\t\t<div class=\"elementor-column elementor-col-100 elementor-top-column elementor-element elementor-element-307f0f63\" data-id=\"307f0f63\" data-element_type=\"column\">\n\t\t\t<div class=\"elementor-widget-wrap elementor-element-populated\">\n\t\t\t\t\t\t\t<\/div>\n\t\t<\/div>\n\t\t\t\t\t<\/div>\n\t\t<\/section>\n\t\t\t\t<\/div>\n\t\t","protected":false},"excerpt":{"rendered":"<p>Materace stosowane s\u0105 w rehabilitacji domowej (derma \/ bawe\u0142na), w gabinetach rehabilitacyjnych (derma) oraz w szko\u0142ach i du\u017cych o\u015brodkach rehabilitacyjnych (materace p\u0142askie w dermie). R\u00f3\u017cne wersje rozmiarowe dost\u0119pne na zam\u00f3wienie Materac do rehabilitacji Typ Sk\u0142adany Sk\u0142adany Sk\u0142adany Sk\u0142adany Sk\u0142adany Sk\u0142adany P\u0142aski P\u0142aski Rozmiar 180 x 65 x 4 cm 180 x 65 x 4 cm 180 x 80 x 5 cm 180 x 80 x 5 cm 198 x 90 x 5 cm 198 x 90 x 5 cm 198 x 90 x 5 cm 198 x 90 x 10&hellip;<\/p>\n","protected":false},"author":1,"featured_media":0,"parent":2539,"menu_order":0,"comment_status":"closed","ping_status":"closed","template":"","meta":{"footnotes":""},"class_list":["post-2545","page","type-page","status-publish","hentry"],"_links":{"self":[{"href":"https:\/\/med-orto.pl\/index.php?rest_route=\/wp\/v2\/pages\/2545","targetHints":{"allow":["GET"]}}],"collection":[{"href":"https:\/\/med-orto.pl\/index.php?rest_route=\/wp\/v2\/pages"}],"about":[{"href":"https:\/\/med-orto.pl\/index.php?rest_route=\/wp\/v2\/types\/page"}],"author":[{"embeddable":true,"href":"https:\/\/med-orto.pl\/index.php?rest_route=\/wp\/v2\/users\/1"}],"replies":[{"embeddable":true,"href":"https:\/\/med-orto.pl\/index.php?rest_route=%2Fwp%2Fv2%2Fcomments&post=2545"}],"version-history":[{"count":4,"href":"https:\/\/med-orto.pl\/index.php?rest_route=\/wp\/v2\/pages\/2545\/revisions"}],"predecessor-version":[{"id":2551,"href":"https:\/\/med-orto.pl\/index.php?rest_route=\/wp\/v2\/pages\/2545\/revisions\/2551"}],"up":[{"embeddable":true,"href":"https:\/\/med-orto.pl\/index.php?rest_route=\/wp\/v2\/pages\/2539"}],"wp:attachment":[{"href":"https:\/\/med-orto.pl\/index.php?rest_route=%2Fwp%2Fv2%2Fmedia&parent=2545"}],"curies":[{"name":"wp","href":"https:\/\/api.w.org\/{rel}","templated":true}]}}