{"id":2520,"date":"2022-04-24T12:30:06","date_gmt":"2022-04-24T10:30:06","guid":{"rendered":"https:\/\/med-orto.pl\/?page_id=2520"},"modified":"2022-04-24T12:35:01","modified_gmt":"2022-04-24T10:35:01","slug":"szyna-brauna","status":"publish","type":"page","link":"https:\/\/med-orto.pl\/?page_id=2520","title":{"rendered":"Szyna Brauna"},"content":{"rendered":"\t\t<div data-elementor-type=\"wp-page\" data-elementor-id=\"2520\" class=\"elementor elementor-2520\">\n\t\t\t\t\t\t<section class=\"elementor-section elementor-top-section elementor-element elementor-element-65ca4acf elementor-section-boxed elementor-section-height-default elementor-section-height-default\" data-id=\"65ca4acf\" data-element_type=\"section\">\n\t\t\t\t\t\t<div class=\"elementor-container elementor-column-gap-default\">\n\t\t\t\t\t<div class=\"elementor-column elementor-col-100 elementor-top-column elementor-element elementor-element-36b039d3\" data-id=\"36b039d3\" data-element_type=\"column\">\n\t\t\t<div class=\"elementor-widget-wrap elementor-element-populated\">\n\t\t\t\t\t\t<div class=\"elementor-element elementor-element-3e0f6820 elementor-widget elementor-widget-image\" data-id=\"3e0f6820\" data-element_type=\"widget\" data-widget_type=\"image.default\">\n\t\t\t\t<div class=\"elementor-widget-container\">\n\t\t\t\t\t\t\t\t\t\t\t\t\t\t\t\t<a href=\"https:\/\/med-orto.pl\/wp-content\/uploads\/2022\/04\/Obraz11.jpg\" data-elementor-open-lightbox=\"yes\" data-elementor-lightbox-title=\"Obraz11\" data-e-action-hash=\"#elementor-action%3Aaction%3Dlightbox%26settings%3DeyJpZCI6MjQ3NywidXJsIjoiaHR0cHM6XC9cL21lZC1vcnRvLnBsXC93cC1jb250ZW50XC91cGxvYWRzXC8yMDIyXC8wNFwvT2JyYXoxMS5qcGcifQ%3D%3D\">\n\t\t\t\t\t\t\t<img fetchpriority=\"high\" decoding=\"async\" width=\"605\" height=\"605\" src=\"https:\/\/med-orto.pl\/wp-content\/uploads\/2022\/04\/Obraz11.jpg\" class=\"attachment-medium_large size-medium_large wp-image-2477\" alt=\"Szyna Brauna\" \/>\t\t\t\t\t\t\t\t<\/a>\n\t\t\t\t\t\t\t\t\t\t\t\t\t\t\t<\/div>\n\t\t\t\t<\/div>\n\t\t\t\t\t<\/div>\n\t\t<\/div>\n\t\t\t\t\t<\/div>\n\t\t<\/section>\n\t\t\t\t<section class=\"elementor-section elementor-top-section elementor-element elementor-element-4e6247d elementor-section-boxed elementor-section-height-default elementor-section-height-default\" data-id=\"4e6247d\" data-element_type=\"section\">\n\t\t\t\t\t\t<div class=\"elementor-container elementor-column-gap-default\">\n\t\t\t\t\t<div class=\"elementor-column elementor-col-100 elementor-top-column elementor-element elementor-element-7334a2f3\" data-id=\"7334a2f3\" data-element_type=\"column\">\n\t\t\t<div class=\"elementor-widget-wrap elementor-element-populated\">\n\t\t\t\t\t\t<div class=\"elementor-element elementor-element-513206d5 elementor-widget elementor-widget-text-editor\" data-id=\"513206d5\" data-element_type=\"widget\" data-widget_type=\"text-editor.default\">\n\t\t\t\t<div class=\"elementor-widget-container\">\n\t\t\t\t\t\t\t\t\t<p>Szyna Brauna z wg\u0142\u0119bieniem stosowana jest g\u0142\u00f3wnie po operacjach i urazach ortopedycznych ko\u0144czyn dolnych. Wykorzystuje si\u0119 j\u0105 r\u00f3wnie\u017c do leczenia czynno\u015bciowego i rehabilitacji pourazowej. Dzi\u0119ki dopasowania do kszta\u0142tu podudzia zapewnia stabilne u\u0142o\u017cenie nogi w pozycji le\u017c\u0105cej<\/p>\t\t\t\t\t\t\t\t<\/div>\n\t\t\t\t<\/div>\n\t\t\t\t\t<\/div>\n\t\t<\/div>\n\t\t\t\t\t<\/div>\n\t\t<\/section>\n\t\t\t\t<section class=\"elementor-section elementor-top-section elementor-element elementor-element-cdd374 elementor-section-boxed elementor-section-height-default elementor-section-height-default\" data-id=\"cdd374\" data-element_type=\"section\">\n\t\t\t\t\t\t<div class=\"elementor-container elementor-column-gap-default\">\n\t\t\t\t\t<div class=\"elementor-column elementor-col-100 elementor-top-column elementor-element elementor-element-6ca4ae07\" data-id=\"6ca4ae07\" data-element_type=\"column\">\n\t\t\t<div class=\"elementor-widget-wrap elementor-element-populated\">\n\t\t\t\t\t\t<div class=\"elementor-element elementor-element-31e8237a elementor-widget elementor-widget-text-editor\" data-id=\"31e8237a\" data-element_type=\"widget\" data-widget_type=\"text-editor.default\">\n\t\t\t\t<div class=\"elementor-widget-container\">\n\t\t\t\t\t\t\t\t\t<p>Szyn\u0119 Brauna stosuje si\u0119:<\/p><ul><li>po zabiegach operacyjnych i urazach ortopedycznych; <\/li><li>do leczenia czynno\u015bciowego z\u0142amania; <\/li><li>we wspomagaj\u0105cym leczeniu \u017cylak\u00f3w, niewydolno\u015b\u0107 \u017cylnej, zakrzepicy \u017cylnej, obrz\u0119ku ch\u0142onnego ko\u0144czyn dolnych; <\/li><li>do rehabilitacji pourazowej, w tym uraz\u00f3w naczyniowych; <\/li><li>do odci\u0105\u017cenia n\u00f3g i relaksu; <\/li><li>polecana dla kobiet w okresie ci\u0105\u017cy, dla os\u00f3b kt\u00f3rym puchn\u0105 nogi lub maj\u0105 problemy naczyniowe.<\/li><\/ul><div>\u00a0<\/div><div>Szyn\u0119 stosowa\u0107 podk\u0142adaj\u0105c platform\u0119 sko\u015bn\u0105 pod udo tak, aby kolano oraz stopa spoczywa\u0142y na wzniesieniu. Wg\u0142\u0119bienie u\u0142atwia utrzymanie ko\u0144czyny w unieruchomieniu.<\/div>\t\t\t\t\t\t\t\t<\/div>\n\t\t\t\t<\/div>\n\t\t\t\t\t<\/div>\n\t\t<\/div>\n\t\t\t\t\t<\/div>\n\t\t<\/section>\n\t\t\t\t<section class=\"elementor-section elementor-top-section elementor-element elementor-element-78e1606d elementor-section-boxed elementor-section-height-default elementor-section-height-default\" data-id=\"78e1606d\" data-element_type=\"section\">\n\t\t\t\t\t\t<div class=\"elementor-container elementor-column-gap-default\">\n\t\t\t\t\t<div class=\"elementor-column elementor-col-100 elementor-top-column elementor-element elementor-element-64ced2bb\" data-id=\"64ced2bb\" data-element_type=\"column\">\n\t\t\t<div class=\"elementor-widget-wrap elementor-element-populated\">\n\t\t\t\t\t\t<div class=\"elementor-element elementor-element-52ab3ba7 elementor-widget elementor-widget-text-editor\" data-id=\"52ab3ba7\" data-element_type=\"widget\" data-widget_type=\"text-editor.default\">\n\t\t\t\t<div class=\"elementor-widget-container\">\n\t\t\t\t\t\t\t\t\t<p>Wymiary Szyna Brauna wykonana jest z jednorodnej, odpowiednio wyprofilowanej pianki poliuretanowej, umieszczonej w zdejmowanym pokrowcu bawe\u0142nianym lub nieprzemakalnym PNSP. <br><\/p>\n<p>S &#8211; Szyna Brauna MA\u0141A 60 x 25 x 12 cm<\/p><p>L -Szyna Brauna DU\u017bA 80 x 30 x 19,5 cm<br><\/p>\t\t\t\t\t\t\t\t<\/div>\n\t\t\t\t<\/div>\n\t\t\t\t\t<\/div>\n\t\t<\/div>\n\t\t\t\t\t<\/div>\n\t\t<\/section>\n\t\t\t\t<\/div>\n\t\t","protected":false},"excerpt":{"rendered":"<p>Szyna Brauna z wg\u0142\u0119bieniem stosowana jest g\u0142\u00f3wnie po operacjach i urazach ortopedycznych ko\u0144czyn dolnych. Wykorzystuje si\u0119 j\u0105 r\u00f3wnie\u017c do leczenia czynno\u015bciowego i rehabilitacji pourazowej. Dzi\u0119ki dopasowania do kszta\u0142tu podudzia zapewnia stabilne u\u0142o\u017cenie nogi w pozycji le\u017c\u0105cej Szyn\u0119 Brauna stosuje si\u0119: po zabiegach operacyjnych i urazach ortopedycznych; do leczenia czynno\u015bciowego z\u0142amania; we wspomagaj\u0105cym leczeniu \u017cylak\u00f3w, niewydolno\u015b\u0107 \u017cylnej, zakrzepicy \u017cylnej, obrz\u0119ku ch\u0142onnego ko\u0144czyn dolnych; do rehabilitacji pourazowej, w tym uraz\u00f3w naczyniowych; do odci\u0105\u017cenia n\u00f3g i relaksu; polecana dla kobiet w okresie ci\u0105\u017cy, dla os\u00f3b kt\u00f3rym puchn\u0105 nogi lub maj\u0105 problemy naczyniowe. \u00a0Szyn\u0119&hellip;<\/p>\n","protected":false},"author":1,"featured_media":0,"parent":103,"menu_order":0,"comment_status":"closed","ping_status":"closed","template":"","meta":{"footnotes":""},"class_list":["post-2520","page","type-page","status-publish","hentry"],"_links":{"self":[{"href":"https:\/\/med-orto.pl\/index.php?rest_route=\/wp\/v2\/pages\/2520","targetHints":{"allow":["GET"]}}],"collection":[{"href":"https:\/\/med-orto.pl\/index.php?rest_route=\/wp\/v2\/pages"}],"about":[{"href":"https:\/\/med-orto.pl\/index.php?rest_route=\/wp\/v2\/types\/page"}],"author":[{"embeddable":true,"href":"https:\/\/med-orto.pl\/index.php?rest_route=\/wp\/v2\/users\/1"}],"replies":[{"embeddable":true,"href":"https:\/\/med-orto.pl\/index.php?rest_route=%2Fwp%2Fv2%2Fcomments&post=2520"}],"version-history":[{"count":7,"href":"https:\/\/med-orto.pl\/index.php?rest_route=\/wp\/v2\/pages\/2520\/revisions"}],"predecessor-version":[{"id":2527,"href":"https:\/\/med-orto.pl\/index.php?rest_route=\/wp\/v2\/pages\/2520\/revisions\/2527"}],"up":[{"embeddable":true,"href":"https:\/\/med-orto.pl\/index.php?rest_route=\/wp\/v2\/pages\/103"}],"wp:attachment":[{"href":"https:\/\/med-orto.pl\/index.php?rest_route=%2Fwp%2Fv2%2Fmedia&parent=2520"}],"curies":[{"name":"wp","href":"https:\/\/api.w.org\/{rel}","templated":true}]}}