{"id":2184,"date":"2020-12-19T18:33:22","date_gmt":"2020-12-19T17:33:22","guid":{"rendered":"http:\/\/med-orto.pl\/?page_id=2184"},"modified":"2020-12-27T10:21:06","modified_gmt":"2020-12-27T09:21:06","slug":"ponczochy-70-den","status":"publish","type":"page","link":"https:\/\/med-orto.pl\/?page_id=2184","title":{"rendered":"Po\u0144czochy 70 den"},"content":{"rendered":"\t\t<div data-elementor-type=\"wp-page\" data-elementor-id=\"2184\" class=\"elementor elementor-2184\">\n\t\t\t\t\t\t<section class=\"elementor-section elementor-top-section elementor-element elementor-element-61e17bf5 elementor-section-boxed elementor-section-height-default elementor-section-height-default\" data-id=\"61e17bf5\" data-element_type=\"section\">\n\t\t\t\t\t\t<div class=\"elementor-container elementor-column-gap-default\">\n\t\t\t\t\t<div class=\"elementor-column elementor-col-100 elementor-top-column elementor-element elementor-element-52cf723c\" data-id=\"52cf723c\" data-element_type=\"column\">\n\t\t\t<div class=\"elementor-widget-wrap elementor-element-populated\">\n\t\t\t\t\t\t<div class=\"elementor-element elementor-element-462f1f56 elementor-widget elementor-widget-image\" data-id=\"462f1f56\" data-element_type=\"widget\" data-widget_type=\"image.default\">\n\t\t\t\t<div class=\"elementor-widget-container\">\n\t\t\t\t\t\t\t\t\t\t\t\t\t\t\t\t<a href=\"http:\/\/med-orto.pl\/wp-content\/uploads\/2020\/12\/Po\u0144czochy-70-den-1.jpg\" data-elementor-open-lightbox=\"yes\" data-elementor-lightbox-title=\"Po\u0144czochy 70 den\" data-e-action-hash=\"#elementor-action%3Aaction%3Dlightbox%26settings%3DeyJpZCI6MjI1MCwidXJsIjoiaHR0cHM6XC9cL21lZC1vcnRvLnBsXC93cC1jb250ZW50XC91cGxvYWRzXC8yMDIwXC8xMlwvUG9cdTAxNDRjem9jaHktNzAtZGVuLTEuanBnIn0%3D\">\n\t\t\t\t\t\t\t<img fetchpriority=\"high\" decoding=\"async\" width=\"220\" height=\"300\" src=\"https:\/\/med-orto.pl\/wp-content\/uploads\/2020\/12\/Po\u0144czochy-70-den-1-220x300.jpg\" class=\"attachment-medium size-medium wp-image-2250\" alt=\"\" \/>\t\t\t\t\t\t\t\t<\/a>\n\t\t\t\t\t\t\t\t\t\t\t\t\t\t\t<\/div>\n\t\t\t\t<\/div>\n\t\t\t\t\t<\/div>\n\t\t<\/div>\n\t\t\t\t\t<\/div>\n\t\t<\/section>\n\t\t\t\t<section class=\"elementor-section elementor-top-section elementor-element elementor-element-7894c167 elementor-section-boxed elementor-section-height-default elementor-section-height-default\" data-id=\"7894c167\" data-element_type=\"section\">\n\t\t\t\t\t\t<div class=\"elementor-container elementor-column-gap-default\">\n\t\t\t\t\t<div class=\"elementor-column elementor-col-100 elementor-top-column elementor-element elementor-element-7ecf4ba4\" data-id=\"7ecf4ba4\" data-element_type=\"column\">\n\t\t\t<div class=\"elementor-widget-wrap elementor-element-populated\">\n\t\t\t\t\t\t<div class=\"elementor-element elementor-element-a76578b elementor-widget elementor-widget-text-editor\" data-id=\"a76578b\" data-element_type=\"widget\" data-widget_type=\"text-editor.default\">\n\t\t\t\t<div class=\"elementor-widget-container\">\n\t\t\t\t\t\t\t\t\t<p>Najwy\u017cszej jako\u015bci eleganckie po\u0144czochy Veera ze stopniowanym uciskiem.\u00a0<strong>Poprawiaj\u0105 kr\u0105\u017cenie i perfekcyjnie modeluj\u0105 sylwetk\u0119.<\/strong>\u00a0Stosowane w\u00a0<strong>profilaktyce<\/strong>\u00a0i przy pierwszych problemach z kr\u0105\u017ceniem. Nadaj\u0105 lekko\u015bci nawet najbardziej zm\u0119czonym nogom. Przynosz\u0105 szybk\u0105 i skuteczn\u0105 ulg\u0119 w przypadku pierwszych objaw\u00f3w os\u0142abionego kr\u0105\u017cenia, takich jak: obrz\u0119k, zm\u0119czenie n\u00f3g, uczucie ci\u0119\u017cko\u015bci n\u00f3g, paj\u0105czki (p\u0119kaj\u0105ce naczynka).<br \/><br \/>S\u0105 testowane klinicznie, niezwykle trwa\u0142e, nie puszczaj\u0105 oczek za spraw\u0105 specjalnego splotu plastra miodu, wykonane z przyjemnego w dotyku materia\u0142u z dodatkiem Lycry. Posiadaj\u0105 wzmocnione pi\u0119ty i palce, dzi\u0119ki czemu s\u0105 bardzo trwa\u0142e i odpowiednio uk\u0142adaj\u0105 si\u0119 na nodze, ucisk za\u015b dzia\u0142a we w\u0142a\u015bciwych miejscach. Wyprodukowane w technologii Silver+, zawieraj\u0105 jony srebra.\u00a0<strong>Dbaj\u0105 o komfort i zdrowie Twoich n\u00f3g na ka\u017cdym kroku<\/strong>. Wielokrotnie nagradzane przez Konsument\u00f3w.<\/p><p><strong>Dlaczego warto wybra\u0107 po\u0144czochy marki Veera?<\/strong><br \/>\u2026bo wygl\u0105daj\u0105 jak klasyczne produkty, a znacznie si\u0119 r\u00f3\u017cni\u0105 w\u0142a\u015bciwo\u015bciami:<br \/>\u2022 przynosz\u0105 ulg\u0119 zm\u0119czonym nogom<br \/>\u2022 poprawiaj\u0105 kr\u0105\u017cenie krwi<br \/>\u2022 zapobiegaj\u0105 pierwszym zmianom \u017cylakowym<br \/>\u2022 zapobiegaj\u0105 pojawianiu si\u0119 paj\u0105czk\u00f3w<br \/>\u2022 perfekcyjnie modeluj\u0105 i wyszczuplaj\u0105 sylwetk\u0119<br \/>\u2022\u00a0<strong>sprawiaj\u0105, \u017ce po ca\u0142ym dniu Twoje nogi s\u0105 nadal lekkie<\/strong><\/p>\t\t\t\t\t\t\t\t<\/div>\n\t\t\t\t<\/div>\n\t\t\t\t\t<\/div>\n\t\t<\/div>\n\t\t\t\t\t<\/div>\n\t\t<\/section>\n\t\t\t\t<section class=\"elementor-section elementor-top-section elementor-element elementor-element-38976051 elementor-section-boxed elementor-section-height-default elementor-section-height-default\" data-id=\"38976051\" data-element_type=\"section\">\n\t\t\t\t\t\t<div class=\"elementor-container elementor-column-gap-default\">\n\t\t\t\t\t<div class=\"elementor-column elementor-col-100 elementor-top-column elementor-element elementor-element-f93671c\" data-id=\"f93671c\" data-element_type=\"column\">\n\t\t\t<div class=\"elementor-widget-wrap elementor-element-populated\">\n\t\t\t\t\t\t<div class=\"elementor-element elementor-element-7de8851a elementor-widget elementor-widget-spacer\" data-id=\"7de8851a\" data-element_type=\"widget\" data-widget_type=\"spacer.default\">\n\t\t\t\t<div class=\"elementor-widget-container\">\n\t\t\t\t\t\t\t<div class=\"elementor-spacer\">\n\t\t\t<div class=\"elementor-spacer-inner\"><\/div>\n\t\t<\/div>\n\t\t\t\t\t\t<\/div>\n\t\t\t\t<\/div>\n\t\t\t\t\t<\/div>\n\t\t<\/div>\n\t\t\t\t\t<\/div>\n\t\t<\/section>\n\t\t\t\t<\/div>\n\t\t","protected":false},"excerpt":{"rendered":"<p>Najwy\u017cszej jako\u015bci eleganckie po\u0144czochy Veera ze stopniowanym uciskiem.\u00a0Poprawiaj\u0105 kr\u0105\u017cenie i perfekcyjnie modeluj\u0105 sylwetk\u0119.\u00a0Stosowane w\u00a0profilaktyce\u00a0i przy pierwszych problemach z kr\u0105\u017ceniem. Nadaj\u0105 lekko\u015bci nawet najbardziej zm\u0119czonym nogom. Przynosz\u0105 szybk\u0105 i skuteczn\u0105 ulg\u0119 w przypadku pierwszych objaw\u00f3w os\u0142abionego kr\u0105\u017cenia, takich jak: obrz\u0119k, zm\u0119czenie n\u00f3g, uczucie ci\u0119\u017cko\u015bci n\u00f3g, paj\u0105czki (p\u0119kaj\u0105ce naczynka). S\u0105 testowane klinicznie, niezwykle trwa\u0142e, nie puszczaj\u0105 oczek za spraw\u0105 specjalnego splotu plastra miodu, wykonane z przyjemnego w dotyku materia\u0142u z dodatkiem Lycry. Posiadaj\u0105 wzmocnione pi\u0119ty i palce, dzi\u0119ki czemu s\u0105 bardzo trwa\u0142e i odpowiednio uk\u0142adaj\u0105 si\u0119 na nodze, ucisk za\u015b dzia\u0142a we&hellip;<\/p>\n","protected":false},"author":1,"featured_media":0,"parent":61,"menu_order":0,"comment_status":"closed","ping_status":"closed","template":"","meta":{"footnotes":""},"class_list":["post-2184","page","type-page","status-publish","hentry"],"_links":{"self":[{"href":"https:\/\/med-orto.pl\/index.php?rest_route=\/wp\/v2\/pages\/2184","targetHints":{"allow":["GET"]}}],"collection":[{"href":"https:\/\/med-orto.pl\/index.php?rest_route=\/wp\/v2\/pages"}],"about":[{"href":"https:\/\/med-orto.pl\/index.php?rest_route=\/wp\/v2\/types\/page"}],"author":[{"embeddable":true,"href":"https:\/\/med-orto.pl\/index.php?rest_route=\/wp\/v2\/users\/1"}],"replies":[{"embeddable":true,"href":"https:\/\/med-orto.pl\/index.php?rest_route=%2Fwp%2Fv2%2Fcomments&post=2184"}],"version-history":[{"count":4,"href":"https:\/\/med-orto.pl\/index.php?rest_route=\/wp\/v2\/pages\/2184\/revisions"}],"predecessor-version":[{"id":2265,"href":"https:\/\/med-orto.pl\/index.php?rest_route=\/wp\/v2\/pages\/2184\/revisions\/2265"}],"up":[{"embeddable":true,"href":"https:\/\/med-orto.pl\/index.php?rest_route=\/wp\/v2\/pages\/61"}],"wp:attachment":[{"href":"https:\/\/med-orto.pl\/index.php?rest_route=%2Fwp%2Fv2%2Fmedia&parent=2184"}],"curies":[{"name":"wp","href":"https:\/\/api.w.org\/{rel}","templated":true}]}}