{"id":2128,"date":"2020-12-14T20:13:51","date_gmt":"2020-12-14T19:13:51","guid":{"rendered":"http:\/\/med-orto.pl\/?page_id=2128"},"modified":"2020-12-14T20:32:36","modified_gmt":"2020-12-14T19:32:36","slug":"cervi-poduszka-ortopedyczna-z-pamiecia-ksztaltu","status":"publish","type":"page","link":"https:\/\/med-orto.pl\/?page_id=2128","title":{"rendered":"Cervi+ poduszka ortopedyczna z pami\u0119ci\u0105 kszta\u0142tu"},"content":{"rendered":"\t\t<div data-elementor-type=\"wp-page\" data-elementor-id=\"2128\" class=\"elementor elementor-2128\">\n\t\t\t\t\t\t<section class=\"elementor-section elementor-top-section elementor-element elementor-element-7651f460 elementor-section-boxed elementor-section-height-default elementor-section-height-default\" data-id=\"7651f460\" data-element_type=\"section\">\n\t\t\t\t\t\t<div class=\"elementor-container elementor-column-gap-default\">\n\t\t\t\t\t<div class=\"elementor-column elementor-col-100 elementor-top-column elementor-element elementor-element-471a7165\" data-id=\"471a7165\" data-element_type=\"column\">\n\t\t\t<div class=\"elementor-widget-wrap elementor-element-populated\">\n\t\t\t\t\t\t<div class=\"elementor-element elementor-element-522b1a76 elementor-widget elementor-widget-image\" data-id=\"522b1a76\" data-element_type=\"widget\" data-widget_type=\"image.default\">\n\t\t\t\t<div class=\"elementor-widget-container\">\n\t\t\t\t\t\t\t\t\t\t\t\t\t\t\t\t<a href=\"http:\/\/med-orto.pl\/wp-content\/uploads\/2020\/12\/Cervi-poduszka-ortopedyczna-z-pami\u0119ci\u0105-kszta\u0142tu.jpg\" data-elementor-open-lightbox=\"yes\" data-elementor-lightbox-title=\"Cervi+ poduszka ortopedyczna z pami\u0119ci\u0105 kszta\u0142tu\" data-e-action-hash=\"#elementor-action%3Aaction%3Dlightbox%26settings%3DeyJpZCI6MjEzNywidXJsIjoiaHR0cHM6XC9cL21lZC1vcnRvLnBsXC93cC1jb250ZW50XC91cGxvYWRzXC8yMDIwXC8xMlwvQ2VydmktcG9kdXN6a2Etb3J0b3BlZHljem5hLXotcGFtaVx1MDExOWNpXHUwMTA1LWtzenRhXHUwMTQydHUuanBnIn0%3D\">\n\t\t\t\t\t\t\t<img fetchpriority=\"high\" decoding=\"async\" width=\"300\" height=\"193\" src=\"https:\/\/med-orto.pl\/wp-content\/uploads\/2020\/12\/Cervi-poduszka-ortopedyczna-z-pami\u0119ci\u0105-kszta\u0142tu-300x193.jpg\" class=\"attachment-medium size-medium wp-image-2137\" alt=\"\" \/>\t\t\t\t\t\t\t\t<\/a>\n\t\t\t\t\t\t\t\t\t\t\t\t\t\t\t<\/div>\n\t\t\t\t<\/div>\n\t\t\t\t\t<\/div>\n\t\t<\/div>\n\t\t\t\t\t<\/div>\n\t\t<\/section>\n\t\t\t\t<section class=\"elementor-section elementor-top-section elementor-element elementor-element-6421a8f6 elementor-section-boxed elementor-section-height-default elementor-section-height-default\" data-id=\"6421a8f6\" data-element_type=\"section\">\n\t\t\t\t\t\t<div class=\"elementor-container elementor-column-gap-default\">\n\t\t\t\t\t<div class=\"elementor-column elementor-col-100 elementor-top-column elementor-element elementor-element-7c796e64\" data-id=\"7c796e64\" data-element_type=\"column\">\n\t\t\t<div class=\"elementor-widget-wrap elementor-element-populated\">\n\t\t\t\t\t\t<div class=\"elementor-element elementor-element-3da79e61 elementor-widget elementor-widget-text-editor\" data-id=\"3da79e61\" data-element_type=\"widget\" data-widget_type=\"text-editor.default\">\n\t\t\t\t<div class=\"elementor-widget-container\">\n\t\t\t\t\t\t\t\t\t<p style=\"margin: 0cm; background: white;\"><strong><span style=\"font-size: 18.0pt; font-family: 'Open Sans',sans-serif; color: #6b6c6d;\">Cervi+ poduszka ortopedyczna z pami\u0119ci\u0105 kszta\u0142tu<\/span><\/strong><\/p><p style=\"background: white; margin: 11.25pt 0cm 0cm 0cm;\"><strong><span style=\"font-size: 10.5pt; font-family: 'Open Sans',sans-serif; color: #6b6c6d;\">\u2022\u00a0<\/span><\/strong><span style=\"font-size: 10.5pt; font-family: 'Open Sans',sans-serif; color: #6b6c6d;\">Bardzo wygodna, zapewniaj\u0105ca wsparcie g\u0142owie bez wywierania dodatkowego ucisku na ramiona i szyjny odcinek kr\u0119gos\u0142upa<\/span><\/p><p style=\"background: white; margin: 11.25pt 0cm 0cm 0cm;\"><strong><span style=\"font-size: 10.5pt; font-family: 'Open Sans',sans-serif; color: #6b6c6d;\">\u2022\u00a0<\/span><\/strong><span style=\"font-size: 10.5pt; font-family: 'Open Sans',sans-serif; color: #6b6c6d;\">Kszta\u0142t zawsze dostosowuje si\u0119 do anatomicznego kszta\u0142tu szyi i g\u0142owy, niezale\u017cnie od tego, czy u\u017cytkownik \u015bpi na boku czy na wznak<\/span><\/p><p style=\"background: white; margin: 11.25pt 0cm 0cm 0cm;\"><strong><span style=\"font-size: 10.5pt; font-family: 'Open Sans',sans-serif; color: #6b6c6d;\">\u2022\u00a0<\/span><\/strong><span style=\"font-size: 10.5pt; font-family: 'Open Sans',sans-serif; color: #6b6c6d;\">Pianka wiskoelastyczna zapami\u0119tuje kszta\u0142t g\u0142owy i wywiera niewielki ucisk przeciwny grawitacji dzi\u0119ki czemu u\u0142atwia kr\u0105\u017cenie krwi i zmniejsza ucisk na tkanki<\/span><\/p><p style=\"background: white; margin: 11.25pt 0cm 0cm 0cm;\"><strong><span style=\"font-size: 10.5pt; font-family: 'Open Sans',sans-serif; color: #6b6c6d;\">\u2022\u00a0<\/span><\/strong><span style=\"font-size: 10.5pt; font-family: 'Open Sans',sans-serif; color: #6b6c6d;\">Wysokiej jako\u015bci elastyczny pokrowiec na poduszk\u0119 : 80% bawe\u0142ny, 20% poliestru (do prania w temp. 40\u00b0C)<\/span><\/p><p style=\"background: white; margin: 11.25pt 0cm 0cm 0cm;\"><strong><span style=\"font-size: 10.5pt; font-family: 'Open Sans',sans-serif; color: #6b6c6d;\">\u2022\u00a0<\/span><\/strong><span style=\"font-size: 10.5pt; font-family: 'Open Sans',sans-serif; color: #6b6c6d;\">Dost\u0119pne s\u0105 r\u00f3wnie\u017c oddzielne pokrowce<\/span><\/p><p style=\"background: white; margin: 11.25pt 0cm 0cm 0cm;\"><span style=\"font-size: 9.0pt; font-family: 'Open Sans',sans-serif; color: #6b6c6d;\">G\u0119sto\u015b\u0107 75 kg\/ m3<\/span><\/p><p style=\"background: white; margin: 11.25pt 0cm 0cm 0cm;\"><span style=\"font-size: 9.0pt; font-family: 'Open Sans',sans-serif; color: #6b6c6d;\">Poduszka (szeroko\u015b\u0107 x g\u0142\u0119boko\u015b\u0107 x wysoko\u015b\u0107) 50 x 32 x 10,5 \/ 8 cm<\/span><\/p><p style=\"background: white; margin: 11.25pt 0cm 0cm 0cm;\"><span style=\"font-size: 9.0pt; font-family: 'Open Sans',sans-serif; color: #6b6c6d;\">Nowy pokrowiec WW0460 030 1A<\/span><\/p>\t\t\t\t\t\t\t\t<\/div>\n\t\t\t\t<\/div>\n\t\t\t\t\t<\/div>\n\t\t<\/div>\n\t\t\t\t\t<\/div>\n\t\t<\/section>\n\t\t\t\t<section class=\"elementor-section elementor-top-section elementor-element elementor-element-2a3773c elementor-section-boxed elementor-section-height-default elementor-section-height-default\" data-id=\"2a3773c\" data-element_type=\"section\">\n\t\t\t\t\t\t<div class=\"elementor-container elementor-column-gap-default\">\n\t\t\t\t\t<div class=\"elementor-column elementor-col-100 elementor-top-column elementor-element elementor-element-34e88d3f\" data-id=\"34e88d3f\" data-element_type=\"column\">\n\t\t\t<div class=\"elementor-widget-wrap elementor-element-populated\">\n\t\t\t\t\t\t<div class=\"elementor-element elementor-element-17293396 elementor-widget elementor-widget-spacer\" data-id=\"17293396\" data-element_type=\"widget\" data-widget_type=\"spacer.default\">\n\t\t\t\t<div class=\"elementor-widget-container\">\n\t\t\t\t\t\t\t<div class=\"elementor-spacer\">\n\t\t\t<div class=\"elementor-spacer-inner\"><\/div>\n\t\t<\/div>\n\t\t\t\t\t\t<\/div>\n\t\t\t\t<\/div>\n\t\t\t\t\t<\/div>\n\t\t<\/div>\n\t\t\t\t\t<\/div>\n\t\t<\/section>\n\t\t\t\t<\/div>\n\t\t","protected":false},"excerpt":{"rendered":"<p>Cervi+ poduszka ortopedyczna z pami\u0119ci\u0105 kszta\u0142tu \u2022\u00a0Bardzo wygodna, zapewniaj\u0105ca wsparcie g\u0142owie bez wywierania dodatkowego ucisku na ramiona i szyjny odcinek kr\u0119gos\u0142upa \u2022\u00a0Kszta\u0142t zawsze dostosowuje si\u0119 do anatomicznego kszta\u0142tu szyi i g\u0142owy, niezale\u017cnie od tego, czy u\u017cytkownik \u015bpi na boku czy na wznak \u2022\u00a0Pianka wiskoelastyczna zapami\u0119tuje kszta\u0142t g\u0142owy i wywiera niewielki ucisk przeciwny grawitacji dzi\u0119ki czemu u\u0142atwia kr\u0105\u017cenie krwi i zmniejsza ucisk na tkanki \u2022\u00a0Wysokiej jako\u015bci elastyczny pokrowiec na poduszk\u0119 : 80% bawe\u0142ny, 20% poliestru (do prania w temp. 40\u00b0C) \u2022\u00a0Dost\u0119pne s\u0105 r\u00f3wnie\u017c oddzielne pokrowce G\u0119sto\u015b\u0107 75 kg\/ m3 Poduszka (szeroko\u015b\u0107&hellip;<\/p>\n","protected":false},"author":1,"featured_media":0,"parent":99,"menu_order":0,"comment_status":"closed","ping_status":"closed","template":"","meta":{"footnotes":""},"class_list":["post-2128","page","type-page","status-publish","hentry"],"_links":{"self":[{"href":"https:\/\/med-orto.pl\/index.php?rest_route=\/wp\/v2\/pages\/2128","targetHints":{"allow":["GET"]}}],"collection":[{"href":"https:\/\/med-orto.pl\/index.php?rest_route=\/wp\/v2\/pages"}],"about":[{"href":"https:\/\/med-orto.pl\/index.php?rest_route=\/wp\/v2\/types\/page"}],"author":[{"embeddable":true,"href":"https:\/\/med-orto.pl\/index.php?rest_route=\/wp\/v2\/users\/1"}],"replies":[{"embeddable":true,"href":"https:\/\/med-orto.pl\/index.php?rest_route=%2Fwp%2Fv2%2Fcomments&post=2128"}],"version-history":[{"count":5,"href":"https:\/\/med-orto.pl\/index.php?rest_route=\/wp\/v2\/pages\/2128\/revisions"}],"predecessor-version":[{"id":2154,"href":"https:\/\/med-orto.pl\/index.php?rest_route=\/wp\/v2\/pages\/2128\/revisions\/2154"}],"up":[{"embeddable":true,"href":"https:\/\/med-orto.pl\/index.php?rest_route=\/wp\/v2\/pages\/99"}],"wp:attachment":[{"href":"https:\/\/med-orto.pl\/index.php?rest_route=%2Fwp%2Fv2%2Fmedia&parent=2128"}],"curies":[{"name":"wp","href":"https:\/\/api.w.org\/{rel}","templated":true}]}}