{"id":2121,"date":"2020-12-14T20:06:39","date_gmt":"2020-12-14T19:06:39","guid":{"rendered":"http:\/\/med-orto.pl\/?page_id=2121"},"modified":"2020-12-14T20:27:39","modified_gmt":"2020-12-14T19:27:39","slug":"poduszka-vila-b4","status":"publish","type":"page","link":"https:\/\/med-orto.pl\/?page_id=2121","title":{"rendered":"Poduszka Vila B4"},"content":{"rendered":"\t\t<div data-elementor-type=\"wp-page\" data-elementor-id=\"2121\" class=\"elementor elementor-2121\">\n\t\t\t\t\t\t<section class=\"elementor-section elementor-top-section elementor-element elementor-element-1149d638 elementor-section-boxed elementor-section-height-default elementor-section-height-default\" data-id=\"1149d638\" data-element_type=\"section\">\n\t\t\t\t\t\t<div class=\"elementor-container elementor-column-gap-default\">\n\t\t\t\t\t<div class=\"elementor-column elementor-col-100 elementor-top-column elementor-element elementor-element-6bcf8568\" data-id=\"6bcf8568\" data-element_type=\"column\">\n\t\t\t<div class=\"elementor-widget-wrap elementor-element-populated\">\n\t\t\t\t\t\t<div class=\"elementor-element elementor-element-481f9531 elementor-widget elementor-widget-image\" data-id=\"481f9531\" data-element_type=\"widget\" data-widget_type=\"image.default\">\n\t\t\t\t<div class=\"elementor-widget-container\">\n\t\t\t\t\t\t\t\t\t\t\t\t\t\t\t\t<a href=\"http:\/\/med-orto.pl\/wp-content\/uploads\/2020\/12\/Poduszka-ortopedyczna-B4-Vila.jpg\" data-elementor-open-lightbox=\"yes\" data-elementor-lightbox-title=\"Poduszka ortopedyczna B4 Vila\" data-e-action-hash=\"#elementor-action%3Aaction%3Dlightbox%26settings%3DeyJpZCI6MjEyMywidXJsIjoiaHR0cHM6XC9cL21lZC1vcnRvLnBsXC93cC1jb250ZW50XC91cGxvYWRzXC8yMDIwXC8xMlwvUG9kdXN6a2Etb3J0b3BlZHljem5hLUI0LVZpbGEuanBnIn0%3D\">\n\t\t\t\t\t\t\t<img fetchpriority=\"high\" decoding=\"async\" width=\"300\" height=\"200\" src=\"https:\/\/med-orto.pl\/wp-content\/uploads\/2020\/12\/Poduszka-ortopedyczna-B4-Vila-300x200.jpg\" class=\"attachment-medium size-medium wp-image-2123\" alt=\"Poduszka Vila B4\" \/>\t\t\t\t\t\t\t\t<\/a>\n\t\t\t\t\t\t\t\t\t\t\t\t\t\t\t<\/div>\n\t\t\t\t<\/div>\n\t\t\t\t\t<\/div>\n\t\t<\/div>\n\t\t\t\t\t<\/div>\n\t\t<\/section>\n\t\t\t\t<section class=\"elementor-section elementor-top-section elementor-element elementor-element-152f1044 elementor-section-boxed elementor-section-height-default elementor-section-height-default\" data-id=\"152f1044\" data-element_type=\"section\">\n\t\t\t\t\t\t<div class=\"elementor-container elementor-column-gap-default\">\n\t\t\t\t\t<div class=\"elementor-column elementor-col-100 elementor-top-column elementor-element elementor-element-13e2de5f\" data-id=\"13e2de5f\" data-element_type=\"column\">\n\t\t\t<div class=\"elementor-widget-wrap elementor-element-populated\">\n\t\t\t\t\t\t<div class=\"elementor-element elementor-element-294e0b83 elementor-widget elementor-widget-text-editor\" data-id=\"294e0b83\" data-element_type=\"widget\" data-widget_type=\"text-editor.default\">\n\t\t\t\t<div class=\"elementor-widget-container\">\n\t\t\t\t\t\t\t\t\t<p>Poduszka ortopedyczna Valde Vila doskonale sprawdzi si\u0119 jako \u201epierwsza poduszka\u201d. Posiada anatomiczny i uniwersalny kszta\u0142t, dzi\u0119ki kt\u00f3remu jest bardzo wygodna i nie ingeruj\u0105ca podczas snu oraz wypoczynku. <br><\/p><p>Valde Vila B4 wyst\u0119puje w 3 stopniach twardo\u015bci: mi\u0119kka, \u015brednia, twarda oraz w 3 wysoko\u015bciach: Medium, Large oraz Xlarge. <br><\/p><p>Wysoko\u015b\u0107 poduszki dobiera si\u0119 w zale\u017cno\u015bci od szeroko\u015bci barku oraz takich parametr\u00f3w jak wzrost i postura (aby dowiedzie\u0107 si\u0119 jak dobra\u0107 wysoko\u015b\u0107 zapraszamy do artyku\u0142u \u201cJak\u0105 wybra\u0107 poduszk\u0119 ortopedyczn\u0105?\u201d). Najbardziej uniwersaln\u0105 wysoko\u015bci\u0105 i najcz\u0119\u015bciej wybieran\u0105 jest Large o \u015brednim stopniu twardo\u015bci. <br><\/p><p>Poduszka wykonana z najwy\u017cszej jako\u015bci pianki poliuretanowej MEMORY oraz STANDARD o zamkni\u0119tej strukturze dzi\u0119ki czemu nie gromadzi roztoczy i z powodzeniem stosowana jest przez alergik\u00f3w. Poduszka Valde Vila B4 posiada \u0142uk na bark oraz \u0142agodne wyko\u0144czenia dzi\u0119ki czemu mo\u017cna na niej spa\u0107 na boku oraz na placach (na wznak). <br><\/p><p>W poduszce zastosowany jest system \u201ecyrkulacji powietrza\u201d poprzez otw\u00f3r znajduj\u0105cy si\u0119 na \u015brodku poduszki. Dzi\u0119ki niemu ogranicza si\u0119 pocenie g\u0142owy do minimum.Dost\u0119pna w szerokiej gamie kolorystycznej poszewek z materia\u0142u: frotte, welur oraz bawe\u0142na. <br><\/p><p>Poduszka Valde Vila to doskona\u0142y wyb\u00f3r dla m\u0142odzie\u017cy, m\u0119\u017cczyzn oraz kobiet. Doskona\u0142a do wspomagania rehabilitacji odcinka szyjnego, rekonstrukcji oraz proces\u00f3w przywracania zdrowia we \u015bnie.<br><\/p>\t\t\t\t\t\t\t\t<\/div>\n\t\t\t\t<\/div>\n\t\t\t\t\t<\/div>\n\t\t<\/div>\n\t\t\t\t\t<\/div>\n\t\t<\/section>\n\t\t\t\t<section class=\"elementor-section elementor-top-section elementor-element elementor-element-107ec9b6 elementor-section-boxed elementor-section-height-default elementor-section-height-default\" data-id=\"107ec9b6\" data-element_type=\"section\">\n\t\t\t\t\t\t<div class=\"elementor-container elementor-column-gap-default\">\n\t\t\t\t\t<div class=\"elementor-column elementor-col-100 elementor-top-column elementor-element elementor-element-57d37c0b\" data-id=\"57d37c0b\" data-element_type=\"column\">\n\t\t\t<div class=\"elementor-widget-wrap elementor-element-populated\">\n\t\t\t\t\t\t<div class=\"elementor-element elementor-element-bfc7d08 elementor-widget elementor-widget-spacer\" data-id=\"bfc7d08\" data-element_type=\"widget\" data-widget_type=\"spacer.default\">\n\t\t\t\t<div class=\"elementor-widget-container\">\n\t\t\t\t\t\t\t<div class=\"elementor-spacer\">\n\t\t\t<div class=\"elementor-spacer-inner\"><\/div>\n\t\t<\/div>\n\t\t\t\t\t\t<\/div>\n\t\t\t\t<\/div>\n\t\t\t\t\t<\/div>\n\t\t<\/div>\n\t\t\t\t\t<\/div>\n\t\t<\/section>\n\t\t\t\t<\/div>\n\t\t","protected":false},"excerpt":{"rendered":"<p>Poduszka ortopedyczna Valde Vila doskonale sprawdzi si\u0119 jako \u201epierwsza poduszka\u201d. Posiada anatomiczny i uniwersalny kszta\u0142t, dzi\u0119ki kt\u00f3remu jest bardzo wygodna i nie ingeruj\u0105ca podczas snu oraz wypoczynku. Valde Vila B4 wyst\u0119puje w 3 stopniach twardo\u015bci: mi\u0119kka, \u015brednia, twarda oraz w 3 wysoko\u015bciach: Medium, Large oraz Xlarge. Wysoko\u015b\u0107 poduszki dobiera si\u0119 w zale\u017cno\u015bci od szeroko\u015bci barku oraz takich parametr\u00f3w jak wzrost i postura (aby dowiedzie\u0107 si\u0119 jak dobra\u0107 wysoko\u015b\u0107 zapraszamy do artyku\u0142u \u201cJak\u0105 wybra\u0107 poduszk\u0119 ortopedyczn\u0105?\u201d). Najbardziej uniwersaln\u0105 wysoko\u015bci\u0105 i najcz\u0119\u015bciej wybieran\u0105 jest Large o \u015brednim stopniu twardo\u015bci. Poduszka wykonana z&hellip;<\/p>\n","protected":false},"author":1,"featured_media":0,"parent":99,"menu_order":0,"comment_status":"closed","ping_status":"closed","template":"","meta":{"footnotes":""},"class_list":["post-2121","page","type-page","status-publish","hentry"],"_links":{"self":[{"href":"https:\/\/med-orto.pl\/index.php?rest_route=\/wp\/v2\/pages\/2121","targetHints":{"allow":["GET"]}}],"collection":[{"href":"https:\/\/med-orto.pl\/index.php?rest_route=\/wp\/v2\/pages"}],"about":[{"href":"https:\/\/med-orto.pl\/index.php?rest_route=\/wp\/v2\/types\/page"}],"author":[{"embeddable":true,"href":"https:\/\/med-orto.pl\/index.php?rest_route=\/wp\/v2\/users\/1"}],"replies":[{"embeddable":true,"href":"https:\/\/med-orto.pl\/index.php?rest_route=%2Fwp%2Fv2%2Fcomments&post=2121"}],"version-history":[{"count":4,"href":"https:\/\/med-orto.pl\/index.php?rest_route=\/wp\/v2\/pages\/2121\/revisions"}],"predecessor-version":[{"id":2145,"href":"https:\/\/med-orto.pl\/index.php?rest_route=\/wp\/v2\/pages\/2121\/revisions\/2145"}],"up":[{"embeddable":true,"href":"https:\/\/med-orto.pl\/index.php?rest_route=\/wp\/v2\/pages\/99"}],"wp:attachment":[{"href":"https:\/\/med-orto.pl\/index.php?rest_route=%2Fwp%2Fv2%2Fmedia&parent=2121"}],"curies":[{"name":"wp","href":"https:\/\/api.w.org\/{rel}","templated":true}]}}