{"id":2101,"date":"2020-12-14T19:39:47","date_gmt":"2020-12-14T18:39:47","guid":{"rendered":"http:\/\/med-orto.pl\/?page_id=2101"},"modified":"2020-12-14T19:44:26","modified_gmt":"2020-12-14T18:44:26","slug":"at03004-poduszka-ledzwiowa","status":"publish","type":"page","link":"https:\/\/med-orto.pl\/?page_id=2101","title":{"rendered":"AT03004 Poduszka l\u0119d\u017awiowa"},"content":{"rendered":"\t\t<div data-elementor-type=\"wp-page\" data-elementor-id=\"2101\" class=\"elementor elementor-2101\">\n\t\t\t\t\t\t<section class=\"elementor-section elementor-top-section elementor-element elementor-element-2030a3b7 elementor-section-boxed elementor-section-height-default elementor-section-height-default\" data-id=\"2030a3b7\" data-element_type=\"section\">\n\t\t\t\t\t\t<div class=\"elementor-container elementor-column-gap-default\">\n\t\t\t\t\t<div class=\"elementor-column elementor-col-100 elementor-top-column elementor-element elementor-element-37ca973f\" data-id=\"37ca973f\" data-element_type=\"column\">\n\t\t\t<div class=\"elementor-widget-wrap elementor-element-populated\">\n\t\t\t\t\t\t<div class=\"elementor-element elementor-element-27f7c082 elementor-widget elementor-widget-image\" data-id=\"27f7c082\" data-element_type=\"widget\" data-widget_type=\"image.default\">\n\t\t\t\t<div class=\"elementor-widget-container\">\n\t\t\t\t\t\t\t\t\t\t\t\t\t\t\t\t<a href=\"http:\/\/med-orto.pl\/wp-content\/uploads\/2020\/12\/poduszka-l\u0119d\u017awiowa.jpg\" data-elementor-open-lightbox=\"yes\" data-elementor-lightbox-title=\"poduszka l\u0119d\u017awiowa\" data-e-action-hash=\"#elementor-action%3Aaction%3Dlightbox%26settings%3DeyJpZCI6MjEwNCwidXJsIjoiaHR0cHM6XC9cL21lZC1vcnRvLnBsXC93cC1jb250ZW50XC91cGxvYWRzXC8yMDIwXC8xMlwvcG9kdXN6a2EtbFx1MDExOWRcdTAxN2F3aW93YS5qcGcifQ%3D%3D\">\n\t\t\t\t\t\t\t<img fetchpriority=\"high\" decoding=\"async\" width=\"640\" height=\"426\" src=\"https:\/\/med-orto.pl\/wp-content\/uploads\/2020\/12\/poduszka-l\u0119d\u017awiowa-768x511.jpg\" class=\"attachment-medium_large size-medium_large wp-image-2104\" alt=\"Poduszka l\u0119d\u017awiowa\" \/>\t\t\t\t\t\t\t\t<\/a>\n\t\t\t\t\t\t\t\t\t\t\t\t\t\t\t<\/div>\n\t\t\t\t<\/div>\n\t\t\t\t\t<\/div>\n\t\t<\/div>\n\t\t\t\t\t<\/div>\n\t\t<\/section>\n\t\t\t\t<section class=\"elementor-section elementor-top-section elementor-element elementor-element-70e2efe elementor-section-boxed elementor-section-height-default elementor-section-height-default\" data-id=\"70e2efe\" data-element_type=\"section\">\n\t\t\t\t\t\t<div class=\"elementor-container elementor-column-gap-default\">\n\t\t\t\t\t<div class=\"elementor-column elementor-col-100 elementor-top-column elementor-element elementor-element-54d94f93\" data-id=\"54d94f93\" data-element_type=\"column\">\n\t\t\t<div class=\"elementor-widget-wrap elementor-element-populated\">\n\t\t\t\t\t\t<div class=\"elementor-element elementor-element-770566f5 elementor-widget elementor-widget-text-editor\" data-id=\"770566f5\" data-element_type=\"widget\" data-widget_type=\"text-editor.default\">\n\t\t\t\t<div class=\"elementor-widget-container\">\n\t\t\t\t\t\t\t\t\t<p>Poduszka, wykonana z g\u0119stej pianki wiskoelastycznej z efektem pami\u0119ci, idealnie dopasowuje si\u0119 do kszta\u0142tu cia\u0142a, tworzy dobre podparcie dla kr\u0119gos\u0142upa, a tak\u017ce wymusza w\u0142a\u015bciw\u0105 \u2013 anatomiczn\u0105 lordoz\u0119 kr\u0119gos\u0142upa l\u0119d\u017awiowego. Pomaga zapobiega\u0107 powstawaniu schorze\u0144 odcinka l\u0119d\u017awiowego kr\u0119gos\u0142upa wynikaj\u0105cych z d\u0142ugotrwa\u0142ego pozostawania w niew\u0142a\u015bciwej pozycji. Zapobiega b\u00f3lom kr\u0119gos\u0142upa l\u0119d\u017awiowego podczas pozostawania przez d\u0142ugi czas w pozycji siedz\u0105cej.<\/p><p>Wymiary: <\/p><p>D\u0142ugo\u015b\u0107 33 cm <\/p><p>Szeroko\u015b\u0107 22 cm <\/p><p>Wysoko\u015b\u0107 7 cm<\/p>\t\t\t\t\t\t\t\t<\/div>\n\t\t\t\t<\/div>\n\t\t\t\t\t<\/div>\n\t\t<\/div>\n\t\t\t\t\t<\/div>\n\t\t<\/section>\n\t\t\t\t<section class=\"elementor-section elementor-top-section elementor-element elementor-element-8901ba3 elementor-section-boxed elementor-section-height-default elementor-section-height-default\" data-id=\"8901ba3\" data-element_type=\"section\">\n\t\t\t\t\t\t<div class=\"elementor-container elementor-column-gap-default\">\n\t\t\t\t\t<div class=\"elementor-column elementor-col-100 elementor-top-column elementor-element elementor-element-6588ef19\" data-id=\"6588ef19\" data-element_type=\"column\">\n\t\t\t<div class=\"elementor-widget-wrap elementor-element-populated\">\n\t\t\t\t\t\t<div class=\"elementor-element elementor-element-31fede63 elementor-widget elementor-widget-spacer\" data-id=\"31fede63\" data-element_type=\"widget\" data-widget_type=\"spacer.default\">\n\t\t\t\t<div class=\"elementor-widget-container\">\n\t\t\t\t\t\t\t<div class=\"elementor-spacer\">\n\t\t\t<div class=\"elementor-spacer-inner\"><\/div>\n\t\t<\/div>\n\t\t\t\t\t\t<\/div>\n\t\t\t\t<\/div>\n\t\t\t\t\t<\/div>\n\t\t<\/div>\n\t\t\t\t\t<\/div>\n\t\t<\/section>\n\t\t\t\t<\/div>\n\t\t","protected":false},"excerpt":{"rendered":"<p>Poduszka, wykonana z g\u0119stej pianki wiskoelastycznej z efektem pami\u0119ci, idealnie dopasowuje si\u0119 do kszta\u0142tu cia\u0142a, tworzy dobre podparcie dla kr\u0119gos\u0142upa, a tak\u017ce wymusza w\u0142a\u015bciw\u0105 \u2013 anatomiczn\u0105 lordoz\u0119 kr\u0119gos\u0142upa l\u0119d\u017awiowego. Pomaga zapobiega\u0107 powstawaniu schorze\u0144 odcinka l\u0119d\u017awiowego kr\u0119gos\u0142upa wynikaj\u0105cych z d\u0142ugotrwa\u0142ego pozostawania w niew\u0142a\u015bciwej pozycji. Zapobiega b\u00f3lom kr\u0119gos\u0142upa l\u0119d\u017awiowego podczas pozostawania przez d\u0142ugi czas w pozycji siedz\u0105cej. Wymiary: D\u0142ugo\u015b\u0107 33 cm Szeroko\u015b\u0107 22 cm Wysoko\u015b\u0107 7 cm<\/p>\n","protected":false},"author":1,"featured_media":0,"parent":103,"menu_order":0,"comment_status":"closed","ping_status":"closed","template":"","meta":{"footnotes":""},"class_list":["post-2101","page","type-page","status-publish","hentry"],"_links":{"self":[{"href":"https:\/\/med-orto.pl\/index.php?rest_route=\/wp\/v2\/pages\/2101","targetHints":{"allow":["GET"]}}],"collection":[{"href":"https:\/\/med-orto.pl\/index.php?rest_route=\/wp\/v2\/pages"}],"about":[{"href":"https:\/\/med-orto.pl\/index.php?rest_route=\/wp\/v2\/types\/page"}],"author":[{"embeddable":true,"href":"https:\/\/med-orto.pl\/index.php?rest_route=\/wp\/v2\/users\/1"}],"replies":[{"embeddable":true,"href":"https:\/\/med-orto.pl\/index.php?rest_route=%2Fwp%2Fv2%2Fcomments&post=2101"}],"version-history":[{"count":4,"href":"https:\/\/med-orto.pl\/index.php?rest_route=\/wp\/v2\/pages\/2101\/revisions"}],"predecessor-version":[{"id":2107,"href":"https:\/\/med-orto.pl\/index.php?rest_route=\/wp\/v2\/pages\/2101\/revisions\/2107"}],"up":[{"embeddable":true,"href":"https:\/\/med-orto.pl\/index.php?rest_route=\/wp\/v2\/pages\/103"}],"wp:attachment":[{"href":"https:\/\/med-orto.pl\/index.php?rest_route=%2Fwp%2Fv2%2Fmedia&parent=2101"}],"curies":[{"name":"wp","href":"https:\/\/api.w.org\/{rel}","templated":true}]}}