{"id":1989,"date":"2020-12-02T18:58:07","date_gmt":"2020-12-02T17:58:07","guid":{"rendered":"http:\/\/med-orto.pl\/?page_id=1989"},"modified":"2020-12-05T17:19:16","modified_gmt":"2020-12-05T16:19:16","slug":"walek-wieloiglowy-lyapko-duzy-aplikator-z-kolcami-50","status":"publish","type":"page","link":"https:\/\/med-orto.pl\/?page_id=1989","title":{"rendered":"Wa\u0142ek wieloig\u0142owy Lyapko \u2013 du\u017cy aplikator z kolcami 5,0"},"content":{"rendered":"\t\t<div data-elementor-type=\"wp-page\" data-elementor-id=\"1989\" class=\"elementor elementor-1989\">\n\t\t\t\t\t\t<section class=\"elementor-section elementor-top-section elementor-element elementor-element-24c88d18 elementor-section-boxed elementor-section-height-default elementor-section-height-default\" data-id=\"24c88d18\" data-element_type=\"section\">\n\t\t\t\t\t\t<div class=\"elementor-container elementor-column-gap-default\">\n\t\t\t\t\t<div class=\"elementor-column elementor-col-100 elementor-top-column elementor-element elementor-element-6ef92f7f\" data-id=\"6ef92f7f\" data-element_type=\"column\">\n\t\t\t<div class=\"elementor-widget-wrap elementor-element-populated\">\n\t\t\t\t\t\t<div class=\"elementor-element elementor-element-3fe5911a elementor-widget elementor-widget-image\" data-id=\"3fe5911a\" data-element_type=\"widget\" data-widget_type=\"image.default\">\n\t\t\t\t<div class=\"elementor-widget-container\">\n\t\t\t\t\t\t\t\t\t\t\t\t\t\t\t\t<a href=\"http:\/\/med-orto.pl\/wp-content\/uploads\/2020\/12\/Wa\u0142ek-wieloig\u0142owy-Lyapko-\u2013-du\u017cy-aplikator-z-kolcami-50.jpg\" data-elementor-open-lightbox=\"yes\" data-elementor-lightbox-title=\"Wa\u0142ek wieloig\u0142owy Lyapko \u2013 du\u017cy aplikator z kolcami 5,0\" data-e-action-hash=\"#elementor-action%3Aaction%3Dlightbox%26settings%3DeyJpZCI6MTk5OSwidXJsIjoiaHR0cHM6XC9cL21lZC1vcnRvLnBsXC93cC1jb250ZW50XC91cGxvYWRzXC8yMDIwXC8xMlwvV2FcdTAxNDJlay13aWVsb2lnXHUwMTQyb3d5LUx5YXBrby1cdTIwMTMtZHVcdTAxN2N5LWFwbGlrYXRvci16LWtvbGNhbWktNTAuanBnIn0%3D\">\n\t\t\t\t\t\t\t<img fetchpriority=\"high\" decoding=\"async\" width=\"600\" height=\"600\" src=\"https:\/\/med-orto.pl\/wp-content\/uploads\/2020\/12\/Wa\u0142ek-wieloig\u0142owy-Lyapko-\u2013-du\u017cy-aplikator-z-kolcami-50.jpg\" class=\"attachment-medium_large size-medium_large wp-image-1999\" alt=\"Wa\u0142ek wieloig\u0142owy Lyapko \u2013 du\u017cy aplikator z kolcami 5,0\" \/>\t\t\t\t\t\t\t\t<\/a>\n\t\t\t\t\t\t\t\t\t\t\t\t\t\t\t<\/div>\n\t\t\t\t<\/div>\n\t\t\t\t\t<\/div>\n\t\t<\/div>\n\t\t\t\t\t<\/div>\n\t\t<\/section>\n\t\t\t\t<section class=\"elementor-section elementor-top-section elementor-element elementor-element-60f958c7 elementor-section-boxed elementor-section-height-default elementor-section-height-default\" data-id=\"60f958c7\" data-element_type=\"section\">\n\t\t\t\t\t\t<div class=\"elementor-container elementor-column-gap-default\">\n\t\t\t\t\t<div class=\"elementor-column elementor-col-100 elementor-top-column elementor-element elementor-element-36b6a448\" data-id=\"36b6a448\" data-element_type=\"column\">\n\t\t\t<div class=\"elementor-widget-wrap elementor-element-populated\">\n\t\t\t\t\t\t<div class=\"elementor-element elementor-element-221a8330 elementor-widget elementor-widget-text-editor\" data-id=\"221a8330\" data-element_type=\"widget\" data-widget_type=\"text-editor.default\">\n\t\t\t\t<div class=\"elementor-widget-container\">\n\t\t\t\t\t\t\t\t\t<p>Du\u017cy wa\u0142ek Lyapko ma uniwersalne zastosowanie. W szczeg\u00f3lno\u015bci przeznaczony jest do masa\u017cu du\u017cych cz\u0119\u015bci cia\u0142a np. plec\u00f3w, klatki piersiowej, brzucha, czy po\u015bladk\u00f3w. Aplikator wieloig\u0142owy skutecznie u\u015bmierza b\u00f3l. Ma dzia\u0142anie terapeutyczne oraz kosmetyczne.<\/p><ul><li>Wymiary: 11,1 x 6,1 cm<\/li><li>Rozstaw igie\u0142: 5 mm<\/li><li>Ilo\u015b\u0107 igie\u0142: 570<\/li><li>Sk\u0142ad: mied\u017a, \u017celazo, cynk, srebro, nikiel, guma medyczna<\/li><\/ul><p>Akupresurowy aplikator Lyapko to produkt, kt\u00f3rego u\u017cywa si\u0119 g\u0142\u00f3wnie\u00a0<strong>na wi\u0119ksze partie cia\u0142a<\/strong>, takie jak plecy, po\u015bladki czy brzuch. Wa\u0142ek ma szeroki zakres dzia\u0142ania. Pozwala u\u015bmierzy\u0107 b\u00f3l, a dodatkowo dzia\u0142a uspokajaj\u0105co i relaksuj\u0105co.\u00a0<strong>Wa\u0142ek wieloig\u0142owy Lyapko<\/strong>\u00a0zosta\u0142 wykonany z wysokiej jako\u015bci materia\u0142\u00f3w. Dzi\u0119ki odpowiednio wyprofilowanym ig\u0142om, produkt nie skaleczy nawet bardzo delikatnej sk\u00f3ry. Wa\u0142ek do akupresury zosta\u0142 zaprojektowany z my\u015bl\u0105 o osobach o wi\u0119kszej budowie cia\u0142a. Opr\u00f3cz w\u0142a\u015bciwo\u015bci terapeutycznych, wa\u0142ek Lyapko \u015bwietnie\u00a0<strong>sprawdza si\u0119 w walce z cellulitem.<\/strong>\u00a0Jest bardzo popularny w kosmetologii.<\/p><p><strong>Wa\u0142ek wieloig\u0142owy Lyapko \u2013 cechy:<\/strong><\/p><ul><li>prosty w obs\u0142udze,<\/li><li>bezpieczny w u\u017cyciu,<\/li><li>wykonany z wysokiej jako\u015bci materia\u0142\u00f3w,<\/li><li>u\u017cywany w domach i w gabinetach fizjoterapeutycznych,<\/li><li>znajduje zastosowanie do cel\u00f3w kosmetycznych,<\/li><li>odpowiedni dla os\u00f3b t\u0119\u017cszych, z nadwag\u0105,<\/li><li>u\u015bmierza b\u00f3l, dzia\u0142a relaksuj\u0105co.<\/li><\/ul><p><strong>Na jakie dolegliwo\u015bci pomagaj\u0105 wa\u0142ki terapeutyczne?<\/strong><\/p><p><strong>Terapeutyczne dzia\u0142anie wa\u0142ka wieloig\u0142owego<\/strong>\u00a0Lyapko mo\u017cemy rozr\u00f3\u017cni\u0107 na trzy g\u0142\u00f3wne rodzaje:<\/p><ol><li><strong>\u0142agodz\u0105ce<\/strong>\u2013 wa\u0142ek skutecznie neutralizuje b\u00f3l, nawet ten pojawiaj\u0105cy si\u0119 nagle. Wi\u0119kszy rozmiar aplikatora, sugeruje u\u017cycie go na wi\u0119ksze partie cia\u0142a (plecy, brzuch, nogi, r\u0119ce, po\u015bladki, klatka piersiowa). Masa\u017c powinien z\u0142agodzi\u0107 m.in.\u00a0<strong>b\u00f3le zm\u0119czeniowe n\u00f3g i przedramion<\/strong>, dolegliwo\u015bci w okolicach l\u0119d\u017awiowo-krzy\u017cowych.<\/li><li><strong>relaksuj\u0105co-uspokajaj\u0105ce<\/strong>\u2013 po prostu przynosi odpr\u0119\u017cenie nadmiernie spi\u0119tych mi\u0119\u015bni. Chc\u0105c uzyska\u0107 optymalny efekt nale\u017cy stosowa\u0107 wa\u0142ek systematycznie przez okres\u00a0<strong>1-2 tygodni\u00a0<\/strong>zgodnie z sugerowanym czasem aplikacji (8-15 minut dziennie). Regularny masa\u017c mo\u017ce wp\u0142yn\u0105\u0107 na\u00a0<strong>popraw\u0119 jako\u015bci snu<\/strong>, uczucie odpr\u0119\u017cenia, lepsze samopoczucie.<\/li><li><strong>pobudzaj\u0105ce<\/strong>\u2013 ma zastosowanie np.\u00a0<strong>w przypadku niedow\u0142adu mi\u0119\u015bni<\/strong>, lub podczas rehabilitacji<strong>\u00a0po z\u0142amaniach i innych uszkodzeniach<\/strong>\u00a0o\u015brodk\u00f3w nerwowych. Ig\u0142y zbudowane z warto\u015bciowych metalu stymuluj\u0105 sk\u00f3r\u0119 i mi\u0119\u015bnie, przy\u015bpieszaj\u0105c regeneracj\u0119.<\/li><\/ol><p><strong>Zastosowanie kosmetyczne wa\u0142ka wieloig\u0142owego Lyapko<\/strong><\/p><p>Aplikator z ig\u0142ami cieszy si\u0119 du\u017c\u0105 popularno\u015bci\u0105 w\u015br\u00f3d kobiet, kt\u00f3re szukaj\u0105 sposobu na popraw\u0119 stanu swojej sk\u00f3ry.\u00a0<strong>Wa\u0142ek wieloig\u0142owy Lyapko poprawia ukrwienie<\/strong>. Stosowanie wa\u0142ka przy\u015bpiesza przep\u0142yw krwi i limfy, co przek\u0142ada si\u0119 na niwelowanie dolegliwo\u015bci, takich jak\u00a0<strong>cellulit, opuchlizny, obrz\u0119ki, czy zwiotcza\u0142a sk\u00f3ra<\/strong>. Systematyczny masa\u017c wa\u0142kiem poprawia napi\u0119cie mi\u0119\u015bniowe sk\u00f3ry oraz jej koloryt. Efekt \u201codm\u0142odzenia\u201d jest widoczny ju\u017c po kilkunastu seansach. Wa\u0142ek wieloig\u0142owy do masa\u017cu sprawdza si\u0119 r\u00f3wnie\u017c w celu modelowania i kszta\u0142towania sylwetki.<\/p><p><strong>Jak stosowa\u0107 uniwersalny wa\u0142ek Lyapko?<\/strong><\/p><p><strong>Wa\u0142ek wieloig\u0142owy do masa\u017cu<\/strong>\u00a0znajduje zastosowanie wsz\u0119dzie tam, gdzie mamy do czynienia z b\u00f3lem. \u0141agodzi i uspokaja miejsca dotkni\u0119te chorob\u0105, schorzeniem lub kontuzj\u0105. W zale\u017cno\u015bci od tego jaki efekt chcemy osi\u0105gn\u0105\u0107 masa\u017cem, aplikator nale\u017cy stosowa\u0107 w okre\u015blonych przedzia\u0142ach czasowych. Aplikacja wa\u0142ka terapeutycznego trwaj\u0105ca<strong>\u00a03-7 minut<\/strong>\u00a0pozwoli u\u015bmierzy\u0107 b\u00f3l oraz b\u0119dzie dzia\u0142a\u0107 pobudzaj\u0105co. Natomiast masa\u017c\u00a0<strong>od 8 do 15 minut<\/strong>\u00a0zapewni odpr\u0119\u017cenie oraz pozytywnie wp\u0142ynie na popraw\u0119 snu, czy z\u0142agodzenie przewlek\u0142ego b\u00f3lu. Nale\u017cy pami\u0119ta\u0107 o regularno\u015bci, aby masa\u017c przyni\u00f3s\u0142 optymalne efekty. Sugerowany okres trwania terapii to 1-2 tygodnie.<\/p><p><strong>Wa\u0142ek du\u017cy Lyapko \u2013 dla kogo?<\/strong><\/p><p><strong>Wa\u0142ek wieloig\u0142owy du\u017cy<\/strong>\u00a0znajduje zastosowanie w przypadku os\u00f3b o wi\u0119kszej budowie cia\u0142a i z nadwag\u0105. Jest rekomendowany osobom, b\u0119d\u0105cym w trakcie rehabilitacji, w szczeg\u00f3lno\u015bci po z\u0142amaniach, czy uszkodzeniach systemu nerwowego. Polecany jest tak\u017ce, do szerokiego zastosowania w kosmetologii. Wa\u0142ek Lyapko przyda si\u0119 ka\u017cdej osobie, kt\u00f3ra szuka sposobu na zniwelowanie napi\u0119cia mi\u0119\u015bniowego i stresu.<\/p><p><strong>Przeciwwskazania do stosowania wa\u0142ka z ig\u0142ami<\/strong><\/p><p>Osoby, u kt\u00f3rych wyst\u0119puj\u0105 choroby sk\u00f3ry lub ostre stany zapalne, nie powinny stosowa\u0107 wa\u0142ka Lyapko. Wi\u0119cej informacji na temat przeciwwskaza\u0144 znajdziesz w zak\u0142adce na naszej stronie g\u0142\u00f3wnej.<\/p><p><strong>Parametry:<\/strong><\/p><ul><li>wymiary wa\u0142ka: 11,1 x 6,1 cm<\/li><li>rozstaw igie\u0142: 5 mm<\/li><li>liczba igie\u0142: 570<\/li><li>sk\u0142ad igie\u0142: mied\u017a, \u017celazo, cynk, srebro, nikiel<\/li><li>podstawa: guma medyczna<\/li><li>gwarancja: 12 miesi\u0119cy<\/li><li>czas u\u017cyteczno\u015bci: do 7 lat<\/li><\/ul>\t\t\t\t\t\t\t\t<\/div>\n\t\t\t\t<\/div>\n\t\t\t\t\t<\/div>\n\t\t<\/div>\n\t\t\t\t\t<\/div>\n\t\t<\/section>\n\t\t\t\t<section class=\"elementor-section elementor-top-section elementor-element elementor-element-45867bcc elementor-section-boxed elementor-section-height-default elementor-section-height-default\" data-id=\"45867bcc\" data-element_type=\"section\">\n\t\t\t\t\t\t<div class=\"elementor-container elementor-column-gap-default\">\n\t\t\t\t\t<div class=\"elementor-column elementor-col-100 elementor-top-column elementor-element elementor-element-6f8cf8b3\" data-id=\"6f8cf8b3\" data-element_type=\"column\">\n\t\t\t<div class=\"elementor-widget-wrap elementor-element-populated\">\n\t\t\t\t\t\t<div class=\"elementor-element elementor-element-37623998 elementor-widget elementor-widget-spacer\" data-id=\"37623998\" data-element_type=\"widget\" data-widget_type=\"spacer.default\">\n\t\t\t\t<div class=\"elementor-widget-container\">\n\t\t\t\t\t\t\t<div class=\"elementor-spacer\">\n\t\t\t<div class=\"elementor-spacer-inner\"><\/div>\n\t\t<\/div>\n\t\t\t\t\t\t<\/div>\n\t\t\t\t<\/div>\n\t\t\t\t\t<\/div>\n\t\t<\/div>\n\t\t\t\t\t<\/div>\n\t\t<\/section>\n\t\t\t\t<\/div>\n\t\t","protected":false},"excerpt":{"rendered":"<p>Du\u017cy wa\u0142ek Lyapko ma uniwersalne zastosowanie. W szczeg\u00f3lno\u015bci przeznaczony jest do masa\u017cu du\u017cych cz\u0119\u015bci cia\u0142a np. plec\u00f3w, klatki piersiowej, brzucha, czy po\u015bladk\u00f3w. Aplikator wieloig\u0142owy skutecznie u\u015bmierza b\u00f3l. Ma dzia\u0142anie terapeutyczne oraz kosmetyczne. Wymiary: 11,1 x 6,1 cm Rozstaw igie\u0142: 5 mm Ilo\u015b\u0107 igie\u0142: 570 Sk\u0142ad: mied\u017a, \u017celazo, cynk, srebro, nikiel, guma medyczna Akupresurowy aplikator Lyapko to produkt, kt\u00f3rego u\u017cywa si\u0119 g\u0142\u00f3wnie\u00a0na wi\u0119ksze partie cia\u0142a, takie jak plecy, po\u015bladki czy brzuch. Wa\u0142ek ma szeroki zakres dzia\u0142ania. Pozwala u\u015bmierzy\u0107 b\u00f3l, a dodatkowo dzia\u0142a uspokajaj\u0105co i relaksuj\u0105co.\u00a0Wa\u0142ek wieloig\u0142owy Lyapko\u00a0zosta\u0142 wykonany z wysokiej jako\u015bci&hellip;<\/p>\n","protected":false},"author":1,"featured_media":0,"parent":51,"menu_order":0,"comment_status":"closed","ping_status":"closed","template":"","meta":{"footnotes":""},"class_list":["post-1989","page","type-page","status-publish","hentry"],"_links":{"self":[{"href":"https:\/\/med-orto.pl\/index.php?rest_route=\/wp\/v2\/pages\/1989","targetHints":{"allow":["GET"]}}],"collection":[{"href":"https:\/\/med-orto.pl\/index.php?rest_route=\/wp\/v2\/pages"}],"about":[{"href":"https:\/\/med-orto.pl\/index.php?rest_route=\/wp\/v2\/types\/page"}],"author":[{"embeddable":true,"href":"https:\/\/med-orto.pl\/index.php?rest_route=\/wp\/v2\/users\/1"}],"replies":[{"embeddable":true,"href":"https:\/\/med-orto.pl\/index.php?rest_route=%2Fwp%2Fv2%2Fcomments&post=1989"}],"version-history":[{"count":4,"href":"https:\/\/med-orto.pl\/index.php?rest_route=\/wp\/v2\/pages\/1989\/revisions"}],"predecessor-version":[{"id":2044,"href":"https:\/\/med-orto.pl\/index.php?rest_route=\/wp\/v2\/pages\/1989\/revisions\/2044"}],"up":[{"embeddable":true,"href":"https:\/\/med-orto.pl\/index.php?rest_route=\/wp\/v2\/pages\/51"}],"wp:attachment":[{"href":"https:\/\/med-orto.pl\/index.php?rest_route=%2Fwp%2Fv2%2Fmedia&parent=1989"}],"curies":[{"name":"wp","href":"https:\/\/api.w.org\/{rel}","templated":true}]}}