{"id":1755,"date":"2020-07-17T21:05:54","date_gmt":"2020-07-17T19:05:54","guid":{"rendered":"http:\/\/med-orto.pl\/?page_id=1755"},"modified":"2020-07-19T20:11:22","modified_gmt":"2020-07-19T18:11:22","slug":"poduszka-podrozna-valde-b75","status":"publish","type":"page","link":"https:\/\/med-orto.pl\/?page_id=1755","title":{"rendered":"Poduszka podr\u00f3\u017cna Valde B75"},"content":{"rendered":"\t\t<div data-elementor-type=\"wp-page\" data-elementor-id=\"1755\" class=\"elementor elementor-1755\">\n\t\t\t\t\t\t<section class=\"elementor-section elementor-top-section elementor-element elementor-element-1e442dc0 elementor-section-boxed elementor-section-height-default elementor-section-height-default\" data-id=\"1e442dc0\" data-element_type=\"section\">\n\t\t\t\t\t\t<div class=\"elementor-container elementor-column-gap-default\">\n\t\t\t\t\t<div class=\"elementor-column elementor-col-100 elementor-top-column elementor-element elementor-element-7ea654f3\" data-id=\"7ea654f3\" data-element_type=\"column\">\n\t\t\t<div class=\"elementor-widget-wrap elementor-element-populated\">\n\t\t\t\t\t\t<div class=\"elementor-element elementor-element-2f462dab elementor-widget elementor-widget-image\" data-id=\"2f462dab\" data-element_type=\"widget\" data-widget_type=\"image.default\">\n\t\t\t\t<div class=\"elementor-widget-container\">\n\t\t\t\t\t\t\t\t\t\t\t\t\t\t\t\t<a href=\"http:\/\/med-orto.pl\/wp-content\/uploads\/2020\/07\/Poduszka-podr\u00f3\u017cna-Valde-B75.jpg\" data-elementor-open-lightbox=\"yes\" data-elementor-lightbox-title=\"Poduszka podr\u00f3\u017cna Valde B75\" data-e-action-hash=\"#elementor-action%3Aaction%3Dlightbox%26settings%3DeyJpZCI6MTc4NywidXJsIjoiaHR0cHM6XC9cL21lZC1vcnRvLnBsXC93cC1jb250ZW50XC91cGxvYWRzXC8yMDIwXC8wN1wvUG9kdXN6a2EtcG9kclx1MDBmM1x1MDE3Y25hLVZhbGRlLUI3NS5qcGcifQ%3D%3D\">\n\t\t\t\t\t\t\t<img decoding=\"async\" width=\"150\" height=\"150\" src=\"https:\/\/med-orto.pl\/wp-content\/uploads\/2020\/07\/Poduszka-podr\u00f3\u017cna-Valde-B75-150x150.jpg\" class=\"attachment-thumbnail size-thumbnail wp-image-1787\" alt=\"Poduszka podr\u00f3\u017cna Valde B75\" \/>\t\t\t\t\t\t\t\t<\/a>\n\t\t\t\t\t\t\t\t\t\t\t\t\t\t\t<\/div>\n\t\t\t\t<\/div>\n\t\t\t\t\t<\/div>\n\t\t<\/div>\n\t\t\t\t\t<\/div>\n\t\t<\/section>\n\t\t\t\t<section class=\"elementor-section elementor-top-section elementor-element elementor-element-75b43b8e elementor-section-boxed elementor-section-height-default elementor-section-height-default\" data-id=\"75b43b8e\" data-element_type=\"section\">\n\t\t\t\t\t\t<div class=\"elementor-container elementor-column-gap-default\">\n\t\t\t\t\t<div class=\"elementor-column elementor-col-100 elementor-top-column elementor-element elementor-element-7a181644\" data-id=\"7a181644\" data-element_type=\"column\">\n\t\t\t<div class=\"elementor-widget-wrap elementor-element-populated\">\n\t\t\t\t\t\t<div class=\"elementor-element elementor-element-4ecd549d elementor-widget elementor-widget-text-editor\" data-id=\"4ecd549d\" data-element_type=\"widget\" data-widget_type=\"text-editor.default\">\n\t\t\t\t<div class=\"elementor-widget-container\">\n\t\t\t\t\t\t\t\t\t<p>Doskonale nadaje si\u0119 do zabezpieczenia szyi oraz g\u0142owy podczas snu w pozycji siedz\u0105cej lub p\u00f3\u0142siedz\u0105cej.<\/p><p>Utrzymuje g\u0142ow\u0119 w dogodnej pozycji do spania, stabilizuje ruchy obwodowe g\u0142owy podczas nier\u00f3wnomiernej jazdy, ograniczaj\u0105c do minimum bolesne uszkodzenia wi\u0119zade\u0142 kr\u0119gos\u0142upa szyjnego.<\/p><p>Poduszka podr\u00f3\u017cna wyst\u0119puje r\u00f3wnie\u017c w wersji dostosowanej gabarytowo do przedzia\u0142u wiekowego 7\u201316 lat (Halvm\u00e5n B75d).<\/p><p>Stabilizator Halvm\u00e5n B75 stosowany jest najcz\u0119\u015bciej podczas podr\u00f3\u017cy samochodem, poci\u0105giem lub samolotem.<\/p><p>Dost\u0119pny w szerokiej gamie kolorystycznej. Jest \u0142atwy i bezpieczny w u\u017cyciu a tak\u017ce bardzo wytrzyma\u0142y, mo\u017cna \u0142atwo pra\u0107 go w pralce.<\/p>\t\t\t\t\t\t\t\t<\/div>\n\t\t\t\t<\/div>\n\t\t\t\t\t<\/div>\n\t\t<\/div>\n\t\t\t\t\t<\/div>\n\t\t<\/section>\n\t\t\t\t<section class=\"elementor-section elementor-top-section elementor-element elementor-element-22d8f070 elementor-section-boxed elementor-section-height-default elementor-section-height-default\" data-id=\"22d8f070\" data-element_type=\"section\">\n\t\t\t\t\t\t<div class=\"elementor-container elementor-column-gap-default\">\n\t\t\t\t\t<div class=\"elementor-column elementor-col-100 elementor-top-column elementor-element elementor-element-39a21c2a\" data-id=\"39a21c2a\" data-element_type=\"column\">\n\t\t\t<div class=\"elementor-widget-wrap elementor-element-populated\">\n\t\t\t\t\t\t<div class=\"elementor-element elementor-element-4bde045 elementor-widget elementor-widget-spacer\" data-id=\"4bde045\" data-element_type=\"widget\" data-widget_type=\"spacer.default\">\n\t\t\t\t<div class=\"elementor-widget-container\">\n\t\t\t\t\t\t\t<div class=\"elementor-spacer\">\n\t\t\t<div class=\"elementor-spacer-inner\"><\/div>\n\t\t<\/div>\n\t\t\t\t\t\t<\/div>\n\t\t\t\t<\/div>\n\t\t\t\t\t<\/div>\n\t\t<\/div>\n\t\t\t\t\t<\/div>\n\t\t<\/section>\n\t\t\t\t<section class=\"elementor-section elementor-top-section elementor-element elementor-element-259a915b elementor-section-boxed elementor-section-height-default elementor-section-height-default\" data-id=\"259a915b\" data-element_type=\"section\">\n\t\t\t\t\t\t<div class=\"elementor-container elementor-column-gap-default\">\n\t\t\t\t\t<div class=\"elementor-column elementor-col-100 elementor-top-column elementor-element elementor-element-73e62412\" data-id=\"73e62412\" data-element_type=\"column\">\n\t\t\t<div class=\"elementor-widget-wrap elementor-element-populated\">\n\t\t\t\t\t\t\t<\/div>\n\t\t<\/div>\n\t\t\t\t\t<\/div>\n\t\t<\/section>\n\t\t\t\t<\/div>\n\t\t","protected":false},"excerpt":{"rendered":"<p>Doskonale nadaje si\u0119 do zabezpieczenia szyi oraz g\u0142owy podczas snu w pozycji siedz\u0105cej lub p\u00f3\u0142siedz\u0105cej. Utrzymuje g\u0142ow\u0119 w dogodnej pozycji do spania, stabilizuje ruchy obwodowe g\u0142owy podczas nier\u00f3wnomiernej jazdy, ograniczaj\u0105c do minimum bolesne uszkodzenia wi\u0119zade\u0142 kr\u0119gos\u0142upa szyjnego. Poduszka podr\u00f3\u017cna wyst\u0119puje r\u00f3wnie\u017c w wersji dostosowanej gabarytowo do przedzia\u0142u wiekowego 7\u201316 lat (Halvm\u00e5n B75d). Stabilizator Halvm\u00e5n B75 stosowany jest najcz\u0119\u015bciej podczas podr\u00f3\u017cy samochodem, poci\u0105giem lub samolotem. Dost\u0119pny w szerokiej gamie kolorystycznej. Jest \u0142atwy i bezpieczny w u\u017cyciu a tak\u017ce bardzo wytrzyma\u0142y, mo\u017cna \u0142atwo pra\u0107 go w pralce.<\/p>\n","protected":false},"author":1,"featured_media":0,"parent":103,"menu_order":0,"comment_status":"closed","ping_status":"closed","template":"","meta":{"footnotes":""},"class_list":["post-1755","page","type-page","status-publish","hentry"],"_links":{"self":[{"href":"https:\/\/med-orto.pl\/index.php?rest_route=\/wp\/v2\/pages\/1755","targetHints":{"allow":["GET"]}}],"collection":[{"href":"https:\/\/med-orto.pl\/index.php?rest_route=\/wp\/v2\/pages"}],"about":[{"href":"https:\/\/med-orto.pl\/index.php?rest_route=\/wp\/v2\/types\/page"}],"author":[{"embeddable":true,"href":"https:\/\/med-orto.pl\/index.php?rest_route=\/wp\/v2\/users\/1"}],"replies":[{"embeddable":true,"href":"https:\/\/med-orto.pl\/index.php?rest_route=%2Fwp%2Fv2%2Fcomments&post=1755"}],"version-history":[{"count":2,"href":"https:\/\/med-orto.pl\/index.php?rest_route=\/wp\/v2\/pages\/1755\/revisions"}],"predecessor-version":[{"id":1807,"href":"https:\/\/med-orto.pl\/index.php?rest_route=\/wp\/v2\/pages\/1755\/revisions\/1807"}],"up":[{"embeddable":true,"href":"https:\/\/med-orto.pl\/index.php?rest_route=\/wp\/v2\/pages\/103"}],"wp:attachment":[{"href":"https:\/\/med-orto.pl\/index.php?rest_route=%2Fwp%2Fv2%2Fmedia&parent=1755"}],"curies":[{"name":"wp","href":"https:\/\/api.w.org\/{rel}","templated":true}]}}