{"id":1719,"date":"2020-07-16T18:29:59","date_gmt":"2020-07-16T16:29:59","guid":{"rendered":"http:\/\/med-orto.pl\/?page_id=1719"},"modified":"2020-07-19T19:57:58","modified_gmt":"2020-07-19T17:57:58","slug":"rozporka-nog-krotka-reha-fund-pp-12","status":"publish","type":"page","link":"https:\/\/med-orto.pl\/?page_id=1719","title":{"rendered":"Rozp\u00f3rka n\u00f3g kr\u00f3tka Reha Fund PP-12"},"content":{"rendered":"\t\t<div data-elementor-type=\"wp-page\" data-elementor-id=\"1719\" class=\"elementor elementor-1719\">\n\t\t\t\t\t\t<section class=\"elementor-section elementor-top-section elementor-element elementor-element-1a0a939d elementor-section-boxed elementor-section-height-default elementor-section-height-default\" data-id=\"1a0a939d\" data-element_type=\"section\">\n\t\t\t\t\t\t<div class=\"elementor-container elementor-column-gap-default\">\n\t\t\t\t\t<div class=\"elementor-column elementor-col-100 elementor-top-column elementor-element elementor-element-4f583611\" data-id=\"4f583611\" data-element_type=\"column\">\n\t\t\t<div class=\"elementor-widget-wrap elementor-element-populated\">\n\t\t\t\t\t\t<div class=\"elementor-element elementor-element-67e8a798 elementor-widget elementor-widget-image\" data-id=\"67e8a798\" data-element_type=\"widget\" data-widget_type=\"image.default\">\n\t\t\t\t<div class=\"elementor-widget-container\">\n\t\t\t\t\t\t\t\t\t\t\t\t\t\t\t\t<a href=\"http:\/\/med-orto.pl\/wp-content\/uploads\/2020\/07\/Rozp\u00f3rka-n\u00f3g-kr\u00f3tka-Reha-Fund-PP-12.jpg\" data-elementor-open-lightbox=\"yes\" data-elementor-lightbox-title=\"Rozp\u00f3rka n\u00f3g kr\u00f3tka Reha Fund PP-12\" data-e-action-hash=\"#elementor-action%3Aaction%3Dlightbox%26settings%3DeyJpZCI6MTc5MSwidXJsIjoiaHR0cHM6XC9cL21lZC1vcnRvLnBsXC93cC1jb250ZW50XC91cGxvYWRzXC8yMDIwXC8wN1wvUm96cFx1MDBmM3JrYS1uXHUwMGYzZy1rclx1MDBmM3RrYS1SZWhhLUZ1bmQtUFAtMTIuanBnIn0%3D\">\n\t\t\t\t\t\t\t<img fetchpriority=\"high\" decoding=\"async\" width=\"300\" height=\"300\" src=\"https:\/\/med-orto.pl\/wp-content\/uploads\/2020\/07\/Rozp\u00f3rka-n\u00f3g-kr\u00f3tka-Reha-Fund-PP-12-300x300.jpg\" class=\"attachment-medium size-medium wp-image-1791\" alt=\"Rozp\u00f3rka n\u00f3g kr\u00f3tka Reha Fund PP-12\" \/>\t\t\t\t\t\t\t\t<\/a>\n\t\t\t\t\t\t\t\t\t\t\t\t\t\t\t<\/div>\n\t\t\t\t<\/div>\n\t\t\t\t\t<\/div>\n\t\t<\/div>\n\t\t\t\t\t<\/div>\n\t\t<\/section>\n\t\t\t\t<section class=\"elementor-section elementor-top-section elementor-element elementor-element-19785929 elementor-section-boxed elementor-section-height-default elementor-section-height-default\" data-id=\"19785929\" data-element_type=\"section\">\n\t\t\t\t\t\t<div class=\"elementor-container elementor-column-gap-default\">\n\t\t\t\t\t<div class=\"elementor-column elementor-col-100 elementor-top-column elementor-element elementor-element-2acb9545\" data-id=\"2acb9545\" data-element_type=\"column\">\n\t\t\t<div class=\"elementor-widget-wrap elementor-element-populated\">\n\t\t\t\t\t\t<div class=\"elementor-element elementor-element-10a417fa elementor-widget elementor-widget-text-editor\" data-id=\"10a417fa\" data-element_type=\"widget\" data-widget_type=\"text-editor.default\">\n\t\t\t\t<div class=\"elementor-widget-container\">\n\t\t\t\t\t\t\t\t\t<p>Przeznaczona dla os\u00f3b wymagaj\u0105cych unieruchomienia i stabilizacji n\u00f3g wzgl\u0119dem siebie i utrzymania ich w pozycji rozchylonej -odwodzenie ko\u0144czyn dolnych po operacji (np. endoproteza stawu biodra)<\/p><p>podtrzymuje nogi w odpowiedniej pozycji nie powoduj\u0105c ucisku<\/p><p>wykonana z pianki poliuretanowej<\/p><p>\u0142agodzi b\u00f3l plec\u00f3w, n\u00f3g, bioder i kolan<\/p><p>wspania\u0142y komfort podczas spania na boku<\/p><p>posiada poszewk\u0119 frotte z pasem zapinanym na\u00a0 rzep<\/p><p>wymiary:<\/p><p>PP-12\/S\u00a0\u00a0 17 x 13 cm<\/p><p>PP-12\/M \u00a024 x 14 cm<\/p><p>PP-12\/L\u00a0\u00a0 26 x 16.5 cm<\/p>\t\t\t\t\t\t\t\t<\/div>\n\t\t\t\t<\/div>\n\t\t\t\t\t<\/div>\n\t\t<\/div>\n\t\t\t\t\t<\/div>\n\t\t<\/section>\n\t\t\t\t<section class=\"elementor-section elementor-top-section elementor-element elementor-element-b3b689e elementor-section-boxed elementor-section-height-default elementor-section-height-default\" data-id=\"b3b689e\" data-element_type=\"section\">\n\t\t\t\t\t\t<div class=\"elementor-container elementor-column-gap-default\">\n\t\t\t\t\t<div class=\"elementor-column elementor-col-100 elementor-top-column elementor-element elementor-element-7c79017b\" data-id=\"7c79017b\" data-element_type=\"column\">\n\t\t\t<div class=\"elementor-widget-wrap elementor-element-populated\">\n\t\t\t\t\t\t<div class=\"elementor-element elementor-element-76e0773f elementor-widget elementor-widget-spacer\" data-id=\"76e0773f\" data-element_type=\"widget\" data-widget_type=\"spacer.default\">\n\t\t\t\t<div class=\"elementor-widget-container\">\n\t\t\t\t\t\t\t<div class=\"elementor-spacer\">\n\t\t\t<div class=\"elementor-spacer-inner\"><\/div>\n\t\t<\/div>\n\t\t\t\t\t\t<\/div>\n\t\t\t\t<\/div>\n\t\t\t\t\t<\/div>\n\t\t<\/div>\n\t\t\t\t\t<\/div>\n\t\t<\/section>\n\t\t\t\t<section class=\"elementor-section elementor-top-section elementor-element elementor-element-10d78916 elementor-section-boxed elementor-section-height-default elementor-section-height-default\" data-id=\"10d78916\" data-element_type=\"section\">\n\t\t\t\t\t\t<div class=\"elementor-container elementor-column-gap-default\">\n\t\t\t\t\t<div class=\"elementor-column elementor-col-100 elementor-top-column elementor-element elementor-element-3d0acad0\" data-id=\"3d0acad0\" data-element_type=\"column\">\n\t\t\t<div class=\"elementor-widget-wrap elementor-element-populated\">\n\t\t\t\t\t\t\t<\/div>\n\t\t<\/div>\n\t\t\t\t\t<\/div>\n\t\t<\/section>\n\t\t\t\t<\/div>\n\t\t","protected":false},"excerpt":{"rendered":"<p>Przeznaczona dla os\u00f3b wymagaj\u0105cych unieruchomienia i stabilizacji n\u00f3g wzgl\u0119dem siebie i utrzymania ich w pozycji rozchylonej -odwodzenie ko\u0144czyn dolnych po operacji (np. endoproteza stawu biodra) podtrzymuje nogi w odpowiedniej pozycji nie powoduj\u0105c ucisku wykonana z pianki poliuretanowej \u0142agodzi b\u00f3l plec\u00f3w, n\u00f3g, bioder i kolan wspania\u0142y komfort podczas spania na boku posiada poszewk\u0119 frotte z pasem zapinanym na\u00a0 rzep wymiary: PP-12\/S\u00a0\u00a0 17 x 13 cm PP-12\/M \u00a024 x 14 cm PP-12\/L\u00a0\u00a0 26 x 16.5 cm<\/p>\n","protected":false},"author":1,"featured_media":0,"parent":103,"menu_order":0,"comment_status":"closed","ping_status":"closed","template":"","meta":{"footnotes":""},"class_list":["post-1719","page","type-page","status-publish","hentry"],"_links":{"self":[{"href":"https:\/\/med-orto.pl\/index.php?rest_route=\/wp\/v2\/pages\/1719","targetHints":{"allow":["GET"]}}],"collection":[{"href":"https:\/\/med-orto.pl\/index.php?rest_route=\/wp\/v2\/pages"}],"about":[{"href":"https:\/\/med-orto.pl\/index.php?rest_route=\/wp\/v2\/types\/page"}],"author":[{"embeddable":true,"href":"https:\/\/med-orto.pl\/index.php?rest_route=\/wp\/v2\/users\/1"}],"replies":[{"embeddable":true,"href":"https:\/\/med-orto.pl\/index.php?rest_route=%2Fwp%2Fv2%2Fcomments&post=1719"}],"version-history":[{"count":2,"href":"https:\/\/med-orto.pl\/index.php?rest_route=\/wp\/v2\/pages\/1719\/revisions"}],"predecessor-version":[{"id":1797,"href":"https:\/\/med-orto.pl\/index.php?rest_route=\/wp\/v2\/pages\/1719\/revisions\/1797"}],"up":[{"embeddable":true,"href":"https:\/\/med-orto.pl\/index.php?rest_route=\/wp\/v2\/pages\/103"}],"wp:attachment":[{"href":"https:\/\/med-orto.pl\/index.php?rest_route=%2Fwp%2Fv2%2Fmedia&parent=1719"}],"curies":[{"name":"wp","href":"https:\/\/api.w.org\/{rel}","templated":true}]}}