{"id":1658,"date":"2020-07-14T21:34:22","date_gmt":"2020-07-14T19:34:22","guid":{"rendered":"http:\/\/med-orto.pl\/?page_id=1658"},"modified":"2020-07-14T21:57:17","modified_gmt":"2020-07-14T19:57:17","slug":"laska-aluminiowa-wzor-skladana","status":"publish","type":"page","link":"https:\/\/med-orto.pl\/?page_id=1658","title":{"rendered":"Laska aluminiowa wz\u00f3r sk\u0142adana"},"content":{"rendered":"\t\t<div data-elementor-type=\"wp-page\" data-elementor-id=\"1658\" class=\"elementor elementor-1658\">\n\t\t\t\t\t\t<section class=\"elementor-section elementor-top-section elementor-element elementor-element-19542323 elementor-section-boxed elementor-section-height-default elementor-section-height-default\" data-id=\"19542323\" data-element_type=\"section\">\n\t\t\t\t\t\t<div class=\"elementor-container elementor-column-gap-default\">\n\t\t\t\t\t<div class=\"elementor-column elementor-col-50 elementor-top-column elementor-element elementor-element-498b33a7\" data-id=\"498b33a7\" data-element_type=\"column\">\n\t\t\t<div class=\"elementor-widget-wrap elementor-element-populated\">\n\t\t\t\t\t\t<div class=\"elementor-element elementor-element-72951836 elementor-widget elementor-widget-image\" data-id=\"72951836\" data-element_type=\"widget\" data-widget_type=\"image.default\">\n\t\t\t\t<div class=\"elementor-widget-container\">\n\t\t\t\t\t\t\t\t\t\t\t\t\t\t\t\t<a href=\"http:\/\/med-orto.pl\/wp-content\/uploads\/2020\/07\/Laska-aluminiowa-wz\u00f3r-sk\u0142adana.jpg\" data-elementor-open-lightbox=\"yes\" data-elementor-lightbox-title=\"Laska aluminiowa wz\u00f3r sk\u0142adana\" data-e-action-hash=\"#elementor-action%3Aaction%3Dlightbox%26settings%3DeyJpZCI6MTY0NiwidXJsIjoiaHR0cHM6XC9cL21lZC1vcnRvLnBsXC93cC1jb250ZW50XC91cGxvYWRzXC8yMDIwXC8wN1wvTGFza2EtYWx1bWluaW93YS13elx1MDBmM3Itc2tcdTAxNDJhZGFuYS5qcGcifQ%3D%3D\">\n\t\t\t\t\t\t\t<img fetchpriority=\"high\" decoding=\"async\" width=\"230\" height=\"300\" src=\"https:\/\/med-orto.pl\/wp-content\/uploads\/2020\/07\/Laska-aluminiowa-wz\u00f3r-sk\u0142adana-230x300.jpg\" class=\"attachment-medium size-medium wp-image-1646\" alt=\"Laska aluminiowa wz\u00f3r sk\u0142adana\" \/>\t\t\t\t\t\t\t\t<\/a>\n\t\t\t\t\t\t\t\t\t\t\t\t\t\t\t<\/div>\n\t\t\t\t<\/div>\n\t\t\t\t\t<\/div>\n\t\t<\/div>\n\t\t\t\t<div class=\"elementor-column elementor-col-50 elementor-top-column elementor-element elementor-element-e5b177b\" data-id=\"e5b177b\" data-element_type=\"column\">\n\t\t\t<div class=\"elementor-widget-wrap elementor-element-populated\">\n\t\t\t\t\t\t<div class=\"elementor-element elementor-element-ee7bfae elementor-widget elementor-widget-image\" data-id=\"ee7bfae\" data-element_type=\"widget\" data-widget_type=\"image.default\">\n\t\t\t\t<div class=\"elementor-widget-container\">\n\t\t\t\t\t\t\t\t\t\t\t\t\t\t\t\t<a href=\"http:\/\/med-orto.pl\/wp-content\/uploads\/2020\/07\/Laska-aluminiowa-wz\u00f3r-sk\u0142adana-4.jpg\" data-elementor-open-lightbox=\"yes\" data-elementor-lightbox-title=\"Laska aluminiowa wz\u00f3r sk\u0142adana 4\" data-e-action-hash=\"#elementor-action%3Aaction%3Dlightbox%26settings%3DeyJpZCI6MTY0NSwidXJsIjoiaHR0cHM6XC9cL21lZC1vcnRvLnBsXC93cC1jb250ZW50XC91cGxvYWRzXC8yMDIwXC8wN1wvTGFza2EtYWx1bWluaW93YS13elx1MDBmM3Itc2tcdTAxNDJhZGFuYS00LmpwZyJ9\">\n\t\t\t\t\t\t\t<img decoding=\"async\" width=\"230\" height=\"300\" src=\"https:\/\/med-orto.pl\/wp-content\/uploads\/2020\/07\/Laska-aluminiowa-wz\u00f3r-sk\u0142adana-4-230x300.jpg\" class=\"attachment-medium size-medium wp-image-1645\" alt=\"Laska aluminiowa wz\u00f3r sk\u0142adana\" \/>\t\t\t\t\t\t\t\t<\/a>\n\t\t\t\t\t\t\t\t\t\t\t\t\t\t\t<\/div>\n\t\t\t\t<\/div>\n\t\t\t\t\t<\/div>\n\t\t<\/div>\n\t\t\t\t\t<\/div>\n\t\t<\/section>\n\t\t\t\t<section class=\"elementor-section elementor-top-section elementor-element elementor-element-b5d971a elementor-section-boxed elementor-section-height-default elementor-section-height-default\" data-id=\"b5d971a\" data-element_type=\"section\">\n\t\t\t\t\t\t<div class=\"elementor-container elementor-column-gap-default\">\n\t\t\t\t\t<div class=\"elementor-column elementor-col-50 elementor-top-column elementor-element elementor-element-bb949a6\" data-id=\"bb949a6\" data-element_type=\"column\">\n\t\t\t<div class=\"elementor-widget-wrap elementor-element-populated\">\n\t\t\t\t\t\t<div class=\"elementor-element elementor-element-624db1e elementor-widget elementor-widget-image\" data-id=\"624db1e\" data-element_type=\"widget\" data-widget_type=\"image.default\">\n\t\t\t\t<div class=\"elementor-widget-container\">\n\t\t\t\t\t\t\t\t\t\t\t\t\t\t\t\t<a href=\"http:\/\/med-orto.pl\/wp-content\/uploads\/2020\/07\/Laska-aluminiowa-wz\u00f3r-sk\u0142adana-3.jpg\" data-elementor-open-lightbox=\"yes\" data-elementor-lightbox-title=\"Laska aluminiowa wz\u00f3r sk\u0142adana 3\" data-e-action-hash=\"#elementor-action%3Aaction%3Dlightbox%26settings%3DeyJpZCI6MTY0NCwidXJsIjoiaHR0cHM6XC9cL21lZC1vcnRvLnBsXC93cC1jb250ZW50XC91cGxvYWRzXC8yMDIwXC8wN1wvTGFza2EtYWx1bWluaW93YS13elx1MDBmM3Itc2tcdTAxNDJhZGFuYS0zLmpwZyJ9\">\n\t\t\t\t\t\t\t<img decoding=\"async\" width=\"230\" height=\"300\" src=\"https:\/\/med-orto.pl\/wp-content\/uploads\/2020\/07\/Laska-aluminiowa-wz\u00f3r-sk\u0142adana-3-230x300.jpg\" class=\"attachment-medium size-medium wp-image-1644\" alt=\"Laska aluminiowa wz\u00f3r sk\u0142adana\" \/>\t\t\t\t\t\t\t\t<\/a>\n\t\t\t\t\t\t\t\t\t\t\t\t\t\t\t<\/div>\n\t\t\t\t<\/div>\n\t\t\t\t\t<\/div>\n\t\t<\/div>\n\t\t\t\t<div class=\"elementor-column elementor-col-50 elementor-top-column elementor-element elementor-element-f7dcf1a\" data-id=\"f7dcf1a\" data-element_type=\"column\">\n\t\t\t<div class=\"elementor-widget-wrap elementor-element-populated\">\n\t\t\t\t\t\t<div class=\"elementor-element elementor-element-4ec6bee elementor-widget elementor-widget-image\" data-id=\"4ec6bee\" data-element_type=\"widget\" data-widget_type=\"image.default\">\n\t\t\t\t<div class=\"elementor-widget-container\">\n\t\t\t\t\t\t\t\t\t\t\t\t\t\t\t<img loading=\"lazy\" decoding=\"async\" width=\"230\" height=\"300\" src=\"https:\/\/med-orto.pl\/wp-content\/uploads\/2020\/07\/Laska-aluminiowa-wz\u00f3r-sk\u0142adana-2-230x300.jpg\" class=\"attachment-medium size-medium wp-image-1643\" alt=\"Laska aluminiowa wz\u00f3r sk\u0142adana\" \/>\t\t\t\t\t\t\t\t\t\t\t\t\t\t\t<\/div>\n\t\t\t\t<\/div>\n\t\t\t\t\t<\/div>\n\t\t<\/div>\n\t\t\t\t\t<\/div>\n\t\t<\/section>\n\t\t\t\t<section class=\"elementor-section elementor-top-section elementor-element elementor-element-41e366de elementor-section-boxed elementor-section-height-default elementor-section-height-default\" data-id=\"41e366de\" data-element_type=\"section\">\n\t\t\t\t\t\t<div class=\"elementor-container elementor-column-gap-default\">\n\t\t\t\t\t<div class=\"elementor-column elementor-col-100 elementor-top-column elementor-element elementor-element-7a56fe14\" data-id=\"7a56fe14\" data-element_type=\"column\">\n\t\t\t<div class=\"elementor-widget-wrap elementor-element-populated\">\n\t\t\t\t\t\t<div class=\"elementor-element elementor-element-2132ae4b elementor-widget elementor-widget-spacer\" data-id=\"2132ae4b\" data-element_type=\"widget\" data-widget_type=\"spacer.default\">\n\t\t\t\t<div class=\"elementor-widget-container\">\n\t\t\t\t\t\t\t<div class=\"elementor-spacer\">\n\t\t\t<div class=\"elementor-spacer-inner\"><\/div>\n\t\t<\/div>\n\t\t\t\t\t\t<\/div>\n\t\t\t\t<\/div>\n\t\t\t\t\t<\/div>\n\t\t<\/div>\n\t\t\t\t\t<\/div>\n\t\t<\/section>\n\t\t\t\t<section class=\"elementor-section elementor-top-section elementor-element elementor-element-413bdb86 elementor-section-boxed elementor-section-height-default elementor-section-height-default\" data-id=\"413bdb86\" data-element_type=\"section\">\n\t\t\t\t\t\t<div class=\"elementor-container elementor-column-gap-default\">\n\t\t\t\t\t<div class=\"elementor-column elementor-col-100 elementor-top-column elementor-element elementor-element-6e294a22\" data-id=\"6e294a22\" data-element_type=\"column\">\n\t\t\t<div class=\"elementor-widget-wrap elementor-element-populated\">\n\t\t\t\t\t\t<div class=\"elementor-element elementor-element-76d699dd elementor-widget elementor-widget-text-editor\" data-id=\"76d699dd\" data-element_type=\"widget\" data-widget_type=\"text-editor.default\">\n\t\t\t\t<div class=\"elementor-widget-container\">\n\t\t\t\t\t\t\t\t\t<h5>Cechy produktu:<\/h5><h5>Laski aluminiowe, sk\u0142adane z regulacj\u0105 wysoko\u015bci za pomoc\u0105 przycisku.<br \/>Wygodny uchwyt typu Derby, oraz szeroki wyb\u00f3r fantazyjnych motyw\u00f3w ozdobnych.<br \/>Sk\u0142adaj\u0105 si\u0119 z czterech segment\u00f3w, zestaw zawiera etui do przechowywania.<br \/><br \/>Obci\u0105\u017cenie do 110kg.<\/h5>\t\t\t\t\t\t\t\t<\/div>\n\t\t\t\t<\/div>\n\t\t\t\t\t<\/div>\n\t\t<\/div>\n\t\t\t\t\t<\/div>\n\t\t<\/section>\n\t\t\t\t<\/div>\n\t\t","protected":false},"excerpt":{"rendered":"<p>Cechy produktu: Laski aluminiowe, sk\u0142adane z regulacj\u0105 wysoko\u015bci za pomoc\u0105 przycisku.Wygodny uchwyt typu Derby, oraz szeroki wyb\u00f3r fantazyjnych motyw\u00f3w ozdobnych.Sk\u0142adaj\u0105 si\u0119 z czterech segment\u00f3w, zestaw zawiera etui do przechowywania. Obci\u0105\u017cenie do 110kg.<\/p>\n","protected":false},"author":1,"featured_media":0,"parent":37,"menu_order":0,"comment_status":"closed","ping_status":"closed","template":"","meta":{"footnotes":""},"class_list":["post-1658","page","type-page","status-publish","hentry"],"_links":{"self":[{"href":"https:\/\/med-orto.pl\/index.php?rest_route=\/wp\/v2\/pages\/1658","targetHints":{"allow":["GET"]}}],"collection":[{"href":"https:\/\/med-orto.pl\/index.php?rest_route=\/wp\/v2\/pages"}],"about":[{"href":"https:\/\/med-orto.pl\/index.php?rest_route=\/wp\/v2\/types\/page"}],"author":[{"embeddable":true,"href":"https:\/\/med-orto.pl\/index.php?rest_route=\/wp\/v2\/users\/1"}],"replies":[{"embeddable":true,"href":"https:\/\/med-orto.pl\/index.php?rest_route=%2Fwp%2Fv2%2Fcomments&post=1658"}],"version-history":[{"count":2,"href":"https:\/\/med-orto.pl\/index.php?rest_route=\/wp\/v2\/pages\/1658\/revisions"}],"predecessor-version":[{"id":1675,"href":"https:\/\/med-orto.pl\/index.php?rest_route=\/wp\/v2\/pages\/1658\/revisions\/1675"}],"up":[{"embeddable":true,"href":"https:\/\/med-orto.pl\/index.php?rest_route=\/wp\/v2\/pages\/37"}],"wp:attachment":[{"href":"https:\/\/med-orto.pl\/index.php?rest_route=%2Fwp%2Fv2%2Fmedia&parent=1658"}],"curies":[{"name":"wp","href":"https:\/\/api.w.org\/{rel}","templated":true}]}}