{"id":1527,"date":"2020-07-04T20:48:42","date_gmt":"2020-07-04T18:48:42","guid":{"rendered":"http:\/\/med-orto.pl\/?page_id=1527"},"modified":"2020-07-04T21:03:07","modified_gmt":"2020-07-04T19:03:07","slug":"proxima-uro-border","status":"publish","type":"page","link":"https:\/\/med-orto.pl\/?page_id=1527","title":{"rendered":"PROXIMA\u00ae Uro Border"},"content":{"rendered":"\t\t<div data-elementor-type=\"wp-page\" data-elementor-id=\"1527\" class=\"elementor elementor-1527\">\n\t\t\t\t\t\t<section class=\"elementor-section elementor-top-section elementor-element elementor-element-90b6540 elementor-section-boxed elementor-section-height-default elementor-section-height-default\" data-id=\"90b6540\" data-element_type=\"section\">\n\t\t\t\t\t\t<div class=\"elementor-container elementor-column-gap-default\">\n\t\t\t\t\t<div class=\"elementor-column elementor-col-100 elementor-top-column elementor-element elementor-element-12525f5f\" data-id=\"12525f5f\" data-element_type=\"column\">\n\t\t\t<div class=\"elementor-widget-wrap elementor-element-populated\">\n\t\t\t\t\t\t<div class=\"elementor-element elementor-element-3978599e elementor-widget elementor-widget-image\" data-id=\"3978599e\" data-element_type=\"widget\" data-widget_type=\"image.default\">\n\t\t\t\t<div class=\"elementor-widget-container\">\n\t\t\t\t\t\t\t\t\t\t\t\t\t\t\t\t<a href=\"http:\/\/med-orto.pl\/wp-content\/uploads\/2020\/07\/PROXIMA\u00ae-Uro-Border.jpg\" data-elementor-open-lightbox=\"yes\" data-elementor-lightbox-title=\"PROXIMA\u00ae Uro Border\" data-e-action-hash=\"#elementor-action%3Aaction%3Dlightbox%26settings%3DeyJpZCI6MTUzMSwidXJsIjoiaHR0cHM6XC9cL21lZC1vcnRvLnBsXC93cC1jb250ZW50XC91cGxvYWRzXC8yMDIwXC8wN1wvUFJPWElNQVx1MDBhZS1Vcm8tQm9yZGVyLmpwZyJ9\">\n\t\t\t\t\t\t\t<img fetchpriority=\"high\" decoding=\"async\" width=\"300\" height=\"300\" src=\"https:\/\/med-orto.pl\/wp-content\/uploads\/2020\/07\/PROXIMA\u00ae-Uro-Border-300x300.jpg\" class=\"attachment-medium size-medium wp-image-1531\" alt=\"PROXIMA\u00ae Uro Border\" \/>\t\t\t\t\t\t\t\t<\/a>\n\t\t\t\t\t\t\t\t\t\t\t\t\t\t\t<\/div>\n\t\t\t\t<\/div>\n\t\t\t\t\t<\/div>\n\t\t<\/div>\n\t\t\t\t\t<\/div>\n\t\t<\/section>\n\t\t\t\t<section class=\"elementor-section elementor-top-section elementor-element elementor-element-9758cf9 elementor-section-boxed elementor-section-height-default elementor-section-height-default\" data-id=\"9758cf9\" data-element_type=\"section\">\n\t\t\t\t\t\t<div class=\"elementor-container elementor-column-gap-default\">\n\t\t\t\t\t<div class=\"elementor-column elementor-col-100 elementor-top-column elementor-element elementor-element-2129f0a0\" data-id=\"2129f0a0\" data-element_type=\"column\">\n\t\t\t<div class=\"elementor-widget-wrap elementor-element-populated\">\n\t\t\t\t\t\t<div class=\"elementor-element elementor-element-158d75bc elementor-widget elementor-widget-text-editor\" data-id=\"158d75bc\" data-element_type=\"widget\" data-widget_type=\"text-editor.default\">\n\t\t\t\t<div class=\"elementor-widget-container\">\n\t\t\t\t\t\t\t\t\t<p>Jednocz\u0119\u015bciowy sprz\u0119t Proxima\u00ae Uro Border przeznaczony jest do zaopatrzenia urostomii.<\/p><p>Jednocz\u0119\u015bciowy sprz\u0119t Proxima\u00ae Uro Border przeznaczony jest do zaopatrzenia urostomii. Worki posiadaj\u0105 hydrokoloidowy przylepiec z\u00a0kryz\u0105 z\u00a0ta\u015bmy akrylowej co gwarantuje natychmiastow\u0105 przylepno\u015b\u0107 i\u00a0poczucie bezpiecze\u0144stwa oraz wyd\u0142u\u017ca okres noszenia worka do 3-5 dni.<br \/>Worki urostomijne Proxima\u00ae Uro Border posiadaj\u0105 kompaktowy kszta\u0142t i\u00a0zoptymalizowan\u0105 pojemno\u015b\u0107 dla wi\u0119kszej dyskrecji. Przezroczysta folia umo\u017cliwia obserwacj\u0119 wydzieliny \u2013 moczu. Mi\u0119kka flizelinowa warstwa ochronna chroni przed odparzeniami oraz zwi\u0119ksza komfort podczas u\u017cywania.<\/p>\t\t\t\t\t\t\t\t<\/div>\n\t\t\t\t<\/div>\n\t\t\t\t\t<\/div>\n\t\t<\/div>\n\t\t\t\t\t<\/div>\n\t\t<\/section>\n\t\t\t\t<section class=\"elementor-section elementor-top-section elementor-element elementor-element-56c27bac elementor-section-boxed elementor-section-height-default elementor-section-height-default\" data-id=\"56c27bac\" data-element_type=\"section\">\n\t\t\t\t\t\t<div class=\"elementor-container elementor-column-gap-default\">\n\t\t\t\t\t<div class=\"elementor-column elementor-col-100 elementor-top-column elementor-element elementor-element-388d7ec1\" data-id=\"388d7ec1\" data-element_type=\"column\">\n\t\t\t<div class=\"elementor-widget-wrap elementor-element-populated\">\n\t\t\t\t\t\t<div class=\"elementor-element elementor-element-41d21835 elementor-widget elementor-widget-spacer\" data-id=\"41d21835\" data-element_type=\"widget\" data-widget_type=\"spacer.default\">\n\t\t\t\t<div class=\"elementor-widget-container\">\n\t\t\t\t\t\t\t<div class=\"elementor-spacer\">\n\t\t\t<div class=\"elementor-spacer-inner\"><\/div>\n\t\t<\/div>\n\t\t\t\t\t\t<\/div>\n\t\t\t\t<\/div>\n\t\t\t\t\t<\/div>\n\t\t<\/div>\n\t\t\t\t\t<\/div>\n\t\t<\/section>\n\t\t\t\t<section class=\"elementor-section elementor-top-section elementor-element elementor-element-3af9f385 elementor-section-boxed elementor-section-height-default elementor-section-height-default\" data-id=\"3af9f385\" data-element_type=\"section\">\n\t\t\t\t\t\t<div class=\"elementor-container elementor-column-gap-default\">\n\t\t\t\t\t<div class=\"elementor-column elementor-col-100 elementor-top-column elementor-element elementor-element-616a737d\" data-id=\"616a737d\" data-element_type=\"column\">\n\t\t\t<div class=\"elementor-widget-wrap elementor-element-populated\">\n\t\t\t\t\t\t\t<\/div>\n\t\t<\/div>\n\t\t\t\t\t<\/div>\n\t\t<\/section>\n\t\t\t\t<\/div>\n\t\t","protected":false},"excerpt":{"rendered":"<p>Jednocz\u0119\u015bciowy sprz\u0119t Proxima\u00ae Uro Border przeznaczony jest do zaopatrzenia urostomii. Jednocz\u0119\u015bciowy sprz\u0119t Proxima\u00ae Uro Border przeznaczony jest do zaopatrzenia urostomii. Worki posiadaj\u0105 hydrokoloidowy przylepiec z\u00a0kryz\u0105 z\u00a0ta\u015bmy akrylowej co gwarantuje natychmiastow\u0105 przylepno\u015b\u0107 i\u00a0poczucie bezpiecze\u0144stwa oraz wyd\u0142u\u017ca okres noszenia worka do 3-5 dni.Worki urostomijne Proxima\u00ae Uro Border posiadaj\u0105 kompaktowy kszta\u0142t i\u00a0zoptymalizowan\u0105 pojemno\u015b\u0107 dla wi\u0119kszej dyskrecji. Przezroczysta folia umo\u017cliwia obserwacj\u0119 wydzieliny \u2013 moczu. Mi\u0119kka flizelinowa warstwa ochronna chroni przed odparzeniami oraz zwi\u0119ksza komfort podczas u\u017cywania.<\/p>\n","protected":false},"author":1,"featured_media":0,"parent":47,"menu_order":0,"comment_status":"closed","ping_status":"closed","template":"","meta":{"footnotes":""},"class_list":["post-1527","page","type-page","status-publish","hentry"],"_links":{"self":[{"href":"https:\/\/med-orto.pl\/index.php?rest_route=\/wp\/v2\/pages\/1527","targetHints":{"allow":["GET"]}}],"collection":[{"href":"https:\/\/med-orto.pl\/index.php?rest_route=\/wp\/v2\/pages"}],"about":[{"href":"https:\/\/med-orto.pl\/index.php?rest_route=\/wp\/v2\/types\/page"}],"author":[{"embeddable":true,"href":"https:\/\/med-orto.pl\/index.php?rest_route=\/wp\/v2\/users\/1"}],"replies":[{"embeddable":true,"href":"https:\/\/med-orto.pl\/index.php?rest_route=%2Fwp%2Fv2%2Fcomments&post=1527"}],"version-history":[{"count":2,"href":"https:\/\/med-orto.pl\/index.php?rest_route=\/wp\/v2\/pages\/1527\/revisions"}],"predecessor-version":[{"id":1536,"href":"https:\/\/med-orto.pl\/index.php?rest_route=\/wp\/v2\/pages\/1527\/revisions\/1536"}],"up":[{"embeddable":true,"href":"https:\/\/med-orto.pl\/index.php?rest_route=\/wp\/v2\/pages\/47"}],"wp:attachment":[{"href":"https:\/\/med-orto.pl\/index.php?rest_route=%2Fwp%2Fv2%2Fmedia&parent=1527"}],"curies":[{"name":"wp","href":"https:\/\/api.w.org\/{rel}","templated":true}]}}