{"id":1343,"date":"2020-06-30T17:12:56","date_gmt":"2020-06-30T15:12:56","guid":{"rendered":"http:\/\/med-orto.pl\/?page_id=1343"},"modified":"2020-07-01T20:23:23","modified_gmt":"2020-07-01T18:23:23","slug":"opatrunek-desaulta-kamizelka-ortopedyczna","status":"publish","type":"page","link":"https:\/\/med-orto.pl\/?page_id=1343","title":{"rendered":"Opatrunek Desaulta \u2013 kamizelka ortopedyczna"},"content":{"rendered":"\t\t<div data-elementor-type=\"wp-page\" data-elementor-id=\"1343\" class=\"elementor elementor-1343\">\n\t\t\t\t\t\t<section class=\"elementor-section elementor-top-section elementor-element elementor-element-1214949a elementor-section-boxed elementor-section-height-default elementor-section-height-default\" data-id=\"1214949a\" data-element_type=\"section\">\n\t\t\t\t\t\t<div class=\"elementor-container elementor-column-gap-default\">\n\t\t\t\t\t<div class=\"elementor-column elementor-col-100 elementor-top-column elementor-element elementor-element-57fb45df\" data-id=\"57fb45df\" data-element_type=\"column\">\n\t\t\t<div class=\"elementor-widget-wrap elementor-element-populated\">\n\t\t\t\t\t\t<div class=\"elementor-element elementor-element-2ab873d3 elementor-widget elementor-widget-image\" data-id=\"2ab873d3\" data-element_type=\"widget\" data-widget_type=\"image.default\">\n\t\t\t\t<div class=\"elementor-widget-container\">\n\t\t\t\t\t\t\t\t\t\t\t\t\t\t\t\t<a href=\"http:\/\/med-orto.pl\/wp-content\/uploads\/2020\/06\/Opatrunek-Desaulta-\u2013-kamizelka-ortopedyczna.jpg\" data-elementor-open-lightbox=\"yes\" data-elementor-lightbox-title=\"Opatrunek Desaulta \u2013 kamizelka ortopedyczna\" data-e-action-hash=\"#elementor-action%3Aaction%3Dlightbox%26settings%3DeyJpZCI6MTM3OSwidXJsIjoiaHR0cHM6XC9cL21lZC1vcnRvLnBsXC93cC1jb250ZW50XC91cGxvYWRzXC8yMDIwXC8wNlwvT3BhdHJ1bmVrLURlc2F1bHRhLVx1MjAxMy1rYW1pemVsa2Etb3J0b3BlZHljem5hLmpwZyJ9\">\n\t\t\t\t\t\t\t<img fetchpriority=\"high\" decoding=\"async\" width=\"223\" height=\"300\" src=\"https:\/\/med-orto.pl\/wp-content\/uploads\/2020\/06\/Opatrunek-Desaulta-\u2013-kamizelka-ortopedyczna-223x300.jpg\" class=\"attachment-medium size-medium wp-image-1379\" alt=\"Opatrunek Desaulta \u2013 kamizelka ortopedyczna\" \/>\t\t\t\t\t\t\t\t<\/a>\n\t\t\t\t\t\t\t\t\t\t\t\t\t\t\t<\/div>\n\t\t\t\t<\/div>\n\t\t\t\t\t<\/div>\n\t\t<\/div>\n\t\t\t\t\t<\/div>\n\t\t<\/section>\n\t\t\t\t<section class=\"elementor-section elementor-top-section elementor-element elementor-element-6f75384a elementor-section-boxed elementor-section-height-default elementor-section-height-default\" data-id=\"6f75384a\" data-element_type=\"section\">\n\t\t\t\t\t\t<div class=\"elementor-container elementor-column-gap-default\">\n\t\t\t\t\t<div class=\"elementor-column elementor-col-100 elementor-top-column elementor-element elementor-element-691b90d1\" data-id=\"691b90d1\" data-element_type=\"column\">\n\t\t\t<div class=\"elementor-widget-wrap elementor-element-populated\">\n\t\t\t\t\t\t<div class=\"elementor-element elementor-element-1f81b020 elementor-widget elementor-widget-text-editor\" data-id=\"1f81b020\" data-element_type=\"widget\" data-widget_type=\"text-editor.default\">\n\t\t\t\t<div class=\"elementor-widget-container\">\n\t\t\t\t\t\t\t\t\t<p><strong>Opatrunek Desaulta<\/strong>, czyli kamizelka ortopedyczna, wspomaga nie tylko leczenie uraz\u00f3w samego barku, ale tak\u017ce uraz\u00f3w obr\u0119czy barkowej, stawu ramiennego i \u0142okciowego. Takie urazy wymagaj\u0105 unieruchomienia ko\u0144czyny w przywiedzeniu. U\u017cycie Opatrunku Desaulta jest tak\u017ce odpowiednie w przypadku wyst\u0105pienia stan\u00f3w zapalnych, zmian zwyrodnieniowych wymagaj\u0105cych odci\u0105\u017cenia ko\u0144czyny g\u00f3rnej czy zwichni\u0119cia stawu barkowo-obojczykowego lub mostkowo-obojczykowego.<\/p>\t\t\t\t\t\t\t\t<\/div>\n\t\t\t\t<\/div>\n\t\t\t\t\t<\/div>\n\t\t<\/div>\n\t\t\t\t\t<\/div>\n\t\t<\/section>\n\t\t\t\t<section class=\"elementor-section elementor-top-section elementor-element elementor-element-2e171477 elementor-section-boxed elementor-section-height-default elementor-section-height-default\" data-id=\"2e171477\" data-element_type=\"section\">\n\t\t\t\t\t\t<div class=\"elementor-container elementor-column-gap-default\">\n\t\t\t\t\t<div class=\"elementor-column elementor-col-100 elementor-top-column elementor-element elementor-element-1ae33a0a\" data-id=\"1ae33a0a\" data-element_type=\"column\">\n\t\t\t<div class=\"elementor-widget-wrap elementor-element-populated\">\n\t\t\t\t\t\t<div class=\"elementor-element elementor-element-33563b64 elementor-widget elementor-widget-spacer\" data-id=\"33563b64\" data-element_type=\"widget\" data-widget_type=\"spacer.default\">\n\t\t\t\t<div class=\"elementor-widget-container\">\n\t\t\t\t\t\t\t<div class=\"elementor-spacer\">\n\t\t\t<div class=\"elementor-spacer-inner\"><\/div>\n\t\t<\/div>\n\t\t\t\t\t\t<\/div>\n\t\t\t\t<\/div>\n\t\t\t\t\t<\/div>\n\t\t<\/div>\n\t\t\t\t\t<\/div>\n\t\t<\/section>\n\t\t\t\t<section class=\"elementor-section elementor-top-section elementor-element elementor-element-1aec6c41 elementor-section-boxed elementor-section-height-default elementor-section-height-default\" data-id=\"1aec6c41\" data-element_type=\"section\">\n\t\t\t\t\t\t<div class=\"elementor-container elementor-column-gap-default\">\n\t\t\t\t\t<div class=\"elementor-column elementor-col-100 elementor-top-column elementor-element elementor-element-7084471c\" data-id=\"7084471c\" data-element_type=\"column\">\n\t\t\t<div class=\"elementor-widget-wrap elementor-element-populated\">\n\t\t\t\t\t\t\t<\/div>\n\t\t<\/div>\n\t\t\t\t\t<\/div>\n\t\t<\/section>\n\t\t\t\t<\/div>\n\t\t","protected":false},"excerpt":{"rendered":"<p>Opatrunek Desaulta, czyli kamizelka ortopedyczna, wspomaga nie tylko leczenie uraz\u00f3w samego barku, ale tak\u017ce uraz\u00f3w obr\u0119czy barkowej, stawu ramiennego i \u0142okciowego. Takie urazy wymagaj\u0105 unieruchomienia ko\u0144czyny w przywiedzeniu. U\u017cycie Opatrunku Desaulta jest tak\u017ce odpowiednie w przypadku wyst\u0105pienia stan\u00f3w zapalnych, zmian zwyrodnieniowych wymagaj\u0105cych odci\u0105\u017cenia ko\u0144czyny g\u00f3rnej czy zwichni\u0119cia stawu barkowo-obojczykowego lub mostkowo-obojczykowego.<\/p>\n","protected":false},"author":1,"featured_media":0,"parent":53,"menu_order":0,"comment_status":"closed","ping_status":"closed","template":"","meta":{"footnotes":""},"class_list":["post-1343","page","type-page","status-publish","hentry"],"_links":{"self":[{"href":"https:\/\/med-orto.pl\/index.php?rest_route=\/wp\/v2\/pages\/1343","targetHints":{"allow":["GET"]}}],"collection":[{"href":"https:\/\/med-orto.pl\/index.php?rest_route=\/wp\/v2\/pages"}],"about":[{"href":"https:\/\/med-orto.pl\/index.php?rest_route=\/wp\/v2\/types\/page"}],"author":[{"embeddable":true,"href":"https:\/\/med-orto.pl\/index.php?rest_route=\/wp\/v2\/users\/1"}],"replies":[{"embeddable":true,"href":"https:\/\/med-orto.pl\/index.php?rest_route=%2Fwp%2Fv2%2Fcomments&post=1343"}],"version-history":[{"count":2,"href":"https:\/\/med-orto.pl\/index.php?rest_route=\/wp\/v2\/pages\/1343\/revisions"}],"predecessor-version":[{"id":1429,"href":"https:\/\/med-orto.pl\/index.php?rest_route=\/wp\/v2\/pages\/1343\/revisions\/1429"}],"up":[{"embeddable":true,"href":"https:\/\/med-orto.pl\/index.php?rest_route=\/wp\/v2\/pages\/53"}],"wp:attachment":[{"href":"https:\/\/med-orto.pl\/index.php?rest_route=%2Fwp%2Fv2%2Fmedia&parent=1343"}],"curies":[{"name":"wp","href":"https:\/\/api.w.org\/{rel}","templated":true}]}}