{"id":1209,"date":"2020-06-29T18:58:20","date_gmt":"2020-06-29T16:58:20","guid":{"rendered":"http:\/\/med-orto.pl\/?page_id=1209"},"modified":"2020-06-29T20:57:22","modified_gmt":"2020-06-29T18:57:22","slug":"regulowany-usztywniacz-kolana-green-z-zawiasami","status":"publish","type":"page","link":"https:\/\/med-orto.pl\/?page_id=1209","title":{"rendered":"Regulowany usztywniacz kolana \u201egreen\u201d z zawiasami"},"content":{"rendered":"\t\t<div data-elementor-type=\"wp-page\" data-elementor-id=\"1209\" class=\"elementor elementor-1209\">\n\t\t\t\t\t\t<section class=\"elementor-section elementor-top-section elementor-element elementor-element-67a8b241 elementor-section-boxed elementor-section-height-default elementor-section-height-default\" data-id=\"67a8b241\" data-element_type=\"section\">\n\t\t\t\t\t\t<div class=\"elementor-container elementor-column-gap-default\">\n\t\t\t\t\t<div class=\"elementor-column elementor-col-100 elementor-top-column elementor-element elementor-element-42bb114e\" data-id=\"42bb114e\" data-element_type=\"column\">\n\t\t\t<div class=\"elementor-widget-wrap elementor-element-populated\">\n\t\t\t\t\t\t<div class=\"elementor-element elementor-element-26fdc69f elementor-widget elementor-widget-image\" data-id=\"26fdc69f\" data-element_type=\"widget\" data-widget_type=\"image.default\">\n\t\t\t\t<div class=\"elementor-widget-container\">\n\t\t\t\t\t\t\t\t\t\t\t\t\t\t\t\t<a href=\"http:\/\/med-orto.pl\/wp-content\/uploads\/2020\/06\/Regulowany-usztywniacz-kolana-\u201egreen\u201d-z-zawiasami.jpg\" data-elementor-open-lightbox=\"yes\" data-elementor-lightbox-title=\"Regulowany usztywniacz kolana \u201egreen\u201d z zawiasami\" data-e-action-hash=\"#elementor-action%3Aaction%3Dlightbox%26settings%3DeyJpZCI6MTI0MCwidXJsIjoiaHR0cHM6XC9cL21lZC1vcnRvLnBsXC93cC1jb250ZW50XC91cGxvYWRzXC8yMDIwXC8wNlwvUmVndWxvd2FueS11c3p0eXduaWFjei1rb2xhbmEtXHUyMDFlZ3JlZW5cdTIwMWQtei16YXdpYXNhbWkuanBnIn0%3D\">\n\t\t\t\t\t\t\t<img fetchpriority=\"high\" decoding=\"async\" width=\"239\" height=\"300\" src=\"https:\/\/med-orto.pl\/wp-content\/uploads\/2020\/06\/Regulowany-usztywniacz-kolana-\u201egreen\u201d-z-zawiasami-239x300.jpg\" class=\"attachment-medium size-medium wp-image-1240\" alt=\"Regulowany usztywniacz kolana \u201egreen\u201d z zawiasami\" \/>\t\t\t\t\t\t\t\t<\/a>\n\t\t\t\t\t\t\t\t\t\t\t\t\t\t\t<\/div>\n\t\t\t\t<\/div>\n\t\t\t\t\t<\/div>\n\t\t<\/div>\n\t\t\t\t\t<\/div>\n\t\t<\/section>\n\t\t\t\t<section class=\"elementor-section elementor-top-section elementor-element elementor-element-1d9d8a06 elementor-section-boxed elementor-section-height-default elementor-section-height-default\" data-id=\"1d9d8a06\" data-element_type=\"section\">\n\t\t\t\t\t\t<div class=\"elementor-container elementor-column-gap-default\">\n\t\t\t\t\t<div class=\"elementor-column elementor-col-100 elementor-top-column elementor-element elementor-element-6799cc88\" data-id=\"6799cc88\" data-element_type=\"column\">\n\t\t\t<div class=\"elementor-widget-wrap elementor-element-populated\">\n\t\t\t\t\t\t<div class=\"elementor-element elementor-element-3812011e elementor-widget elementor-widget-text-editor\" data-id=\"3812011e\" data-element_type=\"widget\" data-widget_type=\"text-editor.default\">\n\t\t\t\t<div class=\"elementor-widget-container\">\n\t\t\t\t\t\t\t\t\t<ul><li>Otwarta, owijana konstrukcja dla \u0142atwiejszego wk\u0142adania\/zdejmowania<\/li><li>Do u\u017cytkowania podczas codziennej aktywno\u015bci, jak i podczas uprawiania sportu<\/li><li>Mi\u0119kka, neoprenowa mieszanka utrzymuje ciep\u0142o, co pomaga w ukojeniu b\u00f3lu<\/li><li>Wewn\u0119trzna pow\u0142oka wykonana z przetworzonych plastikowych butelek<\/li><li>Wbudowane zawiasy zapewniaj\u0105 maksymalne oparcie i ochron\u0119<\/li><\/ul><p>\u00a0<\/p><p><strong>Zastosowanie:<\/strong><br \/>wi\u0119kszo\u015b\u0107 uszkodze\u0144 i kontuzji zwi\u0105zanych z ACL, PCL, MCL, LCL<br \/>do u\u017cytkowania podczas codziennej aktywno\u015bci, jak i podczas uprawiania sportu<br \/>umiarkowane zmiany zwyrodnieniowe stawu kolanowego<\/p>\t\t\t\t\t\t\t\t<\/div>\n\t\t\t\t<\/div>\n\t\t\t\t\t<\/div>\n\t\t<\/div>\n\t\t\t\t\t<\/div>\n\t\t<\/section>\n\t\t\t\t<section class=\"elementor-section elementor-top-section elementor-element elementor-element-6f80af79 elementor-section-boxed elementor-section-height-default elementor-section-height-default\" data-id=\"6f80af79\" data-element_type=\"section\">\n\t\t\t\t\t\t<div class=\"elementor-container elementor-column-gap-default\">\n\t\t\t\t\t<div class=\"elementor-column elementor-col-100 elementor-top-column elementor-element elementor-element-190a1940\" data-id=\"190a1940\" data-element_type=\"column\">\n\t\t\t<div class=\"elementor-widget-wrap elementor-element-populated\">\n\t\t\t\t\t\t<div class=\"elementor-element elementor-element-388927ad elementor-widget elementor-widget-spacer\" data-id=\"388927ad\" data-element_type=\"widget\" data-widget_type=\"spacer.default\">\n\t\t\t\t<div class=\"elementor-widget-container\">\n\t\t\t\t\t\t\t<div class=\"elementor-spacer\">\n\t\t\t<div class=\"elementor-spacer-inner\"><\/div>\n\t\t<\/div>\n\t\t\t\t\t\t<\/div>\n\t\t\t\t<\/div>\n\t\t\t\t\t<\/div>\n\t\t<\/div>\n\t\t\t\t\t<\/div>\n\t\t<\/section>\n\t\t\t\t<section class=\"elementor-section elementor-top-section elementor-element elementor-element-7495d8d elementor-section-boxed elementor-section-height-default elementor-section-height-default\" data-id=\"7495d8d\" data-element_type=\"section\">\n\t\t\t\t\t\t<div class=\"elementor-container elementor-column-gap-default\">\n\t\t\t\t\t<div class=\"elementor-column elementor-col-100 elementor-top-column elementor-element elementor-element-3c2fdc19\" data-id=\"3c2fdc19\" data-element_type=\"column\">\n\t\t\t<div class=\"elementor-widget-wrap elementor-element-populated\">\n\t\t\t\t\t\t\t<\/div>\n\t\t<\/div>\n\t\t\t\t\t<\/div>\n\t\t<\/section>\n\t\t\t\t<\/div>\n\t\t","protected":false},"excerpt":{"rendered":"<p>Otwarta, owijana konstrukcja dla \u0142atwiejszego wk\u0142adania\/zdejmowania Do u\u017cytkowania podczas codziennej aktywno\u015bci, jak i podczas uprawiania sportu Mi\u0119kka, neoprenowa mieszanka utrzymuje ciep\u0142o, co pomaga w ukojeniu b\u00f3lu Wewn\u0119trzna pow\u0142oka wykonana z przetworzonych plastikowych butelek Wbudowane zawiasy zapewniaj\u0105 maksymalne oparcie i ochron\u0119 \u00a0 Zastosowanie:wi\u0119kszo\u015b\u0107 uszkodze\u0144 i kontuzji zwi\u0105zanych z ACL, PCL, MCL, LCLdo u\u017cytkowania podczas codziennej aktywno\u015bci, jak i podczas uprawiania sportuumiarkowane zmiany zwyrodnieniowe stawu kolanowego<\/p>\n","protected":false},"author":1,"featured_media":0,"parent":55,"menu_order":0,"comment_status":"closed","ping_status":"closed","template":"","meta":{"footnotes":""},"class_list":["post-1209","page","type-page","status-publish","hentry"],"_links":{"self":[{"href":"https:\/\/med-orto.pl\/index.php?rest_route=\/wp\/v2\/pages\/1209","targetHints":{"allow":["GET"]}}],"collection":[{"href":"https:\/\/med-orto.pl\/index.php?rest_route=\/wp\/v2\/pages"}],"about":[{"href":"https:\/\/med-orto.pl\/index.php?rest_route=\/wp\/v2\/types\/page"}],"author":[{"embeddable":true,"href":"https:\/\/med-orto.pl\/index.php?rest_route=\/wp\/v2\/users\/1"}],"replies":[{"embeddable":true,"href":"https:\/\/med-orto.pl\/index.php?rest_route=%2Fwp%2Fv2%2Fcomments&post=1209"}],"version-history":[{"count":2,"href":"https:\/\/med-orto.pl\/index.php?rest_route=\/wp\/v2\/pages\/1209\/revisions"}],"predecessor-version":[{"id":1288,"href":"https:\/\/med-orto.pl\/index.php?rest_route=\/wp\/v2\/pages\/1209\/revisions\/1288"}],"up":[{"embeddable":true,"href":"https:\/\/med-orto.pl\/index.php?rest_route=\/wp\/v2\/pages\/55"}],"wp:attachment":[{"href":"https:\/\/med-orto.pl\/index.php?rest_route=%2Fwp%2Fv2%2Fmedia&parent=1209"}],"curies":[{"name":"wp","href":"https:\/\/api.w.org\/{rel}","templated":true}]}}