{"id":1189,"date":"2020-06-29T18:47:03","date_gmt":"2020-06-29T16:47:03","guid":{"rendered":"http:\/\/med-orto.pl\/?page_id=1189"},"modified":"2020-06-29T20:43:30","modified_gmt":"2020-06-29T18:43:30","slug":"2022-elastyczny-stabilizator-stawu-kolanowego","status":"publish","type":"page","link":"https:\/\/med-orto.pl\/?page_id=1189","title":{"rendered":"2022 elastyczny stabilizator stawu kolanowego"},"content":{"rendered":"\t\t<div data-elementor-type=\"wp-page\" data-elementor-id=\"1189\" class=\"elementor elementor-1189\">\n\t\t\t\t\t\t<section class=\"elementor-section elementor-top-section elementor-element elementor-element-3495fcb4 elementor-section-boxed elementor-section-height-default elementor-section-height-default\" data-id=\"3495fcb4\" data-element_type=\"section\">\n\t\t\t\t\t\t<div class=\"elementor-container elementor-column-gap-default\">\n\t\t\t\t\t<div class=\"elementor-column elementor-col-100 elementor-top-column elementor-element elementor-element-413f01eb\" data-id=\"413f01eb\" data-element_type=\"column\">\n\t\t\t<div class=\"elementor-widget-wrap elementor-element-populated\">\n\t\t\t\t\t\t<div class=\"elementor-element elementor-element-7dbe6636 elementor-widget elementor-widget-image\" data-id=\"7dbe6636\" data-element_type=\"widget\" data-widget_type=\"image.default\">\n\t\t\t\t<div class=\"elementor-widget-container\">\n\t\t\t\t\t\t\t\t\t\t\t\t\t\t\t\t<a href=\"http:\/\/med-orto.pl\/wp-content\/uploads\/2020\/06\/2022-elastyczny-stabilizator-stawu-kolanowego.jpg\" data-elementor-open-lightbox=\"yes\" data-elementor-lightbox-title=\"2022 elastyczny stabilizator stawu kolanowego\" data-e-action-hash=\"#elementor-action%3Aaction%3Dlightbox%26settings%3DeyJpZCI6MTIzMSwidXJsIjoiaHR0cHM6XC9cL21lZC1vcnRvLnBsXC93cC1jb250ZW50XC91cGxvYWRzXC8yMDIwXC8wNlwvMjAyMi1lbGFzdHljem55LXN0YWJpbGl6YXRvci1zdGF3dS1rb2xhbm93ZWdvLmpwZyJ9\">\n\t\t\t\t\t\t\t<img fetchpriority=\"high\" decoding=\"async\" width=\"256\" height=\"300\" src=\"https:\/\/med-orto.pl\/wp-content\/uploads\/2020\/06\/2022-elastyczny-stabilizator-stawu-kolanowego-256x300.jpg\" class=\"attachment-medium size-medium wp-image-1231\" alt=\"2022 elastyczny stabilizator stawu kolanowego\" \/>\t\t\t\t\t\t\t\t<\/a>\n\t\t\t\t\t\t\t\t\t\t\t\t\t\t\t<\/div>\n\t\t\t\t<\/div>\n\t\t\t\t\t<\/div>\n\t\t<\/div>\n\t\t\t\t\t<\/div>\n\t\t<\/section>\n\t\t\t\t<section class=\"elementor-section elementor-top-section elementor-element elementor-element-3698db4a elementor-section-boxed elementor-section-height-default elementor-section-height-default\" data-id=\"3698db4a\" data-element_type=\"section\">\n\t\t\t\t\t\t<div class=\"elementor-container elementor-column-gap-default\">\n\t\t\t\t\t<div class=\"elementor-column elementor-col-100 elementor-top-column elementor-element elementor-element-30dd75f9\" data-id=\"30dd75f9\" data-element_type=\"column\">\n\t\t\t<div class=\"elementor-widget-wrap elementor-element-populated\">\n\t\t\t\t\t\t<div class=\"elementor-element elementor-element-a0e8425 elementor-widget elementor-widget-text-editor\" data-id=\"a0e8425\" data-element_type=\"widget\" data-widget_type=\"text-editor.default\">\n\t\t\t\t<div class=\"elementor-widget-container\">\n\t\t\t\t\t\t\t\t\t<p><strong>2022 Elastyczny stabilizator stawu kolanowego.<\/strong>\u00a0Stabilizator wykonany jest z rozci\u0105gliwego w 4 strony spandexu z bawe\u0142nian\u0105 wy\u015bci\u00f3\u0142k\u0105. Stabilizator wzmacnia staw kolanowy, dzia\u0142a profilaktycznie chroni\u0105c go przed urazami, szczeg\u00f3lnie gdy staw jest os\u0142abiony, w przypadku chor\u00f3b reumatycznych i zwyrodnieniowych.\u00a0<\/p><p><strong>Numer katalogowy:<\/strong>\u00a02022.\u00a0<\/p><p><strong>Rozmiar<\/strong>\u00a0(obw\u00f3d wok\u00f3\u0142 stawu kolanowego w pozycji stoj\u0105cej):<\/p><ul><li><strong>S<\/strong>28,6cm &#8211; 33,7cm;<\/li><li><strong>M<\/strong>34,3cm &#8211; 40,6cm;<\/li><li><strong>L<\/strong>41,3cm &#8211; 47,6cm;<\/li><li><strong>XL<\/strong>48,3cm &#8211; 52,2cm.<\/li><\/ul>\t\t\t\t\t\t\t\t<\/div>\n\t\t\t\t<\/div>\n\t\t\t\t\t<\/div>\n\t\t<\/div>\n\t\t\t\t\t<\/div>\n\t\t<\/section>\n\t\t\t\t<section class=\"elementor-section elementor-top-section elementor-element elementor-element-9b652c5 elementor-section-boxed elementor-section-height-default elementor-section-height-default\" data-id=\"9b652c5\" data-element_type=\"section\">\n\t\t\t\t\t\t<div class=\"elementor-container elementor-column-gap-default\">\n\t\t\t\t\t<div class=\"elementor-column elementor-col-100 elementor-top-column elementor-element elementor-element-5e38883b\" data-id=\"5e38883b\" data-element_type=\"column\">\n\t\t\t<div class=\"elementor-widget-wrap elementor-element-populated\">\n\t\t\t\t\t\t<div class=\"elementor-element elementor-element-7396aa6c elementor-widget elementor-widget-spacer\" data-id=\"7396aa6c\" data-element_type=\"widget\" data-widget_type=\"spacer.default\">\n\t\t\t\t<div class=\"elementor-widget-container\">\n\t\t\t\t\t\t\t<div class=\"elementor-spacer\">\n\t\t\t<div class=\"elementor-spacer-inner\"><\/div>\n\t\t<\/div>\n\t\t\t\t\t\t<\/div>\n\t\t\t\t<\/div>\n\t\t\t\t\t<\/div>\n\t\t<\/div>\n\t\t\t\t\t<\/div>\n\t\t<\/section>\n\t\t\t\t<section class=\"elementor-section elementor-top-section elementor-element elementor-element-5bd424cb elementor-section-boxed elementor-section-height-default elementor-section-height-default\" data-id=\"5bd424cb\" data-element_type=\"section\">\n\t\t\t\t\t\t<div class=\"elementor-container elementor-column-gap-default\">\n\t\t\t\t\t<div class=\"elementor-column elementor-col-100 elementor-top-column elementor-element elementor-element-4a86a905\" data-id=\"4a86a905\" data-element_type=\"column\">\n\t\t\t<div class=\"elementor-widget-wrap elementor-element-populated\">\n\t\t\t\t\t\t\t<\/div>\n\t\t<\/div>\n\t\t\t\t\t<\/div>\n\t\t<\/section>\n\t\t\t\t<\/div>\n\t\t","protected":false},"excerpt":{"rendered":"<p>2022 Elastyczny stabilizator stawu kolanowego.\u00a0Stabilizator wykonany jest z rozci\u0105gliwego w 4 strony spandexu z bawe\u0142nian\u0105 wy\u015bci\u00f3\u0142k\u0105. Stabilizator wzmacnia staw kolanowy, dzia\u0142a profilaktycznie chroni\u0105c go przed urazami, szczeg\u00f3lnie gdy staw jest os\u0142abiony, w przypadku chor\u00f3b reumatycznych i zwyrodnieniowych.\u00a0 Numer katalogowy:\u00a02022.\u00a0 Rozmiar\u00a0(obw\u00f3d wok\u00f3\u0142 stawu kolanowego w pozycji stoj\u0105cej): S28,6cm &#8211; 33,7cm; M34,3cm &#8211; 40,6cm; L41,3cm &#8211; 47,6cm; XL48,3cm &#8211; 52,2cm.<\/p>\n","protected":false},"author":1,"featured_media":0,"parent":55,"menu_order":0,"comment_status":"closed","ping_status":"closed","template":"","meta":{"footnotes":""},"class_list":["post-1189","page","type-page","status-publish","hentry"],"_links":{"self":[{"href":"https:\/\/med-orto.pl\/index.php?rest_route=\/wp\/v2\/pages\/1189","targetHints":{"allow":["GET"]}}],"collection":[{"href":"https:\/\/med-orto.pl\/index.php?rest_route=\/wp\/v2\/pages"}],"about":[{"href":"https:\/\/med-orto.pl\/index.php?rest_route=\/wp\/v2\/types\/page"}],"author":[{"embeddable":true,"href":"https:\/\/med-orto.pl\/index.php?rest_route=\/wp\/v2\/users\/1"}],"replies":[{"embeddable":true,"href":"https:\/\/med-orto.pl\/index.php?rest_route=%2Fwp%2Fv2%2Fcomments&post=1189"}],"version-history":[{"count":2,"href":"https:\/\/med-orto.pl\/index.php?rest_route=\/wp\/v2\/pages\/1189\/revisions"}],"predecessor-version":[{"id":1276,"href":"https:\/\/med-orto.pl\/index.php?rest_route=\/wp\/v2\/pages\/1189\/revisions\/1276"}],"up":[{"embeddable":true,"href":"https:\/\/med-orto.pl\/index.php?rest_route=\/wp\/v2\/pages\/55"}],"wp:attachment":[{"href":"https:\/\/med-orto.pl\/index.php?rest_route=%2Fwp%2Fv2%2Fmedia&parent=1189"}],"curies":[{"name":"wp","href":"https:\/\/api.w.org\/{rel}","templated":true}]}}